{"id":106,"date":"2022-10-21T12:31:58","date_gmt":"2022-10-21T15:31:58","guid":{"rendered":"http:\/\/172.16.100.131\/posgrado\/?page_id=106"},"modified":"2026-04-23T09:17:26","modified_gmt":"2026-04-23T12:17:26","slug":"elementor-106","status":"publish","type":"page","link":"https:\/\/www.fceqyn.unam.edu.ar\/posgrado\/?page_id=106","title":{"rendered":"Consejo Asesor de Posgrado"},"content":{"rendered":"\t\t<div data-elementor-type=\"wp-page\" data-elementor-id=\"106\" class=\"elementor elementor-106\">\n\t\t\t\t\t\t\t\t\t<section class=\"elementor-section elementor-top-section elementor-element elementor-element-3686ac1b elementor-section-content-middle elementor-section-boxed elementor-section-height-default elementor-section-height-default\" data-id=\"3686ac1b\" data-element_type=\"section\">\n\t\t\t\t\t\t<div class=\"elementor-container elementor-column-gap-no\">\n\t\t\t\t\t<div class=\"elementor-column elementor-col-100 elementor-top-column elementor-element elementor-element-4edc1eb\" data-id=\"4edc1eb\" data-element_type=\"column\">\n\t\t\t<div class=\"elementor-widget-wrap elementor-element-populated\">\n\t\t\t\t\t\t\t\t<div class=\"elementor-element elementor-element-f8ca02d elementor-widget elementor-widget-accordion\" data-id=\"f8ca02d\" data-element_type=\"widget\" data-widget_type=\"accordion.default\">\n\t\t\t\t<div class=\"elementor-widget-container\">\n\t\t\t<style>.elementor-accordion{text-align:left}.elementor-accordion .elementor-accordion-item{border:1px solid #d4d4d4}.elementor-accordion .elementor-accordion-item+.elementor-accordion-item{border-top:none}.elementor-accordion .elementor-tab-title{margin:0;padding:15px 20px;font-weight:700;line-height:1;cursor:pointer;outline:none}.elementor-accordion .elementor-tab-title .elementor-accordion-icon{display:inline-block;width:1.5em}.elementor-accordion .elementor-tab-title .elementor-accordion-icon svg{width:1em;height:1em}.elementor-accordion .elementor-tab-title .elementor-accordion-icon.elementor-accordion-icon-right{float:right;text-align:right}.elementor-accordion .elementor-tab-title .elementor-accordion-icon.elementor-accordion-icon-left{float:left;text-align:left}.elementor-accordion .elementor-tab-title .elementor-accordion-icon .elementor-accordion-icon-closed{display:block}.elementor-accordion .elementor-tab-title .elementor-accordion-icon .elementor-accordion-icon-opened,.elementor-accordion .elementor-tab-title.elementor-active .elementor-accordion-icon-closed{display:none}.elementor-accordion .elementor-tab-title.elementor-active .elementor-accordion-icon-opened{display:block}.elementor-accordion .elementor-tab-content{display:none;padding:15px 20px;border-top:1px solid #d4d4d4}@media (max-width:360px){.elementor-accordion .elementor-tab-title{padding:12px 15px}.elementor-accordion .elementor-tab-title .elementor-accordion-icon{width:1.2em}.elementor-accordion .elementor-tab-content{padding:7px 15px}}.e-con-inner>.elementor-widget-accordion,.e-con>.elementor-widget-accordion{width:var(--container-widget-width,100%)}<\/style>\t\t<div class=\"elementor-accordion\" role=\"tablist\">\n\t\t\t\t\t\t\t<div class=\"elementor-accordion-item\">\n\t\t\t\t\t<div id=\"elementor-tab-title-2601\" class=\"elementor-tab-title\" data-tab=\"1\" role=\"tab\" aria-controls=\"elementor-tab-content-2601\" aria-expanded=\"false\">\n\t\t\t\t\t\t\t\t\t\t\t\t\t<span class=\"elementor-accordion-icon elementor-accordion-icon-left\" aria-hidden=\"true\">\n\t\t\t\t\t\t\t\t\t\t\t\t\t\t\t<span class=\"elementor-accordion-icon-closed\"><i class=\"fas fa-plus\"><\/i><\/span>\n\t\t\t\t\t\t\t\t<span class=\"elementor-accordion-icon-opened\"><i class=\"fas fa-minus\"><\/i><\/span>\n\t\t\t\t\t\t\t\t\t\t\t\t\t\t<\/span>\n\t\t\t\t\t\t\t\t\t\t\t\t<a class=\"elementor-accordion-title\" href=\"\">I. Carreras de Doctorado<\/a>\n\t\t\t\t\t<\/div>\n\t\t\t\t\t<div id=\"elementor-tab-content-2601\" class=\"elementor-tab-content elementor-clearfix\" data-tab=\"1\" role=\"tabpanel\" aria-labelledby=\"elementor-tab-title-2601\"><p><strong>1. Doctorado en Ciencias Aplicadas<\/strong><\/p><p>Titular: Dra. Alicia Esther ARES | <a href=\"mailto:aares@fceqyn.unam.edu.ar\">aares@fceqyn.unam.edu.ar<\/a> \/ <a href=\"mailto:a.e.ares@gmail.com\">a.e.ares@gmail.com<\/a><\/p><p>Suplente: Dr. Mario ROSENBERGER | <a href=\"mailto:rrmario@fceqyn.unam.edu.ar\">rrmario@fceqyn.unam.edu.ar<\/a><\/p><p><strong>2. Doctorado en Farmacia<\/strong><\/p><p>Titular: Dr. Carlos ALTAMIRANO | <a href=\"mailto:cgaltamirano@fceqyn.unam.edu.ar\">cgaltamirano@fceqyn.unam.edu.ar<\/a><\/p><p>Suplente: Dra. Lorena Castrillo. | <a href=\"mailto:lorenacastrillo@fceqyn.unam.edu.ar\">lorenacastrillo@fceqyn.unam.edu.ar<\/a><\/p><p><strong>3. Doctorado en Inform\u00e1tica (incluye Maestr\u00eda y Especializaci\u00f3n en TIC)<\/strong><\/p><p>Titular: Dr. Eduardo ZAMUDIO | <a href=\"mailto:eduardozamudio@fceqyn.unam.edu.ar\">eduardozamudio@fceqyn.unam.edu.ar<\/a><\/p><p>Suplente: Mgter. Mar\u00eda Silvia VERA LACEIRAS\u00a0 | <a href=\"mailto:vlhsilvia@gmail.com\">vlhsilvia@gmail.com<\/a><\/p><\/div>\n\t\t\t\t<\/div>\n\t\t\t\t\t\t\t<div class=\"elementor-accordion-item\">\n\t\t\t\t\t<div id=\"elementor-tab-title-2602\" class=\"elementor-tab-title\" data-tab=\"2\" role=\"tab\" aria-controls=\"elementor-tab-content-2602\" aria-expanded=\"false\">\n\t\t\t\t\t\t\t\t\t\t\t\t\t<span class=\"elementor-accordion-icon elementor-accordion-icon-left\" aria-hidden=\"true\">\n\t\t\t\t\t\t\t\t\t\t\t\t\t\t\t<span class=\"elementor-accordion-icon-closed\"><i class=\"fas fa-plus\"><\/i><\/span>\n\t\t\t\t\t\t\t\t<span class=\"elementor-accordion-icon-opened\"><i class=\"fas fa-minus\"><\/i><\/span>\n\t\t\t\t\t\t\t\t\t\t\t\t\t\t<\/span>\n\t\t\t\t\t\t\t\t\t\t\t\t<a class=\"elementor-accordion-title\" href=\"\">II. Carreras de Maestr\u00eda<\/a>\n\t\t\t\t\t<\/div>\n\t\t\t\t\t<div id=\"elementor-tab-content-2602\" class=\"elementor-tab-content elementor-clearfix\" data-tab=\"2\" role=\"tabpanel\" aria-labelledby=\"elementor-tab-title-2602\"><p><strong>4. Maestr\u00eda en Tecnolog\u00eda de los Alimentos<\/strong><\/p><p>Titular: Dra. Liliana Soledad CELAYA | <a href=\"mailto:lilianacelaya@fceqyn.unam.edu.ar\">lilianacelaya@fceqyn.unam.edu.ar<\/a><\/p><p>Suplente: Dra. Marta Aurelia HORIANSKI\u00a0 | <a href=\"mailto:mhorianski@fceqyn.unam.edu.ar\">mhorianski@fceqyn.unam.edu.ar<\/a><\/p><p><strong>5. Maestr\u00eda en Salud P\u00fablica y Enfermedades Transmisibles<\/strong><\/p><p>Titular: Gustavo Alfredo SILVA | <a href=\"mailto:gsilva@fceqyn.unam.edu.ar\">gsilva@fceqyn.unam.edu.ar<\/a><\/p><p>Suplente: Enrique Jorge DESCHUTTER\u00a0 | <a href=\"mailto:jorge.deschutter@fceqyn.unam.edu.ar\">jorge.deschutter@fceqyn.unam.edu.ar<\/a><\/p><p><strong>6. Maestr\u00eda en Ciencia y Tecnolog\u00eda de los Materiales Fibrosos<\/strong><\/p><p>Titular: Dra. Mar\u00eda Evangelina VALLEJOS | <a href=\"mailto:mariaxvallejos@gmail.com\">mariaxvallejos@gmail.com<\/a><\/p><p>Suplente: Dra. Julieta Beatriz BENITEZ | <a href=\"mailto:julietabenitez@fceqyn.unam.edu.ar\">julietabenitez@fceqyn.unam.edu.ar<\/a><\/p><p><strong>7. Maestr\u00eda en Gesti\u00f3n Ambiental<\/strong><\/p><p>Titular: Dra. Graciela Beatriz GAVAZZO | <a href=\"mailto:graciela@fceqyn.unam.edu.ar\">graciela@fceqyn.unam.edu.ar<\/a><\/p><p>Suplente: Dra. Mar\u00eda Laura Vera | <a href=\"mailto:veramalau@gmail.com\">veramalau@gmail.com<\/a><\/p><\/div>\n\t\t\t\t<\/div>\n\t\t\t\t\t\t\t<div class=\"elementor-accordion-item\">\n\t\t\t\t\t<div id=\"elementor-tab-title-2603\" class=\"elementor-tab-title\" data-tab=\"3\" role=\"tab\" aria-controls=\"elementor-tab-content-2603\" aria-expanded=\"false\">\n\t\t\t\t\t\t\t\t\t\t\t\t\t<span class=\"elementor-accordion-icon elementor-accordion-icon-left\" aria-hidden=\"true\">\n\t\t\t\t\t\t\t\t\t\t\t\t\t\t\t<span class=\"elementor-accordion-icon-closed\"><i class=\"fas fa-plus\"><\/i><\/span>\n\t\t\t\t\t\t\t\t<span class=\"elementor-accordion-icon-opened\"><i class=\"fas fa-minus\"><\/i><\/span>\n\t\t\t\t\t\t\t\t\t\t\t\t\t\t<\/span>\n\t\t\t\t\t\t\t\t\t\t\t\t<a class=\"elementor-accordion-title\" href=\"\">III. Carreras de Especializaci\u00f3n y Especialidad<\/a>\n\t\t\t\t\t<\/div>\n\t\t\t\t\t<div id=\"elementor-tab-content-2603\" class=\"elementor-tab-content elementor-clearfix\" data-tab=\"3\" role=\"tabpanel\" aria-labelledby=\"elementor-tab-title-2603\"><p><strong>8. Especialidad Bioqu\u00edmica Cl\u00ednica \u00c1rea Endocrinolog\u00eda<\/strong><\/p><p>Titular: Dr. Cristian Alberto FERRI | <a href=\"mailto:cristianferri@fceqyn.unam.edu.ar\">cristianferri@fceqyn.unam.edu.ar<\/a><\/p><p>Suplente: Esp. Mar\u00eda Mercedes FORMICHELA | <a href=\"mailto:mercedesformichela@fceqyn.unam.edu.ar\">mercedesformichela@fceqyn.unam.edu.ar<\/a><\/p><p><strong>9. Especializaci\u00f3n en Investigaci\u00f3n Educativa<\/strong><\/p><p>Titular: Mgter. Claudia Dolores LAGRA\u00d1A | <a href=\"mailto:claudialagrana@fceqyn.unam.edu.ar\">claudialagrana@fceqyn.unam.edu.ar<\/a>\u00a0<\/p><p>Suplente: Dra. Margarita del Carmen BEN\u00cdTEZ\u00a0 | <a href=\"mailto:mbenitez@fceqyn.unam.edu.ar\">mbenitez@fceqyn.unam.edu.ar<\/a>\u00a0<\/p><p><strong>10. Especializaci\u00f3n en Promoci\u00f3n de Salud Integrativa<\/strong><\/p><p>Titular: Dra. Nora JACQUIER | <a href=\"mailto:norajacquier@gmail.com\">norajacquier@gmail.com<\/a><\/p><p>Suplente: Esp. Liliana Elizabeth WOLHEIN | <a href=\"mailto:wolheinlili@gmail.com\">wolheinlili@gmail.com<\/a><\/p><\/div>\n\t\t\t\t<\/div>\n\t\t\t\t\t\t\t\t<\/div>\n\t\t\t\t<\/div>\n\t\t\t\t<\/div>\n\t\t\t\t<div class=\"elementor-element elementor-element-691b2ee elementor-widget elementor-widget-text-editor\" data-id=\"691b2ee\" data-element_type=\"widget\" data-widget_type=\"text-editor.default\">\n\t\t\t\t<div class=\"elementor-widget-container\">\n\t\t\t<style>\/*! elementor - v3.8.1 - 13-11-2022 *\/\n.elementor-widget-text-editor.elementor-drop-cap-view-stacked .elementor-drop-cap{background-color:#818a91;color:#fff}.elementor-widget-text-editor.elementor-drop-cap-view-framed .elementor-drop-cap{color:#818a91;border:3px solid;background-color:transparent}.elementor-widget-text-editor:not(.elementor-drop-cap-view-default) .elementor-drop-cap{margin-top:8px}.elementor-widget-text-editor:not(.elementor-drop-cap-view-default) .elementor-drop-cap-letter{width:1em;height:1em}.elementor-widget-text-editor .elementor-drop-cap{float:left;text-align:center;line-height:1;font-size:50px}.elementor-widget-text-editor .elementor-drop-cap-letter{display:inline-block}<\/style>\t\t\t\t\t\t\t\t\t\t<\/div>\n\t\t\t\t<\/div>\n\t\t\t\t<div class=\"elementor-element elementor-element-6c76404 elementor-widget-divider--view-line elementor-widget elementor-widget-divider\" data-id=\"6c76404\" data-element_type=\"widget\" data-widget_type=\"divider.default\">\n\t\t\t\t<div class=\"elementor-widget-container\">\n\t\t\t<style>\/*! elementor - v3.8.1 - 13-11-2022 *\/\n.elementor-widget-divider{--divider-border-style:none;--divider-border-width:1px;--divider-color:#2c2c2c;--divider-icon-size:20px;--divider-element-spacing:10px;--divider-pattern-height:24px;--divider-pattern-size:20px;--divider-pattern-url:none;--divider-pattern-repeat:repeat-x}.elementor-widget-divider .elementor-divider{display:-webkit-box;display:-ms-flexbox;display:flex}.elementor-widget-divider .elementor-divider__text{font-size:15px;line-height:1;max-width:95%}.elementor-widget-divider .elementor-divider__element{margin:0 var(--divider-element-spacing);-ms-flex-negative:0;flex-shrink:0}.elementor-widget-divider .elementor-icon{font-size:var(--divider-icon-size)}.elementor-widget-divider .elementor-divider-separator{display:-webkit-box;display:-ms-flexbox;display:flex;margin:0;direction:ltr}.elementor-widget-divider--view-line_icon .elementor-divider-separator,.elementor-widget-divider--view-line_text .elementor-divider-separator{-webkit-box-align:center;-ms-flex-align:center;align-items:center}.elementor-widget-divider--view-line_icon .elementor-divider-separator:after,.elementor-widget-divider--view-line_icon .elementor-divider-separator:before,.elementor-widget-divider--view-line_text .elementor-divider-separator:after,.elementor-widget-divider--view-line_text .elementor-divider-separator:before{display:block;content:\"\";border-bottom:0;-webkit-box-flex:1;-ms-flex-positive:1;flex-grow:1;border-top:var(--divider-border-width) var(--divider-border-style) var(--divider-color)}.elementor-widget-divider--element-align-left .elementor-divider .elementor-divider-separator>.elementor-divider__svg:first-of-type{-webkit-box-flex:0;-ms-flex-positive:0;flex-grow:0;-ms-flex-negative:100;flex-shrink:100}.elementor-widget-divider--element-align-left .elementor-divider-separator:before{content:none}.elementor-widget-divider--element-align-left .elementor-divider__element{margin-left:0}.elementor-widget-divider--element-align-right .elementor-divider .elementor-divider-separator>.elementor-divider__svg:last-of-type{-webkit-box-flex:0;-ms-flex-positive:0;flex-grow:0;-ms-flex-negative:100;flex-shrink:100}.elementor-widget-divider--element-align-right .elementor-divider-separator:after{content:none}.elementor-widget-divider--element-align-right .elementor-divider__element{margin-right:0}.elementor-widget-divider:not(.elementor-widget-divider--view-line_text):not(.elementor-widget-divider--view-line_icon) .elementor-divider-separator{border-top:var(--divider-border-width) var(--divider-border-style) var(--divider-color)}.elementor-widget-divider--separator-type-pattern{--divider-border-style:none}.elementor-widget-divider--separator-type-pattern.elementor-widget-divider--view-line .elementor-divider-separator,.elementor-widget-divider--separator-type-pattern:not(.elementor-widget-divider--view-line) .elementor-divider-separator:after,.elementor-widget-divider--separator-type-pattern:not(.elementor-widget-divider--view-line) .elementor-divider-separator:before,.elementor-widget-divider--separator-type-pattern:not([class*=elementor-widget-divider--view]) .elementor-divider-separator{width:100%;min-height:var(--divider-pattern-height);-webkit-mask-size:var(--divider-pattern-size) 100%;mask-size:var(--divider-pattern-size) 100%;-webkit-mask-repeat:var(--divider-pattern-repeat);mask-repeat:var(--divider-pattern-repeat);background-color:var(--divider-color);-webkit-mask-image:var(--divider-pattern-url);mask-image:var(--divider-pattern-url)}.elementor-widget-divider--no-spacing{--divider-pattern-size:auto}.elementor-widget-divider--bg-round{--divider-pattern-repeat:round}.rtl .elementor-widget-divider .elementor-divider__text{direction:rtl}.e-con-inner>.elementor-widget-divider,.e-con>.elementor-widget-divider{width:var(--container-widget-width,100%)}<\/style>\t\t<div class=\"elementor-divider\">\n\t\t\t<span class=\"elementor-divider-separator\">\n\t\t\t\t\t\t<\/span>\n\t\t<\/div>\n\t\t\t\t<\/div>\n\t\t\t\t<\/div>\n\t\t\t\t\t<\/div>\n\t\t<\/div>\n\t\t\t\t\t\t\t<\/div>\n\t\t<\/section>\n\t\t\t\t\t\t\t<\/div>\n\t\t","protected":false},"excerpt":{"rendered":"<p>I. Carreras de Doctorado 1. Doctorado en Ciencias Aplicadas Titular: Dra. Alicia Esther ARES | aares@fceqyn.unam.edu.ar \/ a.e.ares@gmail.com Suplente: Dr. Mario ROSENBERGER | rrmario@fceqyn.unam.edu.ar 2. Doctorado en Farmacia Titular: Dr. Carlos ALTAMIRANO | cgaltamirano@fceqyn.unam.edu.ar Suplente: Dra. Lorena Castrillo. | lorenacastrillo@fceqyn.unam.edu.ar 3. Doctorado en Inform\u00e1tica (incluye Maestr\u00eda y Especializaci\u00f3n en TIC) Titular: Dr. Eduardo ZAMUDIO | [&hellip;]<\/p>\n","protected":false},"author":1,"featured_media":0,"parent":0,"menu_order":0,"comment_status":"closed","ping_status":"closed","template":"","meta":[],"_links":{"self":[{"href":"https:\/\/www.fceqyn.unam.edu.ar\/posgrado\/index.php?rest_route=\/wp\/v2\/pages\/106"}],"collection":[{"href":"https:\/\/www.fceqyn.unam.edu.ar\/posgrado\/index.php?rest_route=\/wp\/v2\/pages"}],"about":[{"href":"https:\/\/www.fceqyn.unam.edu.ar\/posgrado\/index.php?rest_route=\/wp\/v2\/types\/page"}],"author":[{"embeddable":true,"href":"https:\/\/www.fceqyn.unam.edu.ar\/posgrado\/index.php?rest_route=\/wp\/v2\/users\/1"}],"replies":[{"embeddable":true,"href":"https:\/\/www.fceqyn.unam.edu.ar\/posgrado\/index.php?rest_route=%2Fwp%2Fv2%2Fcomments&post=106"}],"version-history":[{"count":86,"href":"https:\/\/www.fceqyn.unam.edu.ar\/posgrado\/index.php?rest_route=\/wp\/v2\/pages\/106\/revisions"}],"predecessor-version":[{"id":26793,"href":"https:\/\/www.fceqyn.unam.edu.ar\/posgrado\/index.php?rest_route=\/wp\/v2\/pages\/106\/revisions\/26793"}],"wp:attachment":[{"href":"https:\/\/www.fceqyn.unam.edu.ar\/posgrado\/index.php?rest_route=%2Fwp%2Fv2%2Fmedia&parent=106"}],"curies":[{"name":"wp","href":"https:\/\/api.w.org\/{rel}","templated":true}]}}