{"id":4871,"date":"2019-10-17T15:15:34","date_gmt":"2019-10-17T15:15:34","guid":{"rendered":"https:\/\/www.fceqyn.unam.edu.ar\/mti\/?page_id=4871"},"modified":"2022-09-19T13:05:40","modified_gmt":"2022-09-19T13:05:40","slug":"inscripcion","status":"publish","type":"page","link":"https:\/\/www.fceqyn.unam.edu.ar\/mti\/?page_id=4871","title":{"rendered":"Inscripci\u00f3n"},"content":{"rendered":"\n<p>Para poder inscribirse a la <strong>Maestr\u00eda en Tecnolog\u00edas de la Informaci\u00f3n<\/strong> primeramente debe haber sido admitido como <a href=\"https:\/\/www.fceqyn.unam.edu.ar\/mti\/?page_id=4869\">Preinscripto a la Carrera<\/a>.<\/p>\n\n\n\n<p>La inscripci\u00f3n a la carrera para la cohorte 2022 se encuentra cerrada.<\/p>\n\n\n\n<p><strong>Requisitos de Admisi\u00f3n<\/strong><\/p>\n\n\n\n<ol><li>Los\n aspirantes a cursar la carrera de Maestr\u00eda deber\u00e1n ser graduados de \nuniversidades argentinas de carreras de Inform\u00e1tica y carreras afines, \ncon titulo de grado de 4 o m\u00e1s a\u00f1os de duraci\u00f3n.<\/li><li>Para el caso de graduados de carreras \nde grado no contempladas en el inciso anterior, entre los que se cuenta a\n los graduados de universidades extranjeras, deber\u00e1n contar con una \nevaluaci\u00f3n y dictamen favorable del Comit\u00e9 Acad\u00e9mico. <br>Los \nestudiantes de las carreras de Inform\u00e1tica de ambas sedes, que cuenten \ncon todas las asignaturas de grado aprobadas, podr\u00e1n inscribirse \nmediante constancia de t\u00edtulo de grado en tr\u00e1mite y certificado de \nmaterias aprobadas. La inscripci\u00f3n ser\u00e1 ratificada cuando se presente el\n t\u00edtulo de grado.<\/li><li>Para el tr\u00e1mite de inscripci\u00f3n el \nalumno debe presentar la siguiente documentaci\u00f3n: Formulario de \ninscripci\u00f3n, fotocopia legalizada del T\u00edtulo Universitario, Fotocopia \ndel DNI (formato nuevo con todos los datos), CV actualizado, 3 fotos \n4&#215;4, comprobante de pago de la Inscripci\u00f3n y Documento de Aceptaci\u00f3n de \nCondiciones y Compromiso de Pago firmado por el alumno.<\/li><li>La documentaci\u00f3n requerida deber\u00e1 presentarse en Alumnado (Facultad \nde Ciencias Exactas, Qu\u00edmicas y Naturales, 1er Piso, F\u00e9lix de Azara \n1552, Posadas, Misiones, Argentina).<\/li><\/ol>\n","protected":false},"excerpt":{"rendered":"<p>Para poder inscribirse a la Maestr\u00eda en Tecnolog\u00edas de la Informaci\u00f3n primeramente debe haber sido admitido como Preinscripto a la\u2026<\/p>\n<p> <a class=\"continue-reading-link\" href=\"https:\/\/www.fceqyn.unam.edu.ar\/mti\/?page_id=4871\"><span>Leer M\u00e1s<\/span><i class=\"icon-right-dir\"><\/i><\/a><\/p>\n","protected":false},"author":1,"featured_media":0,"parent":0,"menu_order":0,"comment_status":"closed","ping_status":"closed","template":"","meta":[],"_links":{"self":[{"href":"https:\/\/www.fceqyn.unam.edu.ar\/mti\/index.php?rest_route=\/wp\/v2\/pages\/4871"}],"collection":[{"href":"https:\/\/www.fceqyn.unam.edu.ar\/mti\/index.php?rest_route=\/wp\/v2\/pages"}],"about":[{"href":"https:\/\/www.fceqyn.unam.edu.ar\/mti\/index.php?rest_route=\/wp\/v2\/types\/page"}],"author":[{"embeddable":true,"href":"https:\/\/www.fceqyn.unam.edu.ar\/mti\/index.php?rest_route=\/wp\/v2\/users\/1"}],"replies":[{"embeddable":true,"href":"https:\/\/www.fceqyn.unam.edu.ar\/mti\/index.php?rest_route=%2Fwp%2Fv2%2Fcomments&post=4871"}],"version-history":[{"count":5,"href":"https:\/\/www.fceqyn.unam.edu.ar\/mti\/index.php?rest_route=\/wp\/v2\/pages\/4871\/revisions"}],"predecessor-version":[{"id":5130,"href":"https:\/\/www.fceqyn.unam.edu.ar\/mti\/index.php?rest_route=\/wp\/v2\/pages\/4871\/revisions\/5130"}],"wp:attachment":[{"href":"https:\/\/www.fceqyn.unam.edu.ar\/mti\/index.php?rest_route=%2Fwp%2Fv2%2Fmedia&parent=4871"}],"curies":[{"name":"wp","href":"https:\/\/api.w.org\/{rel}","templated":true}]}}