{"id":4863,"date":"2019-10-17T15:14:36","date_gmt":"2019-10-17T15:14:36","guid":{"rendered":"https:\/\/www.fceqyn.unam.edu.ar\/mti\/?page_id=4863"},"modified":"2019-10-18T12:05:30","modified_gmt":"2019-10-18T12:05:30","slug":"generalidades","status":"publish","type":"page","link":"https:\/\/www.fceqyn.unam.edu.ar\/mti\/?page_id=4863","title":{"rendered":"Generalidades"},"content":{"rendered":"\n<p><strong>Denominaci\u00f3n de la Carrera:<\/strong> Maestr\u00eda en Tecnolog\u00edas de la Informaci\u00f3n.<br><strong>T\u00edtulo que Otorga:<\/strong> Mag\u00edster en Tecnolog\u00edas de la Informaci\u00f3n.<br><strong>Destinatarios:&nbsp;<\/strong>Graduados\n de carreras de Inform\u00e1tica de universidades argentinas con titulo de \ngrado de 4 o m\u00e1s a\u00f1os de duraci\u00f3n. Graduados de carreras de grado que no\n cumplan esta condici\u00f3n deber\u00e1n contar con evaluaci\u00f3n y dictamen \nfavorable del Comit\u00e9 Acad\u00e9mico.<br><strong>Estructura del Plan de Estudios:<\/strong> Estructurado. <br><strong>Modalidad de Dictado:<\/strong> Presencial.<br><strong>Duraci\u00f3n de la Carrera:<\/strong>\n La carrera tendr\u00e1 una duraci\u00f3n de 2 (dos) a\u00f1os. Este lapso podr\u00e1 \nextenderse hasta 2 (dos) a\u00f1os para la presentaci\u00f3n del Trabajo Final de \nMaestr\u00eda.<br><strong>Total de Cr\u00e9ditos:<\/strong> La\n carrera contempla 555 hs. por dictado de cursos (55,5 cr\u00e9ditos) y 165 \nhs para la realizaci\u00f3n del Trabajo Final de Maestr\u00eda (16,5 cr\u00e9ditos). <br><strong>Total hs Maestr\u00eda:<\/strong> 720 hs y 72 cr\u00e9ditos.<\/p>\n\n\n\n<p>COHORTE 2016<br><strong>Costo de la Maestr\u00eda (1er A\u00f1o)-2016:<\/strong>&nbsp;<\/p>\n\n\n\n<ul><li>Matr\u00edcula: $600*<\/li><li>Arancel: 10 cuotas de $1.500*<\/li><li>Docentes ordinarios carrera Licenciatura en Sistemas de Informaci\u00f3n (UNaM): 10 cuotas de $1.200*<br>*A\u00f1o 2016, ajustables en el a\u00f1o 2017 &#8211;&nbsp;$ pesos argentinos<\/li><\/ul>\n\n\n\n<p><strong>Costo de la Maestr\u00eda (2do A\u00f1o)-2017:<\/strong>&nbsp;<\/p>\n\n\n\n<ul><li>Arancel: 10 cuotas de $1.800* &nbsp;&nbsp;<\/li><li>Docentes ordinarios carrera Licenciatura en Sistemas de Informaci\u00f3n (UNaM): 10 cuotas de $1.440*<br>*A\u00f1o 2017 &#8211;&nbsp;$ pesos argentinos<\/li><\/ul>\n\n\n\n<p>COHORTE 2018<\/p>\n\n\n\n<p>Costo total: Matricula m\u00e1s 20 cuotas:<\/p>\n\n\n\n<p><strong>Costo de la Maestr\u00eda (1er A\u00f1o)- A\u00f1o 2018:<\/strong>&nbsp;<\/p>\n\n\n\n<ul><li>Matr\u00edcula: $1000<\/li><li>Arancel: 10 cuotas de $2.300<\/li><li>Docentes ordinarios carrera Licenciatura en Sistemas de Informaci\u00f3n (UNaM): 10 cuotas de $1.840.<br><br><\/li><\/ul>\n\n\n\n<p><strong>Costo de la Maestr\u00eda (2do A\u00f1o)- A\u00f1o 2019:<\/strong>&nbsp;<\/p>\n\n\n\n<ul><li>Arancel: 10 cuotas de $2.700&nbsp; &nbsp;<\/li><li>Docentes ordinarios carrera Licenciatura en Sistemas de Informaci\u00f3n (UNaM): 10 cuotas de $2.200<br><br><\/li><\/ul>\n\n\n\n<p><strong>Lugar de Dictado:<\/strong>&nbsp;<\/p>\n\n\n\n<ul><li>M\u00f3dulo Ap\u00f3stoles, Facultad de Ciencias \nExactas, Qu\u00edmicas y Naturales (FCEQYN), UNaM, Pellegrini 269 &#8211; \nAp\u00f3stoles, Misiones, Argentina.&nbsp;<\/li><li>M\u00f3dulo de Ingenier\u00eda Campus, \nFacultad de Ciencias Exactas, Qu\u00edmicas y Naturales (FCEQYN), UNaM,&nbsp;Ruta \n12 Km. 7,5, Miguel Lan\u00fas, Posadas, Misiones, Argentina.<\/li><li>Facultad de Ciencias Exactas, Qu\u00edmicas y Naturales. Felix de Azara 1552 &#8211; Posadas, Misiones, Argentina&nbsp;<\/li><\/ul>\n\n\n\n<p><strong>Tipo de Dictado:<\/strong> Presencial, Viernes de 16:00 a 21:00 hs y S\u00e1bados de 8:00 a 13:00 hs, con frecuencia quincenal, en funci\u00f3n de la planificaci\u00f3n acordada.<\/p>\n\n\n\n<p><strong>Cronograma de Dictado Cohorte 2018 (Primer Semestre 2019):&nbsp;<\/strong><a href=\"http:\/\/www.fceqyn.unam.edu.ar\/mti\/images\/cronogramas\/Doc1.pdf\" target=\"_blank\" rel=\"noreferrer noopener\">Descargar<\/a>.<\/p>\n\n\n\n<p><strong><\/strong><strong>Organismo Responsable:<\/strong>\n Facultad de Ciencias Exactas y Naturales y Agrimensura (FACENA) de la \nUNNE y Facultad de Ciencias Exactas, Qu\u00edmicas y Naturales (FCEQYN) de la\n UNaM.<\/p>\n","protected":false},"excerpt":{"rendered":"<p>Denominaci\u00f3n de la Carrera: Maestr\u00eda en Tecnolog\u00edas de la Informaci\u00f3n.T\u00edtulo que Otorga: Mag\u00edster en Tecnolog\u00edas de la Informaci\u00f3n.Destinatarios:&nbsp;Graduados de carreras\u2026<\/p>\n<p> <a class=\"continue-reading-link\" href=\"https:\/\/www.fceqyn.unam.edu.ar\/mti\/?page_id=4863\"><span>Leer M\u00e1s<\/span><i class=\"icon-right-dir\"><\/i><\/a><\/p>\n","protected":false},"author":1,"featured_media":0,"parent":0,"menu_order":0,"comment_status":"closed","ping_status":"closed","template":"","meta":[],"_links":{"self":[{"href":"https:\/\/www.fceqyn.unam.edu.ar\/mti\/index.php?rest_route=\/wp\/v2\/pages\/4863"}],"collection":[{"href":"https:\/\/www.fceqyn.unam.edu.ar\/mti\/index.php?rest_route=\/wp\/v2\/pages"}],"about":[{"href":"https:\/\/www.fceqyn.unam.edu.ar\/mti\/index.php?rest_route=\/wp\/v2\/types\/page"}],"author":[{"embeddable":true,"href":"https:\/\/www.fceqyn.unam.edu.ar\/mti\/index.php?rest_route=\/wp\/v2\/users\/1"}],"replies":[{"embeddable":true,"href":"https:\/\/www.fceqyn.unam.edu.ar\/mti\/index.php?rest_route=%2Fwp%2Fv2%2Fcomments&post=4863"}],"version-history":[{"count":2,"href":"https:\/\/www.fceqyn.unam.edu.ar\/mti\/index.php?rest_route=\/wp\/v2\/pages\/4863\/revisions"}],"predecessor-version":[{"id":4906,"href":"https:\/\/www.fceqyn.unam.edu.ar\/mti\/index.php?rest_route=\/wp\/v2\/pages\/4863\/revisions\/4906"}],"wp:attachment":[{"href":"https:\/\/www.fceqyn.unam.edu.ar\/mti\/index.php?rest_route=%2Fwp%2Fv2%2Fmedia&parent=4863"}],"curies":[{"name":"wp","href":"https:\/\/api.w.org\/{rel}","templated":true}]}}