{"id":67,"date":"2017-08-03T12:54:57","date_gmt":"2017-08-03T12:54:57","guid":{"rendered":"http:\/\/www.fceqyn.unam.edu.ar\/maestriaspyet\/?page_id=67"},"modified":"2017-09-20T15:44:13","modified_gmt":"2017-09-20T15:44:13","slug":"tesis","status":"publish","type":"page","link":"https:\/\/www.fceqyn.unam.edu.ar\/maestriaspyet\/index.php\/tesis\/","title":{"rendered":"Tesis"},"content":{"rendered":"<table class=\"titulo\">\n<tr>\n<th><h45>Modelo Plan de Tesis<\/h45><\/th>\n<\/tr>\n<\/table>\n<p>Esta propuesta est\u00e1 confeccionada en base a la gu\u00eda que tiene como prop\u00f3sito principal ofrecer un esquema est\u00e1ndar de presentaci\u00f3n de proyectos de investigaci\u00f3n para las becas \u201cRam\u00f3n Carrillo-Arturo O\u00f1ativia\u201d otorgadas por el Ministerio de Salud de la Naci\u00f3n.<\/p>\n<p><strong>1-T\u00edtulo de la Investigaci\u00f3n<\/strong><br \/>\n<strong>2-Planteamiento del problema:<\/strong><\/p>\n<ul>\n<li>Identificaci\u00f3n, delimitaci\u00f3n y justificaci\u00f3n del problema.<\/li>\n<\/ul>\n<p><strong>3-Fundamento o Base te\u00f3rico-conceptual:<\/strong><\/p>\n<ul>\n<li>Marco te\u00f3rico general y espec\u00edfico.<\/li>\n<li>Formulaci\u00f3n de hip\u00f3tesis. (si aplica)<\/li>\n<\/ul>\n<p><strong>4-Formulaci\u00f3n de los objetivos (generales y espec\u00edficos)<\/strong><br \/>\n<strong>5-Apartado metodol\u00f3gico:<\/strong><\/p>\n<ul>\n<li>Definici\u00f3n operacional de las variables y categor\u00edas<\/li>\n<li>Descripci\u00f3n del \u00e1mbito de estudio<\/li>\n<li>Tipo de estudio y dise\u00f1o<\/li>\n<li>Poblaci\u00f3n<\/li>\n<\/ul>\n<p><em> Plan de an\u00e1lisis de los datos<\/em><\/p>\n<ul>\n<li>Selecci\u00f3n de t\u00e9cnicas e instrumentos de recolecci\u00f3n de datos<\/li>\n<li>Fuentes primarias y secundarias<\/li>\n<li>Prueba piloto del instrumento<\/li>\n<\/ul>\n<p><strong>6-Consideraciones \u00e9ticas<\/strong><br \/>\n<strong>7-Bibliograf\u00eda<\/strong><br \/>\n<strong>8-Cronograma<\/strong><br \/>\n<strong>9-Recursos disponibles y Presupuesto<\/strong><\/p>\n<ul>\n<li>Humanos<\/li>\n<li>Econ\u00f3micos<\/li>\n<li>F\u00edsicos<\/li>\n<\/ul>\n<p><strong>Observaci\u00f3n:<\/strong><br \/>\nEste modelo puede variar seg\u00fan las particularidades de cada proyecto de investigaci\u00f3n y\/o aplicaciones innovadoras que contribuyan a la resoluci\u00f3n de problemas, propuestas de mejoras a diferentes aspectos del sistema de Salud o de los servicios y programas sanitarios que se ejecuten en la regi\u00f3n., abordaje de patolog\u00edas transmisibles de importancia y\/o impacto sanitario en la regi\u00f3n. (tomado del informe de CONEAU, dictamen de la sesi\u00f3n N\u00ba 408 del 6 de octubre de 2014).<\/p>\n","protected":false},"excerpt":{"rendered":"<p>Modelo Plan de Tesis Esta propuesta est\u00e1 confeccionada en base a la gu\u00eda que tiene como prop\u00f3sito principal ofrecer un esquema est\u00e1ndar de presentaci\u00f3n de proyectos de investigaci\u00f3n para las becas \u201cRam\u00f3n Carrillo-Arturo O\u00f1ativia\u201d otorgadas por el Ministerio de Salud de la Naci\u00f3n. 1-T\u00edtulo de la Investigaci\u00f3n 2-Planteamiento del problema:\u2026<\/p>\n<p> <a class=\"continue-reading-link\" href=\"https:\/\/www.fceqyn.unam.edu.ar\/maestriaspyet\/index.php\/tesis\/\"><span>Continue reading<\/span><i class=\"crycon-right-dir\"><\/i><\/a><\/p>\n","protected":false},"author":1,"featured_media":0,"parent":0,"menu_order":0,"comment_status":"closed","ping_status":"closed","template":"","meta":[],"_links":{"self":[{"href":"https:\/\/www.fceqyn.unam.edu.ar\/maestriaspyet\/index.php\/wp-json\/wp\/v2\/pages\/67"}],"collection":[{"href":"https:\/\/www.fceqyn.unam.edu.ar\/maestriaspyet\/index.php\/wp-json\/wp\/v2\/pages"}],"about":[{"href":"https:\/\/www.fceqyn.unam.edu.ar\/maestriaspyet\/index.php\/wp-json\/wp\/v2\/types\/page"}],"author":[{"embeddable":true,"href":"https:\/\/www.fceqyn.unam.edu.ar\/maestriaspyet\/index.php\/wp-json\/wp\/v2\/users\/1"}],"replies":[{"embeddable":true,"href":"https:\/\/www.fceqyn.unam.edu.ar\/maestriaspyet\/index.php\/wp-json\/wp\/v2\/comments?post=67"}],"version-history":[{"count":6,"href":"https:\/\/www.fceqyn.unam.edu.ar\/maestriaspyet\/index.php\/wp-json\/wp\/v2\/pages\/67\/revisions"}],"predecessor-version":[{"id":177,"href":"https:\/\/www.fceqyn.unam.edu.ar\/maestriaspyet\/index.php\/wp-json\/wp\/v2\/pages\/67\/revisions\/177"}],"wp:attachment":[{"href":"https:\/\/www.fceqyn.unam.edu.ar\/maestriaspyet\/index.php\/wp-json\/wp\/v2\/media?parent=67"}],"curies":[{"name":"wp","href":"https:\/\/api.w.org\/{rel}","templated":true}]}}