{"id":58,"date":"2017-08-03T12:53:38","date_gmt":"2017-08-03T12:53:38","guid":{"rendered":"http:\/\/www.fceqyn.unam.edu.ar\/maestriaspyet\/?page_id=58"},"modified":"2021-03-22T21:42:44","modified_gmt":"2021-03-23T00:42:44","slug":"plan-de-estudios","status":"publish","type":"page","link":"https:\/\/www.fceqyn.unam.edu.ar\/maestriaspyet\/index.php\/plan-de-estudios\/","title":{"rendered":"Plan de Estudios"},"content":{"rendered":"<table class=\"titulo\">\n<tbody>\n<tr>\n<th>Contenidos<\/th>\n<\/tr>\n<\/tbody>\n<\/table>\n<p><strong>Enfermedades Infecciosas (340 horas)<\/strong><\/p>\n<ul>\n<li><a href=\"https:\/\/drive.google.com\/file\/d\/0B-IFIJJ7RieKV3B0REMtTmxJNVE\/view?usp=sharing\">Bacteriolog\u00eda Cl\u00ednica.<\/a><\/li>\n<li><a href=\"https:\/\/drive.google.com\/file\/d\/0B-IFIJJ7RieKa3IzYm53NGgxOGc\/view?usp=sharing\">Micolog\u00eda Cl\u00ednica.<\/a><\/li>\n<li><a href=\"https:\/\/drive.google.com\/file\/d\/0B-IFIJJ7RieKZk1ESFB0NVQtclk\/view?usp=sharing\">Parasitolog\u00eda Cl\u00ednica<\/a>.<\/li>\n<li><a href=\"https:\/\/drive.google.com\/file\/d\/0B-IFIJJ7RieKeHMxRmV2SUJXcm8\/view?usp=sharing\">Virolog\u00eda Cl\u00ednica.<\/a><\/li>\n<li><a href=\"https:\/\/drive.google.com\/file\/d\/0B-IFIJJ7RieKc2ZzbmJUMmV5WjQ\/view?usp=sharing\">Bioseguridad.<\/a><\/li>\n<li><a href=\"https:\/\/drive.google.com\/file\/d\/0B-IFIJJ7RieKWXlVbWZTNXJRdWs\/view?usp=sharing\">Control y vigilancia de enfermedades infecciosas de notificaci\u00f3n obligatoria.<\/a><\/li>\n<li><a href=\"https:\/\/drive.google.com\/file\/d\/0B-IFIJJ7RieKQXgtZGhJQjR0eTQ\/view?usp=sharing\">Manejo de las enfermedades infecciosas I.<\/a><\/li>\n<li><a href=\"https:\/\/drive.google.com\/file\/d\/0B-IFIJJ7RieKTFZ6aDduM0k3Z1E\/view?usp=sharing\">Manejo de las enfermedades infecciosas II.<\/a><\/li>\n<\/ul>\n<p><strong>Salud P\u00fablica (200 horas)<\/strong><\/p>\n<ul>\n<li><a href=\"https:\/\/drive.google.com\/file\/d\/0B-IFIJJ7RieKQV9TVjdzd0Z2TW8\/view?usp=sharing\">Historia contempor\u00e1nea de la salud p\u00fablica y las enfermedades transmisibles en la Am\u00e9ricas.<\/a><\/li>\n<li><a href=\"https:\/\/drive.google.com\/file\/d\/0B-IFIJJ7RieKUzZLZUM3MFVqbGc\/view?usp=sharing\">Salud P\u00fablica y servicios sanitarios frente a las enfermedades infecciosas.<\/a><\/li>\n<li><a href=\"https:\/\/drive.google.com\/file\/d\/0B-IFIJJ7RieKTGkteWFFOVh4R1k\/view?usp=sharing\">Epidemiolog\u00eda.<\/a><\/li>\n<li><a href=\"https:\/\/drive.google.com\/file\/d\/0B-IFIJJ7RieKY0t2WlVuUmxNWHM\/view?usp=sharing\">Gesti\u00f3n sanitaria y planificaci\u00f3n en el control de las enfermedades infecciosas.<\/a><\/li>\n<\/ul>\n<p><strong>Apoyo al dise\u00f1o y elaboraci\u00f3n de Tesis (230 horas)<\/strong><\/p>\n<ul>\n<li><a href=\"https:\/\/drive.google.com\/file\/d\/0B-IFIJJ7RieKYzM1YVNlUzFRNEU\/view?usp=sharing\">Epistemolog\u00eda y metodolog\u00eda de la investigaci\u00f3n cient\u00edfica en salud.<\/a><\/li>\n<li><a href=\"https:\/\/drive.google.com\/file\/d\/0B-IFIJJ7RieKLU00cXZvUFFJZ1U\/view?usp=sharing\">Marco l\u00f3gico y formulaci\u00f3n de proyectos de cooperaci\u00f3n en salud.<\/a><\/li>\n<li><a href=\"https:\/\/drive.google.com\/file\/d\/0B-IFIJJ7RieKbUozdzRkQjRfbTQ\/view?usp=sharing\">Programas estad\u00edsticos de mayor uso en salud.<\/a><\/li>\n<li>Pr\u00e1ctica integrada y elaboraci\u00f3n de tesis.<\/li>\n<\/ul>\n","protected":false},"excerpt":{"rendered":"<p>Contenidos Enfermedades Infecciosas (340 horas) Bacteriolog\u00eda Cl\u00ednica. Micolog\u00eda Cl\u00ednica. Parasitolog\u00eda Cl\u00ednica. Virolog\u00eda Cl\u00ednica. Bioseguridad. Control y vigilancia de enfermedades infecciosas de notificaci\u00f3n obligatoria. Manejo de las enfermedades infecciosas I. Manejo de las enfermedades infecciosas II. Salud P\u00fablica (200 horas) Historia contempor\u00e1nea de la salud p\u00fablica y las enfermedades transmisibles en\u2026<\/p>\n<p> <a class=\"continue-reading-link\" href=\"https:\/\/www.fceqyn.unam.edu.ar\/maestriaspyet\/index.php\/plan-de-estudios\/\"><span>Continue reading<\/span><i class=\"crycon-right-dir\"><\/i><\/a><\/p>\n","protected":false},"author":1,"featured_media":0,"parent":0,"menu_order":0,"comment_status":"closed","ping_status":"closed","template":"","meta":[],"_links":{"self":[{"href":"https:\/\/www.fceqyn.unam.edu.ar\/maestriaspyet\/index.php\/wp-json\/wp\/v2\/pages\/58"}],"collection":[{"href":"https:\/\/www.fceqyn.unam.edu.ar\/maestriaspyet\/index.php\/wp-json\/wp\/v2\/pages"}],"about":[{"href":"https:\/\/www.fceqyn.unam.edu.ar\/maestriaspyet\/index.php\/wp-json\/wp\/v2\/types\/page"}],"author":[{"embeddable":true,"href":"https:\/\/www.fceqyn.unam.edu.ar\/maestriaspyet\/index.php\/wp-json\/wp\/v2\/users\/1"}],"replies":[{"embeddable":true,"href":"https:\/\/www.fceqyn.unam.edu.ar\/maestriaspyet\/index.php\/wp-json\/wp\/v2\/comments?post=58"}],"version-history":[{"count":6,"href":"https:\/\/www.fceqyn.unam.edu.ar\/maestriaspyet\/index.php\/wp-json\/wp\/v2\/pages\/58\/revisions"}],"predecessor-version":[{"id":1305,"href":"https:\/\/www.fceqyn.unam.edu.ar\/maestriaspyet\/index.php\/wp-json\/wp\/v2\/pages\/58\/revisions\/1305"}],"wp:attachment":[{"href":"https:\/\/www.fceqyn.unam.edu.ar\/maestriaspyet\/index.php\/wp-json\/wp\/v2\/media?parent=58"}],"curies":[{"name":"wp","href":"https:\/\/api.w.org\/{rel}","templated":true}]}}