{"id":50,"date":"2017-08-03T12:51:47","date_gmt":"2017-08-03T12:51:47","guid":{"rendered":"http:\/\/www.fceqyn.unam.edu.ar\/maestriaspyet\/?page_id=50"},"modified":"2021-12-09T18:56:07","modified_gmt":"2021-12-09T21:56:07","slug":"autoridades","status":"publish","type":"page","link":"https:\/\/www.fceqyn.unam.edu.ar\/maestriaspyet\/index.php\/autoridades\/","title":{"rendered":"Autoridades"},"content":{"rendered":"<table class=\"titulo\">\n<tbody>\n<tr>\n<th>\n<h4>Autoridades<\/h4>\n<\/th>\n<\/tr>\n<\/tbody>\n<\/table>\n<table class=\"autoridades\" style=\"height: 109px;\" width=\"554\">\n<tbody>\n<tr>\n<th>\n<h5><strong>DIRECTOR<\/strong><\/h5>\n<\/th>\n<th>\n<h5><strong>CODIRECTOR<\/strong><\/h5>\n<\/th>\n<\/tr>\n<tr>\n<td>Dr. Enrique Jorge DESCHUTTER<\/td>\n<td>Mgter. Gustavo Alfredo SILVA<\/td>\n<\/tr>\n<\/tbody>\n<\/table>\n<table class=\"autoridades-2\" style=\"height: 191px;\" width=\"610\">\n<tbody>\n<tr>\n<th style=\"text-align: center;\" colspan=\"2\"><strong>COMIT\u00c9 ACAD\u00c9MICO<\/strong><\/th>\n<\/tr>\n<tr>\n<td><em><strong>Miembros Titulares\u00a0\u00a0<\/strong><\/em><\/td>\n<td><em><strong>Miembros Suplentes<\/strong><\/em><\/td>\n<\/tr>\n<tr>\n<td>Dra. Sandra Liliana GRENON<\/td>\n<td>Mgter. Ivana Rocio Magali MEDINA<\/td>\n<\/tr>\n<tr>\n<td>Dra. Margarita Ester LACZESKI<\/td>\n<td>Dr. David Leopoldo BRUSILOVSKY<\/td>\n<\/tr>\n<tr>\n<td>Dra. Graciela Beatriz JORD\u00c1<\/td>\n<td>Dr. Julio Rub\u00e9n DAVI\u00d1A<\/td>\n<\/tr>\n<tr>\n<td>Mgter. Gustavo Alfredo SILVA<\/td>\n<td>Mgter. Federico PAYES MONZ\u00d3N<\/td>\n<\/tr>\n<tr>\n<td>Mgter. Silvina Elizabeth HANKE<\/td>\n<td>Dra. Patricia Noem\u00ed OVIEDO<\/td>\n<\/tr>\n<\/tbody>\n<\/table>\n","protected":false},"excerpt":{"rendered":"<p>Autoridades DIRECTOR CODIRECTOR Dr. Enrique Jorge DESCHUTTER Mgter. Gustavo Alfredo SILVA COMIT\u00c9 ACAD\u00c9MICO Miembros Titulares\u00a0\u00a0 Miembros Suplentes Dra. Sandra Liliana GRENON Mgter. Ivana Rocio Magali MEDINA Dra. Margarita Ester LACZESKI Dr. David Leopoldo BRUSILOVSKY Dra. Graciela Beatriz JORD\u00c1 Dr. Julio Rub\u00e9n DAVI\u00d1A Mgter. Gustavo Alfredo SILVA Mgter. Federico PAYES MONZ\u00d3N\u2026<\/p>\n<p> <a class=\"continue-reading-link\" href=\"https:\/\/www.fceqyn.unam.edu.ar\/maestriaspyet\/index.php\/autoridades\/\"><span>Continue reading<\/span><i class=\"crycon-right-dir\"><\/i><\/a><\/p>\n","protected":false},"author":1,"featured_media":0,"parent":0,"menu_order":0,"comment_status":"closed","ping_status":"closed","template":"templates\/template-onecolumn.php","meta":[],"_links":{"self":[{"href":"https:\/\/www.fceqyn.unam.edu.ar\/maestriaspyet\/index.php\/wp-json\/wp\/v2\/pages\/50"}],"collection":[{"href":"https:\/\/www.fceqyn.unam.edu.ar\/maestriaspyet\/index.php\/wp-json\/wp\/v2\/pages"}],"about":[{"href":"https:\/\/www.fceqyn.unam.edu.ar\/maestriaspyet\/index.php\/wp-json\/wp\/v2\/types\/page"}],"author":[{"embeddable":true,"href":"https:\/\/www.fceqyn.unam.edu.ar\/maestriaspyet\/index.php\/wp-json\/wp\/v2\/users\/1"}],"replies":[{"embeddable":true,"href":"https:\/\/www.fceqyn.unam.edu.ar\/maestriaspyet\/index.php\/wp-json\/wp\/v2\/comments?post=50"}],"version-history":[{"count":17,"href":"https:\/\/www.fceqyn.unam.edu.ar\/maestriaspyet\/index.php\/wp-json\/wp\/v2\/pages\/50\/revisions"}],"predecessor-version":[{"id":1328,"href":"https:\/\/www.fceqyn.unam.edu.ar\/maestriaspyet\/index.php\/wp-json\/wp\/v2\/pages\/50\/revisions\/1328"}],"wp:attachment":[{"href":"https:\/\/www.fceqyn.unam.edu.ar\/maestriaspyet\/index.php\/wp-json\/wp\/v2\/media?parent=50"}],"curies":[{"name":"wp","href":"https:\/\/api.w.org\/{rel}","templated":true}]}}