{"id":407,"date":"2019-03-09T20:28:27","date_gmt":"2019-03-09T23:28:27","guid":{"rendered":"https:\/\/www.fceqyn.unam.edu.ar\/maestriaspyet\/?page_id=407"},"modified":"2023-04-29T13:05:31","modified_gmt":"2023-04-29T16:05:31","slug":"cursos-concluidos","status":"publish","type":"page","link":"https:\/\/www.fceqyn.unam.edu.ar\/maestriaspyet\/index.php\/cursos-concluidos\/","title":{"rendered":"Cursos concluidos"},"content":{"rendered":"\n<h5 class=\"has-text-align-left\">Actualizaci\u00f3n en Leishmaniasis, Toxoplasmosis y Chagas<\/h5>\n\n\n\n<p class=\"has-background\" style=\"background-color:#bbc6cb\">Concluido en Febrero 2019<\/p>\n\n\n\n<h5 class=\"has-text-align-left\">Metodolog\u00eda de la investigaci\u00f3n<\/h5>\n\n\n\n<p class=\"has-background\" style=\"background-color:#bbc6cb\">Concluido en Diciembre 2019<\/p>\n\n\n\n<h5 class=\"has-text-align-left\">Salud P\u00fablica<\/h5>\n\n\n\n<p class=\"has-background\" style=\"background-color:#bbc6cb\">Concluido en Mayo 2020<\/p>\n\n\n\n<ul><li>Dirigido a profesionales de la salud.<\/li><li>Lugar: M\u00f3dulo de Farmacia y Bioqu\u00edmica, Avda. Mariano Moreno 1375, Posadas, Misiones.<\/li><li>Carga horaria: 40 hs. (16 hs. presenciales, 24 hs. virtuales)<\/li><\/ul>\n\n\n\n<p><\/p>\n","protected":false},"excerpt":{"rendered":"<p>Actualizaci\u00f3n en Leishmaniasis, Toxoplasmosis y Chagas Concluido en Febrero 2019 Metodolog\u00eda de la investigaci\u00f3n Concluido en Diciembre 2019 Salud P\u00fablica Concluido en Mayo 2020 Dirigido a profesionales de la salud. Lugar: M\u00f3dulo de Farmacia y Bioqu\u00edmica, Avda. Mariano Moreno 1375, Posadas, Misiones. Carga horaria: 40 hs. (16 hs. presenciales, 24\u2026<\/p>\n<p> <a class=\"continue-reading-link\" href=\"https:\/\/www.fceqyn.unam.edu.ar\/maestriaspyet\/index.php\/cursos-concluidos\/\"><span>Continue reading<\/span><i class=\"crycon-right-dir\"><\/i><\/a><\/p>\n","protected":false},"author":2,"featured_media":0,"parent":0,"menu_order":0,"comment_status":"closed","ping_status":"closed","template":"","meta":[],"_links":{"self":[{"href":"https:\/\/www.fceqyn.unam.edu.ar\/maestriaspyet\/index.php\/wp-json\/wp\/v2\/pages\/407"}],"collection":[{"href":"https:\/\/www.fceqyn.unam.edu.ar\/maestriaspyet\/index.php\/wp-json\/wp\/v2\/pages"}],"about":[{"href":"https:\/\/www.fceqyn.unam.edu.ar\/maestriaspyet\/index.php\/wp-json\/wp\/v2\/types\/page"}],"author":[{"embeddable":true,"href":"https:\/\/www.fceqyn.unam.edu.ar\/maestriaspyet\/index.php\/wp-json\/wp\/v2\/users\/2"}],"replies":[{"embeddable":true,"href":"https:\/\/www.fceqyn.unam.edu.ar\/maestriaspyet\/index.php\/wp-json\/wp\/v2\/comments?post=407"}],"version-history":[{"count":4,"href":"https:\/\/www.fceqyn.unam.edu.ar\/maestriaspyet\/index.php\/wp-json\/wp\/v2\/pages\/407\/revisions"}],"predecessor-version":[{"id":1392,"href":"https:\/\/www.fceqyn.unam.edu.ar\/maestriaspyet\/index.php\/wp-json\/wp\/v2\/pages\/407\/revisions\/1392"}],"wp:attachment":[{"href":"https:\/\/www.fceqyn.unam.edu.ar\/maestriaspyet\/index.php\/wp-json\/wp\/v2\/media?parent=407"}],"curies":[{"name":"wp","href":"https:\/\/api.w.org\/{rel}","templated":true}]}}