{"id":344,"date":"2019-02-28T18:52:17","date_gmt":"2019-02-28T21:52:17","guid":{"rendered":"https:\/\/www.fceqyn.unam.edu.ar\/maestriaspyet\/?page_id=344"},"modified":"2019-03-09T21:06:50","modified_gmt":"2019-03-10T00:06:50","slug":"acreditacion-coneau","status":"publish","type":"page","link":"https:\/\/www.fceqyn.unam.edu.ar\/maestriaspyet\/index.php\/acreditacion-coneau\/","title":{"rendered":"Acreditaci\u00f3n CONEAU"},"content":{"rendered":"\n<p>La CONEAU fija los est\u00e1ndares de calidad que deben cumplir las carreras de posgrado que se dictan en la Argentina. En este contexto en 2017 la Universidad Nacional de Misiones a trav\u00e9s la Facultad de Ciencias Exactas, Qu\u00edmicas y Naturales env\u00edo solicitudes a para acreditar y categorizar la Maestr\u00eda en Salud P\u00fablica y Enfermedades Transmisibles que dicta desde el a\u00f1o 2014 en el \u00e1mbito del Parque de la Salud de Misiones.<\/p>\n\n\n\n<p>\nDurante el a\u00f1o 2018 el organismo nacional design\u00f3 un Comit\u00e9 de Pares \n(responsable del proceso de evaluaci\u00f3n) el cual verific\u00f3 la \ndocumentaci\u00f3n de la Maestr\u00eda, realiz\u00f3 reuniones con autoridades de la \ncarrera y consultas de informaci\u00f3n cient\u00edfico acad\u00e9mica.\n\n<br><\/p>\n\n\n\n<p>La acreditaci\u00f3n por\nCONEAU implica el cumplimiento de est\u00e1ndares de calidad y la categorizaci\u00f3n califica\nel nivel de calidad obtenido por los posgrados que se eval\u00faan. De esto modo se\ndefine en la categor\u00eda \u201cC\u201d un buen nivel de calidad del posgrado; en la\ncategor\u00eda \u201cB\u201d un muy buen nivel de calidad del posgrado y en la categor\u00eda \u201cA\u201d\nse reconocen los posgrados de excelente calidad acad\u00e9mica<\/p>\n\n\n\n<p>\u00a0\u00a0\u00a0\u00a0\u00a0\u00a0\u00a0\u00a0\u00a0\u00a0\u00a0\u00a0\u00a0\u00a0\u00a0 \u00a0\u00a0\u00a0\u00a0\u00a0\u00a0\u00a0\u00a0\u00a0\u00a0\u00a0\u00a0\u00a0\u00a0\u00a0 La Resoluci\u00f3n de la Comisi\u00f3n Nacional de Evaluaci\u00f3n y Acreditaci\u00f3n Universitaria <a href=\"http:\/\/www.coneau.gob.ar\/archivos\/resoluciones\/RS-2018-48101912-APN-CONEAU-MECCYT.pdf\">CONEAU 72-PN-2018<\/a>  <strong>acredita<\/strong> la carrera de Maestr\u00eda en Salud P\u00fablica y Enfermedades Transmisibles de la UNAM que dicta la \u00a0FCEQyN por un per\u00edodo de 6 a\u00f1os. En este instrumento se <strong>categoriza en el nivel \u201cA\u201d<\/strong> a la Maestr\u00eda, es decir en el mayor nivel de calidad y excelencia acad\u00e9mica del pa\u00eds. Acompa\u00f1a esta resoluci\u00f3n un <a href=\"http:\/\/www.coneau.gob.ar\/archivos\/anexos\/IF-2018-45482886-APN-DAC-CONEAU.pdf\">documento anexo<\/a> que fundamenta la decisi\u00f3n y detalla las consideraciones del reconocimiento otorgado, donde destacan: la estructura de gesti\u00f3n y funciones asignadas, el dise\u00f1o y los contenidos de la maestr\u00eda, la muy buena calidad de las tesis aprobadas y publicadas. As\u00ed tambi\u00e9n resalta la infraestructura, equipamiento y bibliograf\u00eda disponible para los profesionales participantes.<\/p>\n","protected":false},"excerpt":{"rendered":"<p>La CONEAU fija los est\u00e1ndares de calidad que deben cumplir las carreras de posgrado que se dictan en la Argentina. En este contexto en 2017 la Universidad Nacional de Misiones a trav\u00e9s la Facultad de Ciencias Exactas, Qu\u00edmicas y Naturales env\u00edo solicitudes a para acreditar y categorizar la Maestr\u00eda en\u2026<\/p>\n<p> <a class=\"continue-reading-link\" href=\"https:\/\/www.fceqyn.unam.edu.ar\/maestriaspyet\/index.php\/acreditacion-coneau\/\"><span>Continue reading<\/span><i class=\"crycon-right-dir\"><\/i><\/a><\/p>\n","protected":false},"author":2,"featured_media":0,"parent":0,"menu_order":0,"comment_status":"closed","ping_status":"closed","template":"","meta":[],"_links":{"self":[{"href":"https:\/\/www.fceqyn.unam.edu.ar\/maestriaspyet\/index.php\/wp-json\/wp\/v2\/pages\/344"}],"collection":[{"href":"https:\/\/www.fceqyn.unam.edu.ar\/maestriaspyet\/index.php\/wp-json\/wp\/v2\/pages"}],"about":[{"href":"https:\/\/www.fceqyn.unam.edu.ar\/maestriaspyet\/index.php\/wp-json\/wp\/v2\/types\/page"}],"author":[{"embeddable":true,"href":"https:\/\/www.fceqyn.unam.edu.ar\/maestriaspyet\/index.php\/wp-json\/wp\/v2\/users\/2"}],"replies":[{"embeddable":true,"href":"https:\/\/www.fceqyn.unam.edu.ar\/maestriaspyet\/index.php\/wp-json\/wp\/v2\/comments?post=344"}],"version-history":[{"count":7,"href":"https:\/\/www.fceqyn.unam.edu.ar\/maestriaspyet\/index.php\/wp-json\/wp\/v2\/pages\/344\/revisions"}],"predecessor-version":[{"id":427,"href":"https:\/\/www.fceqyn.unam.edu.ar\/maestriaspyet\/index.php\/wp-json\/wp\/v2\/pages\/344\/revisions\/427"}],"wp:attachment":[{"href":"https:\/\/www.fceqyn.unam.edu.ar\/maestriaspyet\/index.php\/wp-json\/wp\/v2\/media?parent=344"}],"curies":[{"name":"wp","href":"https:\/\/api.w.org\/{rel}","templated":true}]}}