{"id":27,"date":"2017-07-05T21:23:39","date_gmt":"2017-07-05T21:23:39","guid":{"rendered":"http:\/\/www.fceqyn.unam.edu.ar\/maestriaspyet\/?page_id=27"},"modified":"2024-04-01T10:37:18","modified_gmt":"2024-04-01T13:37:18","slug":"alumnos","status":"publish","type":"page","link":"https:\/\/www.fceqyn.unam.edu.ar\/maestriaspyet\/index.php\/alumnos\/","title":{"rendered":"ALUMNOS"},"content":{"rendered":"\n<p><\/p>\n\n\n\n<p><span class=\"has-inline-color has-vivid-cyan-blue-color\">1\u00b0 COHORTE (2014-2015)<\/span><\/p>\n\n\n\n<figure class=\"wp-block-table\"><table><tbody><tr><td><strong>APELLIDO Y NOMBRES<\/strong><\/td><td class=\"has-text-align-center\" data-align=\"center\"><strong>PROFESI\u00d3N<\/strong><\/td><\/tr><tr><td>Capaccio, Pablo N.&nbsp;<\/td><td class=\"has-text-align-center\" data-align=\"center\">Bioqu\u00edmico<\/td><\/tr><tr><td>Correa, Silvia&nbsp;<\/td><td class=\"has-text-align-center\" data-align=\"center\">Lic. en Enfermer\u00eda<\/td><\/tr><tr><td>D\u00edaz, Ricardo G.&nbsp;&nbsp;<\/td><td class=\"has-text-align-center\" data-align=\"center\">Lic. en Gen\u00e9tica<\/td><\/tr><tr><td>Duarte, Blanca&nbsp;<\/td><td class=\"has-text-align-center\" data-align=\"center\">Lic. en Enfermer\u00eda<\/td><\/tr><tr><td>Dusse, G. Viviana&nbsp;<\/td><td class=\"has-text-align-center\" data-align=\"center\">Bioqu\u00edmica<\/td><\/tr><tr><td>Fattore, Gladys&nbsp;<\/td><td class=\"has-text-align-center\" data-align=\"center\">Lic. Trabajo Soc.<\/td><\/tr><tr><td>Fern\u00e1ndez, Gustavo&nbsp;<\/td><td class=\"has-text-align-center\" data-align=\"center\">Bioqu\u00edmico<\/td><\/tr><tr><td>Gabassi, Ver\u00f3nica C.&nbsp;<\/td><td class=\"has-text-align-center\" data-align=\"center\">Lic. en Nutrici\u00f3n<\/td><\/tr><tr><td>Gonz\u00e1lez, Cristina&nbsp;<\/td><td class=\"has-text-align-center\" data-align=\"center\">Bioqu\u00edmica<\/td><\/tr><tr><td>Leiva, Ruth Magdalena&nbsp;<\/td><td class=\"has-text-align-center\" data-align=\"center\">Bioqu\u00edmica<\/td><\/tr><tr><td>L\u00f3pez, D\u00e9bora A.&nbsp;&nbsp;<\/td><td class=\"has-text-align-center\" data-align=\"center\">Bioqu\u00edmica<\/td><\/tr><tr><td>L\u00f3pez, M. Lorena&nbsp;<\/td><td class=\"has-text-align-center\" data-align=\"center\">Bioqu\u00edmica<\/td><\/tr><tr><td>L\u00f3pez, Oscar H.&nbsp;<\/td><td class=\"has-text-align-center\" data-align=\"center\">M\u00e9dico<\/td><\/tr><tr><td>Malvasi, Graciela&nbsp;<\/td><td class=\"has-text-align-center\" data-align=\"center\">Bioqu\u00edmica<\/td><\/tr><tr><td>Marcos, Natalia Cecilia&nbsp;<\/td><td class=\"has-text-align-center\" data-align=\"center\">M\u00e9d. Veterinario<\/td><\/tr><tr><td>Marx, C. Roberto&nbsp;&nbsp;<\/td><td class=\"has-text-align-center\" data-align=\"center\">Bioqu\u00edmico<\/td><\/tr><tr><td>Marx, Javier&nbsp;<\/td><td class=\"has-text-align-center\" data-align=\"center\">Bioqu\u00edmico<\/td><\/tr><tr><td>Medina, Ivana Magali<\/td><td class=\"has-text-align-center\" data-align=\"center\">Bioqu\u00edmica<\/td><\/tr><tr><td>Payes Monz\u00f3n, Federico&nbsp;<\/td><td class=\"has-text-align-center\" data-align=\"center\">Bioqu\u00edmico<\/td><\/tr><tr><td>Pedraza, Ver\u00f3nica&nbsp;<\/td><td class=\"has-text-align-center\" data-align=\"center\">Lic. Trabajo Soc.<\/td><\/tr><tr><td>Pegels, Eduardo&nbsp;<\/td><td class=\"has-text-align-center\" data-align=\"center\">Bioqu\u00edmico<\/td><\/tr><tr><td>Pe\u00f1a, Laila&nbsp;<\/td><td class=\"has-text-align-center\" data-align=\"center\">Bioqu\u00edmica<\/td><\/tr><tr><td>Ramos, Marina&nbsp;<\/td><td class=\"has-text-align-center\" data-align=\"center\">M\u00e9d. Veterinario<\/td><\/tr><tr><td>Roginski, Sandra&nbsp;<\/td><td class=\"has-text-align-center\" data-align=\"center\">Bioqu\u00edmica<\/td><\/tr><tr><td>Wimmer, Leticia V.&nbsp;<\/td><td class=\"has-text-align-center\" data-align=\"center\">Bioqu\u00edmica<\/td><\/tr><\/tbody><\/table><\/figure>\n\n\n\n<p><\/p>\n\n\n\n<p><\/p>\n\n\n\n<p><span class=\"has-inline-color has-vivid-cyan-blue-color\">2\u00b0 COHORTE (2016-2017)<\/span><\/p>\n\n\n\n<figure class=\"wp-block-table\"><table><tbody><tr><td><strong>APELLIDO Y NOMBRES<\/strong><\/td><td class=\"has-text-align-center\" data-align=\"center\"><strong>PROFESI\u00d3N<\/strong><\/td><\/tr><tr><td>Ames Mirta<\/td><td class=\"has-text-align-center\" data-align=\"center\">M\u00e9dico<\/td><\/tr><tr><td>Aguilera, Veronica<\/td><td class=\"has-text-align-center\" data-align=\"center\">Lic. en Nutrici\u00f3n<\/td><\/tr><tr><td>Alegre, Soledad Maria<\/td><td class=\"has-text-align-center\" data-align=\"center\">Bioqu\u00edmica<\/td><\/tr><tr><td>Anzuate, Rosa<\/td><td class=\"has-text-align-center\" data-align=\"center\">Lic. en Enfermer\u00eda<\/td><\/tr><tr><td>Benitez, Tania<\/td><td class=\"has-text-align-center\" data-align=\"center\">Bioqu\u00edmica<\/td><\/tr><tr><td>Benitez, Viviana<\/td><td class=\"has-text-align-center\" data-align=\"center\">Lic. en Nutrici\u00f3n<\/td><\/tr><tr><td>Bordon, Gabriel<\/td><td class=\"has-text-align-center\" data-align=\"center\">Bioqu\u00edmico<\/td><\/tr><tr><td>Bunkowski, Elida Mabel<\/td><td class=\"has-text-align-center\" data-align=\"center\">Lic. en Enfermer\u00eda<\/td><\/tr><tr><td>Carballo, Gustavo<\/td><td class=\"has-text-align-center\" data-align=\"center\">M\u00e9d. Veterinario<\/td><\/tr><tr><td>Cardozo Cecilia<\/td><td class=\"has-text-align-center\" data-align=\"center\">Lic. en Psicolog\u00eda<\/td><\/tr><tr><td>Corbalan, Pedro<\/td><td class=\"has-text-align-center\" data-align=\"center\">M\u00e9dico<\/td><\/tr><tr><td>Diaz, Silvana<\/td><td class=\"has-text-align-center\" data-align=\"center\">Odont\u00f3loga<\/td><\/tr><tr><td>Doldan, Jorge<\/td><td class=\"has-text-align-center\" data-align=\"center\">Lic. en Gen\u00e9tica<\/td><\/tr><tr><td>Encinas, Sebastian<\/td><td class=\"has-text-align-center\" data-align=\"center\">Bioqu\u00edmico<\/td><\/tr><tr><td>Escalante, Gisela<\/td><td class=\"has-text-align-center\" data-align=\"center\">Lic. en Enfermer\u00eda<\/td><\/tr><tr><td>Fernandez, Lidia<\/td><td class=\"has-text-align-center\" data-align=\"center\">Bioqu\u00edmico<\/td><\/tr><tr><td>Fernandez, Nadia Eliana<\/td><td class=\"has-text-align-center\" data-align=\"center\">Lic. en Enfermer\u00eda<\/td><\/tr><tr><td>Gimenez, Adriana<\/td><td class=\"has-text-align-center\" data-align=\"center\">Lic. en Nutrici\u00f3n<\/td><\/tr><tr><td>Godoy Balletbo, Daysi<\/td><td class=\"has-text-align-center\" data-align=\"center\">Bioqu\u00edmico<\/td><\/tr><tr><td>Gomez Crosa, Ana Gabriela<\/td><td class=\"has-text-align-center\" data-align=\"center\">Lic. en Bioqu\u00edmica<\/td><\/tr><tr><td>Hanke, Silvina Elizabeth<\/td><td class=\"has-text-align-center\" data-align=\"center\">Lic. en Gen\u00e9tica<\/td><\/tr><tr><td>Herrera, Maria del Carmen<\/td><td class=\"has-text-align-center\" data-align=\"center\">Lic. en Enfermer\u00eda<\/td><\/tr><tr><td>Holovatty, Silvia<\/td><td class=\"has-text-align-center\" data-align=\"center\">Bioqu\u00edmica<\/td><\/tr><tr><td>Nocenti, Zulma<\/td><td class=\"has-text-align-center\" data-align=\"center\">M\u00e9dico<\/td><\/tr><tr><td>Ortega, Silvina<\/td><td class=\"has-text-align-center\" data-align=\"center\">Farmac\u00e9utica<\/td><\/tr><tr><td>Parafieniuk, Sergio<\/td><td class=\"has-text-align-center\" data-align=\"center\">Bioqu\u00edmico<\/td><\/tr><tr><td>Pedrozo, Karina<\/td><td class=\"has-text-align-center\" data-align=\"center\">Farmac\u00e9utica<\/td><\/tr><tr><td>Rios, Elba<\/td><td class=\"has-text-align-center\" data-align=\"center\">Lic. en Enfermer\u00eda<\/td><\/tr><tr><td>Rodriguez, Sonia<\/td><td class=\"has-text-align-center\" data-align=\"center\">Lic. en Enfermer\u00eda<\/td><\/tr><tr><td>Sanchez, Andrea<\/td><td class=\"has-text-align-center\" data-align=\"center\">Bioqu\u00edmica<\/td><\/tr><tr><td>Segura Blhun, Guillermo<\/td><td class=\"has-text-align-center\" data-align=\"center\">M\u00e9dico<\/td><\/tr><tr><td>Sioli, Gaston<\/td><td class=\"has-text-align-center\" data-align=\"center\">Lic. en Gen\u00e9tica<\/td><\/tr><tr><td>Sirio, Antonela<\/td><td class=\"has-text-align-center\" data-align=\"center\">Bioqu\u00edmica<\/td><\/tr><tr><td>Villalba, Viviana<\/td><td class=\"has-text-align-center\" data-align=\"center\">Bioqu\u00edmica<\/td><\/tr><tr><td>Vogel, Mara<\/td><td class=\"has-text-align-center\" data-align=\"center\">Bioqu\u00edmica<\/td><\/tr><\/tbody><\/table><\/figure>\n\n\n\n<p><\/p>\n\n\n\n<p><\/p>\n\n\n\n<p><span class=\"has-inline-color has-vivid-cyan-blue-color\">3\u00b0 COHORTE (2018-2019)<\/span><\/p>\n\n\n\n<figure class=\"wp-block-table\"><table><tbody><tr><td><strong>APELLIDO Y NOMBRES<\/strong><\/td><td class=\"has-text-align-center\" data-align=\"center\"><strong>PROFESI\u00d3N<\/strong><\/td><\/tr><tr><td>Almada, Jorge<\/td><td class=\"has-text-align-center\" data-align=\"center\">Antrop\u00f3logo<\/td><\/tr><tr><td>Aranda, Gladis gabriela<\/td><td class=\"has-text-align-center\" data-align=\"center\">Lic. en Nutrici\u00f3n<\/td><\/tr><tr><td>Ballestero, Mariana Paola<\/td><td class=\"has-text-align-center\" data-align=\"center\">Farmac\u00e9utica<\/td><\/tr><tr><td>Bruquetas, Azucena Alejandra<\/td><td class=\"has-text-align-center\" data-align=\"center\">Bioqu\u00edmica<\/td><\/tr><tr><td>Cardozo, Jhonatan Ricardo<\/td><td class=\"has-text-align-center\" data-align=\"center\">Lic. en Enfermer\u00eda<\/td><\/tr><tr><td>Dubois, Laura Monica<\/td><td class=\"has-text-align-center\" data-align=\"center\">Farmac\u00e9utica<\/td><\/tr><tr><td>Freitag, Fernanda Ariane<\/td><td class=\"has-text-align-center\" data-align=\"center\">Farmac\u00e9utica<\/td><\/tr><tr><td>Ilchuk, Vania<\/td><td class=\"has-text-align-center\" data-align=\"center\">Farmac\u00e9utica<\/td><\/tr><tr><td>Insauralde, Alejandra<\/td><td class=\"has-text-align-center\" data-align=\"center\">M\u00e9dico<\/td><\/tr><tr><td>Pinto, Maria<\/td><td class=\"has-text-align-center\" data-align=\"center\">Bioqu\u00edmica<\/td><\/tr><tr><td>Podkowa, Gabriel Isac<\/td><td class=\"has-text-align-center\" data-align=\"center\">Farmac\u00e9utico<\/td><\/tr><tr><td>Reinko, Ivana Noelia<\/td><td class=\"has-text-align-center\" data-align=\"center\">Lic. en Gen\u00e9tica<\/td><\/tr><tr><td>Renaudeau, Alejandra Daniela<\/td><td class=\"has-text-align-center\" data-align=\"center\">Farmac\u00e9utica<\/td><\/tr><tr><td>Rivas, Romina Vanessa<\/td><td class=\"has-text-align-center\" data-align=\"center\">Farmac\u00e9utica<\/td><\/tr><tr><td>Rottoli, Thelma<\/td><td class=\"has-text-align-center\" data-align=\"center\">M\u00e9dico<\/td><\/tr><tr><td>Saavedra, Carmen<\/td><td class=\"has-text-align-center\" data-align=\"center\">Bioqu\u00edmica<\/td><\/tr><tr><td>Sanchez, Laura Antonella<\/td><td class=\"has-text-align-center\" data-align=\"center\">Lic. en Gen\u00e9tica<\/td><\/tr><tr><td>Scarbadoski, Priscila Paola<\/td><td class=\"has-text-align-center\" data-align=\"center\">Lic. en Nutrici\u00f3n<\/td><\/tr><tr><td>Sigot, Valeria Luc\u00eda<\/td><td class=\"has-text-align-center\" data-align=\"center\">Farmac\u00e9utica<\/td><\/tr><tr><td>Szewaga, Daniel Jose<\/td><td class=\"has-text-align-center\" data-align=\"center\">Lic. en Enfermer\u00eda<\/td><\/tr><tr><td>Toppanotti, Maria Luzia<\/td><td class=\"has-text-align-center\" data-align=\"center\">M\u00e9dico<\/td><\/tr><tr><td>Toumani\u00e1n, Mariela Zaruh\u00ed<\/td><td class=\"has-text-align-center\" data-align=\"center\">Farmac\u00e9utica<\/td><\/tr><tr><td>Wegert, Adriana<\/td><td class=\"has-text-align-center\" data-align=\"center\">Bioqu\u00edmica<\/td><\/tr><tr><td>Zarate, Rodrigo<\/td><td class=\"has-text-align-center\" data-align=\"center\">Lic. en Gen\u00e9tica<\/td><\/tr><tr><td>Zucco, Silvia<\/td><td class=\"has-text-align-center\" data-align=\"center\">Lic. en Enfermer\u00eda<\/td><\/tr><\/tbody><\/table><\/figure>\n\n\n\n<p><\/p>\n\n\n\n<p><\/p>\n\n\n\n<p><span class=\"has-inline-color has-vivid-cyan-blue-color\">4\u00b0 COHORTE (2020-2021)<\/span><\/p>\n\n\n\n<figure class=\"wp-block-table\"><table><tbody><tr><td><strong>APELLIDO Y NOMBRES<\/strong><\/td><td class=\"has-text-align-center\" data-align=\"center\"><strong>PROFESI\u00d3N<\/strong><\/td><\/tr><tr><td>Aguirre, Alfredo Arnaldo<\/td><td class=\"has-text-align-center\" data-align=\"center\">Bioqu\u00edmico<\/td><\/tr><tr><td>Ben\u00edtez, Laura Patricia<\/td><td class=\"has-text-align-center\" data-align=\"center\">Farmac\u00e9utica<\/td><\/tr><tr><td>Bongers, Yamila Elianne<\/td><td class=\"has-text-align-center\" data-align=\"center\">Prof. Biolog\u00eda<\/td><\/tr><tr><td>Carra, Giuliana Tamara<\/td><td class=\"has-text-align-center\" data-align=\"center\">Lic. en Gen\u00e9tica<\/td><\/tr><tr><td>Del Puerto Gonz\u00e1lez, Fabiana Noem\u00ed<\/td><td class=\"has-text-align-center\" data-align=\"center\">Lic. en Gen\u00e9tica<\/td><\/tr><tr><td>Escobar, Claudia Lilian<\/td><td class=\"has-text-align-center\" data-align=\"center\">Lic. en Enfermer\u00eda<\/td><\/tr><tr><td>Esnarriaga, Mar\u00eda Sabina<\/td><td class=\"has-text-align-center\" data-align=\"center\">Lic. en Gen\u00e9tica<\/td><\/tr><tr><td>Leguizam\u00f3n, Lorena Beatriz<\/td><td class=\"has-text-align-center\" data-align=\"center\">Bioqu\u00edmico<\/td><\/tr><tr><td>Lezcano, Marisel Alejandra<\/td><td class=\"has-text-align-center\" data-align=\"center\">Lic. en Enfermer\u00eda<\/td><\/tr><tr><td>Marczuk, Ruth Karina<\/td><td class=\"has-text-align-center\" data-align=\"center\">Bioqu\u00edmica<\/td><\/tr><tr><td>Mir, Claudia Nora<\/td><td class=\"has-text-align-center\" data-align=\"center\">Bioqu\u00edmica<\/td><\/tr><tr><td>Nielsen, Cristina Beatriz<\/td><td class=\"has-text-align-center\" data-align=\"center\">Bioqu\u00edmica<\/td><\/tr><tr><td>Paredes, Margarita Esther<\/td><td class=\"has-text-align-center\" data-align=\"center\">Lic. en Enfermer\u00eda<\/td><\/tr><tr><td>Rodr\u00edguez, Graciela Carolina<\/td><td class=\"has-text-align-center\" data-align=\"center\">Farmac\u00e9utica<\/td><\/tr><tr><td>Vargas, Ver\u00f3nica<\/td><td class=\"has-text-align-center\" data-align=\"center\">M\u00e9d. Veterinario<\/td><\/tr><tr><td>Zorzo, Liliana Raquel<\/td><td class=\"has-text-align-center\" data-align=\"center\">M\u00e9d. Veterinario<\/td><\/tr><\/tbody><\/table><\/figure>\n\n\n\n<p><\/p>\n\n\n\n<p><\/p>\n\n\n\n<p><span class=\"has-inline-color has-vivid-cyan-blue-color\">5\u00b0 COHORTE (2022-2023)<\/span><\/p>\n\n\n\n<figure class=\"wp-block-table\"><table><tbody><tr><td><strong>APELLIDO Y NOMBRES<\/strong><\/td><td class=\"has-text-align-center\" data-align=\"center\"><strong>PROFESI\u00d3N<\/strong><\/td><\/tr><tr><td>Almada, Ana Clara<\/td><td class=\"has-text-align-center\" data-align=\"center\">Bioqu\u00edmica<\/td><\/tr><tr><td>Alvez,&nbsp; Alejandra judith<\/td><td class=\"has-text-align-center\" data-align=\"center\">Lic. en Enfermer\u00eda<\/td><\/tr><tr><td>Amarilla, Mirta<\/td><td class=\"has-text-align-center\" data-align=\"center\">&nbsp;Lic. en Enfermer\u00eda<\/td><\/tr><tr><td>Benchaski,&nbsp; Adriana Vanesa<\/td><td class=\"has-text-align-center\" data-align=\"center\">Lic. en Enfermer\u00eda<\/td><\/tr><tr><td>Benitez,&nbsp; Nimia Ester<\/td><td class=\"has-text-align-center\" data-align=\"center\">Lic. en Enfermer\u00eda<\/td><\/tr><tr><td>Coronel Amarilla, Lucila Mariana<\/td><td class=\"has-text-align-center\" data-align=\"center\">Lic. en Enfermer\u00eda<\/td><\/tr><tr><td>Correa, Lia Lucrecia<\/td><td class=\"has-text-align-center\" data-align=\"center\">Lic. en Enfermer\u00eda<\/td><\/tr><tr><td>Domeraski, Cintia Carolina<\/td><td class=\"has-text-align-center\" data-align=\"center\">Farmac\u00e9utica<\/td><\/tr><tr><td>Duarte, Jorge Omar<\/td><td class=\"has-text-align-center\" data-align=\"center\">Farmac\u00e9utico<\/td><\/tr><tr><td>Engelmann, Viviana Beatriz<\/td><td class=\"has-text-align-center\" data-align=\"center\">Lic. en Gen\u00e9tica<\/td><\/tr><tr><td>Galeano Alvarenga, Gladys Esther<\/td><td class=\"has-text-align-center\" data-align=\"center\">Lic. en Enfermer\u00eda<\/td><\/tr><tr><td>Gazal, Mariana Solange<\/td><td class=\"has-text-align-center\" data-align=\"center\">Lic. en Psicolog\u00eda<\/td><\/tr><tr><td>G\u00f3mez, Gabriel Ferm\u00edn<\/td><td class=\"has-text-align-center\" data-align=\"center\">M\u00e9d. Veterinario<\/td><\/tr><tr><td>Kucuk, Andrea Analia<\/td><td class=\"has-text-align-center\" data-align=\"center\">Lic. en Enfermer\u00eda<\/td><\/tr><tr><td>Kuhlmann,&nbsp; Pamela Angelique<\/td><td class=\"has-text-align-center\" data-align=\"center\">Lic. en Gen\u00e9tica<\/td><\/tr><tr><td>Martinez,&nbsp; Monica beatriz<\/td><td class=\"has-text-align-center\" data-align=\"center\">Lic. en Enfermer\u00eda<\/td><\/tr><tr><td>Osorio Ospina,&nbsp; Veronica<\/td><td class=\"has-text-align-center\" data-align=\"center\">Lic. en Enfermer\u00eda<\/td><\/tr><tr><td>Pintos, Gustavo Javier<\/td><td class=\"has-text-align-center\" data-align=\"center\">Farmac\u00e9utico<\/td><\/tr><tr><td>Portillo,&nbsp; Mirian Lucia<\/td><td class=\"has-text-align-center\" data-align=\"center\">Farmac\u00e9utica<\/td><\/tr><tr><td>Ramirez,&nbsp; Maria Marta<\/td><td class=\"has-text-align-center\" data-align=\"center\">Lic. en Enfermer\u00eda<\/td><\/tr><tr><td>Rodriguez, Lidia Sabina<\/td><td class=\"has-text-align-center\" data-align=\"center\">Farmac\u00e9utica<\/td><\/tr><tr><td>Rodr\u00edguez, Natalia Raquel<\/td><td class=\"has-text-align-center\" data-align=\"center\">Farmac\u00e9utica<\/td><\/tr><tr><td>Soto, Claudio<\/td><td class=\"has-text-align-center\" data-align=\"center\">Bioqu\u00edmico<\/td><\/tr><tr><td>Stevenson, Alejandro Torkel<\/td><td class=\"has-text-align-center\" data-align=\"center\">M\u00e9d. Veterinario<\/td><\/tr><tr><td>Ver\u00f3n,&nbsp; Daiana Otilia<\/td><td class=\"has-text-align-center\" data-align=\"center\">Lic. en Enfermer\u00eda<\/td><\/tr><\/tbody><\/table><\/figure>\n\n\n\n<p><\/p>\n\n\n\n<p><\/p>\n\n\n\n<p><span class=\"has-inline-color has-vivid-cyan-blue-color\">6\u00b0 COHORTE (2023-2024)<\/span><\/p>\n\n\n\n<figure class=\"wp-block-table\"><table><tbody><tr><td><strong>APELLIDO Y NOMBRES<\/strong><\/td><td class=\"has-text-align-center\" data-align=\"center\"><strong>PROFESI\u00d3N<\/strong><\/td><\/tr><tr><td>Aguilera, Marta Beatriz<\/td><td class=\"has-text-align-center\" data-align=\"center\">Lic. en Enfermer\u00eda<\/td><\/tr><tr><td>Ayala, Maria Teresa<\/td><td class=\"has-text-align-center\" data-align=\"center\">M\u00e9d. Veterinaria<\/td><\/tr><tr><td>Barbero, Maria Fernanda<\/td><td class=\"has-text-align-center\" data-align=\"center\">Lic. en Enfermer\u00eda<\/td><\/tr><tr><td>Batista, Mar\u00eda del Carmen<\/td><td class=\"has-text-align-center\" data-align=\"center\">Lic. en Enfermer\u00eda<\/td><\/tr><tr><td>Benitez, Cintia Silvana<\/td><td class=\"has-text-align-center\" data-align=\"center\">Farmac\u00e9utica<\/td><\/tr><tr><td>Bogado, Federico Sebastian<\/td><td class=\"has-text-align-center\" data-align=\"center\">Farmac\u00e9utico<\/td><\/tr><tr><td>Britez, Maria Griselda<\/td><td class=\"has-text-align-center\" data-align=\"center\">Bioqu\u00edmica<\/td><\/tr><tr><td>Caceres, Daniela Agustina<\/td><td class=\"has-text-align-center\" data-align=\"center\">Farmac\u00e9utica<\/td><\/tr><tr><td>Carol Rey, Mariana Carina<\/td><td class=\"has-text-align-center\" data-align=\"center\">Bioqu\u00edmica<\/td><\/tr><tr><td>Carreras, Irma Cecilia<\/td><td class=\"has-text-align-center\" data-align=\"center\">Lic. en Enfermer\u00eda<\/td><\/tr><tr><td>Coria, Mar\u00eda Alejandra<\/td><td class=\"has-text-align-center\" data-align=\"center\">M\u00e9d. Veterinaria<\/td><\/tr><tr><td>Correa, Carina Paola<\/td><td class=\"has-text-align-center\" data-align=\"center\">Lic. en Enfermer\u00eda<\/td><\/tr><tr><td>Dieminger, Victoria Eliana<\/td><td class=\"has-text-align-center\" data-align=\"center\">Lic. en Gen\u00e9tica<\/td><\/tr><tr><td>Dominguez, Gustavo Javier<\/td><td class=\"has-text-align-center\" data-align=\"center\">Bioqu\u00edmico<\/td><\/tr><tr><td>Esp\u00edndola, Jaquelina Elizabeth<\/td><td class=\"has-text-align-center\" data-align=\"center\">Lic. en Enfermer\u00eda<\/td><\/tr><tr><td>Gamarra, Marcelo Daniel<\/td><td class=\"has-text-align-center\" data-align=\"center\">Lic. en Gen\u00e9tica<\/td><\/tr><tr><td>Garc\u00eda, Jose Mauricio Gabriel<\/td><td class=\"has-text-align-center\" data-align=\"center\">Lic. en Enfermer\u00eda<\/td><\/tr><tr><td>Gauna, Mariela Beatriz<\/td><td class=\"has-text-align-center\" data-align=\"center\">Lic. Org y Asist de Quir\u00f3fano<\/td><\/tr><tr><td>G\u00f3mez, Juan Facundo<\/td><td class=\"has-text-align-center\" data-align=\"center\">Farmac\u00e9utico<\/td><\/tr><tr><td>Gonz\u00e1lez, Iliana Noem\u00ed<\/td><td class=\"has-text-align-center\" data-align=\"center\">Bioqu\u00edmica<\/td><\/tr><tr><td>Gonz\u00e1lez, Constanza Naomi<\/td><td class=\"has-text-align-center\" data-align=\"center\">Bioqu\u00edmica<\/td><\/tr><tr><td>Hanske, Ana Elizabeth<\/td><td class=\"has-text-align-center\" data-align=\"center\">Farmac\u00e9utica<\/td><\/tr><tr><td>Hein Plaza, Maria Candelaria<\/td><td class=\"has-text-align-center\" data-align=\"center\">Bioqu\u00edmica<\/td><\/tr><tr><td>Ludojoski, Carina Andrea<\/td><td class=\"has-text-align-center\" data-align=\"center\">Bioqu\u00edmica<\/td><\/tr><tr><td>Machado, Griselda Elizabeth<\/td><td class=\"has-text-align-center\" data-align=\"center\">Farmac\u00e9utica<\/td><\/tr><tr><td>Maciel, Daniel Alejandro<\/td><td class=\"has-text-align-center\" data-align=\"center\">Bioqu\u00edmico<\/td><\/tr><tr><td>Markendorf, Maria Fernanda<\/td><td class=\"has-text-align-center\" data-align=\"center\">M\u00e9d. Veterinaria<\/td><\/tr><tr><td>Miranda, Angelica Haydee<\/td><td class=\"has-text-align-center\" data-align=\"center\">Lic. en Enfermer\u00eda<\/td><\/tr><tr><td>Pallares Ramirez, Sabrina Maria<\/td><td class=\"has-text-align-center\" data-align=\"center\">Bioqu\u00edmica<\/td><\/tr><tr><td>Pelinski Venchiarutti, Iv\u00e1n<\/td><td class=\"has-text-align-center\" data-align=\"center\">M\u00e9dico<\/td><\/tr><tr><td>Piazza, Maria Itat\u00ed<\/td><td class=\"has-text-align-center\" data-align=\"center\">Lic. en Enfermer\u00eda<\/td><\/tr><tr><td>Pires, Patricia Soledad<\/td><td class=\"has-text-align-center\" data-align=\"center\">Bioqu\u00edmica<\/td><\/tr><tr><td>Ramirez, Guillermo Ruben<\/td><td class=\"has-text-align-center\" data-align=\"center\">Lic. en Enfermer\u00eda<\/td><\/tr><tr><td>Ramirez, Florencia Micaela<\/td><td class=\"has-text-align-center\" data-align=\"center\">Lic en Enfermer\u00eda<\/td><\/tr><tr><td>Regner, Vivian Janet Georgina<\/td><td class=\"has-text-align-center\" data-align=\"center\">Lic. en Inst. Quir\u00fargica<\/td><\/tr><tr><td>Rodriguez, Paola Gisell<\/td><td class=\"has-text-align-center\" data-align=\"center\">Farmac\u00e9utica<\/td><\/tr><tr><td>Rodr\u00edguez, Roxana del Carmen<\/td><td class=\"has-text-align-center\" data-align=\"center\">Bioqu\u00edmica<\/td><\/tr><tr><td>Rodr\u00edguez Hartfield, Johana A.<\/td><td class=\"has-text-align-center\" data-align=\"center\">M\u00e9d. Veterinaria<\/td><\/tr><tr><td>Schenholtz, Gloria Alejandra<\/td><td class=\"has-text-align-center\" data-align=\"center\">Bioqu\u00edmica<\/td><\/tr><tr><td>Schweikofski, Mariel Eliana<\/td><td class=\"has-text-align-center\" data-align=\"center\">Bioqu\u00edmica<\/td><\/tr><tr><td>Sisto, Rosana Mabel<\/td><td class=\"has-text-align-center\" data-align=\"center\">Lic. en Enfermer\u00eda<\/td><\/tr><tr><td>Tanovich, Cecilia Gimena<\/td><td class=\"has-text-align-center\" data-align=\"center\">Bioqu\u00edmica<\/td><\/tr><tr><td>Valchar, Samantha Nicole<\/td><td class=\"has-text-align-center\" data-align=\"center\">Lic. en Gen\u00e9tica<\/td><\/tr><tr><td>Zapata, H\u00e9ctor Daniel<\/td><td class=\"has-text-align-center\" data-align=\"center\">Farmac\u00e9utico<\/td><\/tr><\/tbody><\/table><\/figure>\n","protected":false},"excerpt":{"rendered":"<p>1\u00b0 COHORTE (2014-2015) APELLIDO Y NOMBRES PROFESI\u00d3N Capaccio, Pablo N.&nbsp; Bioqu\u00edmico Correa, Silvia&nbsp; Lic. en Enfermer\u00eda D\u00edaz, Ricardo G.&nbsp;&nbsp; Lic. en Gen\u00e9tica Duarte, Blanca&nbsp; Lic. en Enfermer\u00eda Dusse, G. Viviana&nbsp; Bioqu\u00edmica Fattore, Gladys&nbsp; Lic. Trabajo Soc. Fern\u00e1ndez, Gustavo&nbsp; Bioqu\u00edmico Gabassi, Ver\u00f3nica C.&nbsp; Lic. en Nutrici\u00f3n Gonz\u00e1lez, Cristina&nbsp; Bioqu\u00edmica Leiva, Ruth\u2026<\/p>\n<p> <a class=\"continue-reading-link\" href=\"https:\/\/www.fceqyn.unam.edu.ar\/maestriaspyet\/index.php\/alumnos\/\"><span>Continue reading<\/span><i class=\"crycon-right-dir\"><\/i><\/a><\/p>\n","protected":false},"author":1,"featured_media":43,"parent":0,"menu_order":0,"comment_status":"closed","ping_status":"closed","template":"","meta":[],"_links":{"self":[{"href":"https:\/\/www.fceqyn.unam.edu.ar\/maestriaspyet\/index.php\/wp-json\/wp\/v2\/pages\/27"}],"collection":[{"href":"https:\/\/www.fceqyn.unam.edu.ar\/maestriaspyet\/index.php\/wp-json\/wp\/v2\/pages"}],"about":[{"href":"https:\/\/www.fceqyn.unam.edu.ar\/maestriaspyet\/index.php\/wp-json\/wp\/v2\/types\/page"}],"author":[{"embeddable":true,"href":"https:\/\/www.fceqyn.unam.edu.ar\/maestriaspyet\/index.php\/wp-json\/wp\/v2\/users\/1"}],"replies":[{"embeddable":true,"href":"https:\/\/www.fceqyn.unam.edu.ar\/maestriaspyet\/index.php\/wp-json\/wp\/v2\/comments?post=27"}],"version-history":[{"count":5,"href":"https:\/\/www.fceqyn.unam.edu.ar\/maestriaspyet\/index.php\/wp-json\/wp\/v2\/pages\/27\/revisions"}],"predecessor-version":[{"id":1426,"href":"https:\/\/www.fceqyn.unam.edu.ar\/maestriaspyet\/index.php\/wp-json\/wp\/v2\/pages\/27\/revisions\/1426"}],"wp:featuredmedia":[{"embeddable":true,"href":"https:\/\/www.fceqyn.unam.edu.ar\/maestriaspyet\/index.php\/wp-json\/wp\/v2\/media\/43"}],"wp:attachment":[{"href":"https:\/\/www.fceqyn.unam.edu.ar\/maestriaspyet\/index.php\/wp-json\/wp\/v2\/media?parent=27"}],"curies":[{"name":"wp","href":"https:\/\/api.w.org\/{rel}","templated":true}]}}