{"id":20,"date":"2019-04-29T10:27:24","date_gmt":"2019-04-29T13:27:24","guid":{"rendered":"www.fceqyn.unam.edu.ar\/iidii\/?page_id=20"},"modified":"2019-07-26T12:25:12","modified_gmt":"2019-07-26T15:25:12","slug":"transferencia","status":"publish","type":"page","link":"https:\/\/www.fceqyn.unam.edu.ar\/iidii\/transferencia\/","title":{"rendered":"Transferencia"},"content":{"rendered":"\n<h2>Pentaho Data Integration <\/h2>\n\n\n\n<p>Disertante Lic. Germ\u00e1n, PAUTSCH. Destinado a personal T\u00e9cnico Inform\u00e1tico de la Universidad Nacional de Misiones<\/p>\n\n\n\n<hr class=\"wp-block-separator\"\/>\n\n\n\n<h2>Miner\u00eda de Datos Nivel T\u00e9cnico<\/h2>\n\n\n\n<p>Director del Proyecto Dr. Horacio, KUNA. Destinado a profesionales con s\u00f3lidos conocimientos en el campo de la inform\u00e1tica y bases de datos, agentes, No Docentes de las distintas unidades inform\u00e1ticas, alumnos avanzados y graduados de las carreras en inform\u00e1tica. <\/p>\n\n\n\n<hr class=\"wp-block-separator\"\/>\n\n\n\n<h3>Entornos Virtuales de Aprendizaje y Recursos de la Web 2.0<\/h3>\n\n\n\n<p>Director del Proyecto Dr. Marcelo MARINELLI. Destinado a alumnos de las carreras de Farmacia y Bioqu\u00edmica. Ver detalles en resoluci\u00f3n de CD N\u00b0 03752010.<\/p>\n\n\n\n<hr class=\"wp-block-separator\"\/>\n\n\n\n<h3>Curso de Rob\u00f3tica Introductoria<\/h3>\n\n\n\n<p>Director del Proyecto Dr. Marcelo MARINELLI. Destinado a alumnos de las carrera en inform\u00e1tica de la FCEQyN y P\u00fablico en General. Ver detalles en resoluci\u00f3n de CD N\u00b0 04072012.<\/p>\n\n\n\n<h4>Integrantes<\/h4>\n\n\n\n<table class=\"wp-block-table\"><tbody><tr><td>RAMBO, Alice<\/td><\/tr><\/tbody><\/table>\n\n\n\n<hr class=\"wp-block-separator\"\/>\n\n\n\n<h3>Ense\u00f1anza Interworking utilizando Maqueta WAN<\/h3>\n\n\n\n<p>Director del Proyecto Dr. Marcelo MARINELLI. Destinado a alumnos de las carrera en inform\u00e1tica de la FCEQyN y P\u00fablico en General. Ver detalles en resoluci\u00f3n de CD N\u00b0 02642011.<\/p>\n\n\n\n<hr class=\"wp-block-separator\"\/>\n\n\n\n<h3>T\u00e9cnicas de Clasificaci\u00f3n y Clustering para una B\u00fasqueda m\u00e1s Eficaz de la Informaci\u00f3n en la Web<\/h3>\n\n\n\n<p>Director del Proyecto Dr. Horacio, KUNA. Destinado a alumnos de las carrera en inform\u00e1tica de la FCEQyN y P\u00fablico en General. Ver detalles en resoluci\u00f3n de CD N\u00b0 0682012.<\/p>\n\n\n\n<h4>Integrantes<\/h4>\n\n\n\n<table class=\"wp-block-table\"><tbody><tr><td>OLIVAS, Varela<\/td><\/tr><\/tbody><\/table>\n\n\n\n<hr class=\"wp-block-separator\"\/>\n\n\n\n<h3>Recursos Metodol\u00f3gicos y Tecnol\u00f3gicos para la Elaboraci\u00f3n de Tesis de Grado, Postgrado y Difusi\u00f3n de Resultados de Investigaciones en Inform\u00e1tica<\/h3>\n\n\n\n<p>Director del Proyecto Dr. Horacio, KUNA. Destinado a alumnos de las carrera en inform\u00e1tica de la FCEQyN. Ver detalles en resoluci\u00f3n de CD N\u00b0 0322012. <\/p>\n\n\n\n<h4>Integrantes<\/h4>\n\n\n\n<table class=\"wp-block-table\"><tbody><tr><td>DAPOZO, Gldis<\/td><\/tr><\/tbody><\/table>\n\n\n\n<hr class=\"wp-block-separator\"\/>\n\n\n\n<h3>Capacitaci\u00f3n en Auditoria de Sistemas Aplicando T\u00e9cnicas de Auditoria Asistidas por Computadora<\/h3>\n\n\n\n<p>Director del Proyecto Dr. Horacio, KUNA. Destinado a alumnos de las carrera en inform\u00e1tica de la FCEQyN y P\u00fablico en General. Ver detalles en resoluci\u00f3n de CD N\u00b0 03672009. <\/p>\n\n\n\n<h4>Integrantes<\/h4>\n\n\n\n<table class=\"wp-block-table\"><tbody><tr><td>VIALEY, Mario<\/td><\/tr><\/tbody><\/table>\n\n\n\n<hr class=\"wp-block-separator\"\/>\n\n\n\n<h3>Miner\u00eda de Datos Nivel T\u00e9cnico<\/h3>\n\n\n\n<p>Director del Proyecto Dr. Horacio, KUNA. Destinado a alumnos de las carrera en inform\u00e1tica de la FCEQyN y P\u00fablico en General. Ver detalles en resoluci\u00f3n de CD N\u00b0 05292014.<\/p>\n\n\n\n<h4>Integrantes<\/h4>\n\n\n\n<table class=\"wp-block-table\"><tbody><tr><td>PAUTSCH, German<\/td><\/tr><tr><td>REY, Mart\u00edn<\/td><\/tr><\/tbody><\/table>\n","protected":false},"excerpt":{"rendered":"<p>Pentaho Data Integration Disertante Lic. Germ\u00e1n, PAUTSCH. Destinado a personal T\u00e9cnico Inform\u00e1tico de la Universidad Nacional de Misiones Miner\u00eda de Datos Nivel T\u00e9cnico Director del Proyecto Dr. Horacio, KUNA. Destinado a profesionales con s\u00f3lidos conocimientos en el campo de la inform\u00e1tica y bases de datos, agentes, No Docentes de las distintas unidades inform\u00e1ticas, alumnos avanzados y graduados de las carreras en inform\u00e1tica. Entornos Virtuales de Aprendizaje y Recursos de la Web 2.0 Director del Proyecto Dr. Marcelo MARINELLI. Destinado a&hellip;<\/p>\n","protected":false},"author":1,"featured_media":0,"parent":0,"menu_order":0,"comment_status":"closed","ping_status":"closed","template":"","meta":[],"_links":{"self":[{"href":"https:\/\/www.fceqyn.unam.edu.ar\/iidii\/wp-json\/wp\/v2\/pages\/20"}],"collection":[{"href":"https:\/\/www.fceqyn.unam.edu.ar\/iidii\/wp-json\/wp\/v2\/pages"}],"about":[{"href":"https:\/\/www.fceqyn.unam.edu.ar\/iidii\/wp-json\/wp\/v2\/types\/page"}],"author":[{"embeddable":true,"href":"https:\/\/www.fceqyn.unam.edu.ar\/iidii\/wp-json\/wp\/v2\/users\/1"}],"replies":[{"embeddable":true,"href":"https:\/\/www.fceqyn.unam.edu.ar\/iidii\/wp-json\/wp\/v2\/comments?post=20"}],"version-history":[{"count":5,"href":"https:\/\/www.fceqyn.unam.edu.ar\/iidii\/wp-json\/wp\/v2\/pages\/20\/revisions"}],"predecessor-version":[{"id":105,"href":"https:\/\/www.fceqyn.unam.edu.ar\/iidii\/wp-json\/wp\/v2\/pages\/20\/revisions\/105"}],"wp:attachment":[{"href":"https:\/\/www.fceqyn.unam.edu.ar\/iidii\/wp-json\/wp\/v2\/media?parent=20"}],"curies":[{"name":"wp","href":"https:\/\/api.w.org\/{rel}","templated":true}]}}