{"id":19,"date":"2019-04-29T10:27:24","date_gmt":"2019-04-29T13:27:24","guid":{"rendered":"www.fceqyn.unam.edu.ar\/iidii\/?page_id=19"},"modified":"2019-05-01T16:31:38","modified_gmt":"2019-05-01T19:31:38","slug":"trabajos","status":"publish","type":"page","link":"https:\/\/www.fceqyn.unam.edu.ar\/iidii\/trabajos\/","title":{"rendered":"Trabajos"},"content":{"rendered":"\n<h2>Trabajos de Investigaci\u00f3n<\/h2>\n\n\n\n<h3>An\u00e1lisis de Riesgo en Proyectos de Software Adaptados a la Realidad tecnol\u00f3gica y Socio Econ\u00f3mica de la Provincia de Misiones<\/h3>\n\n\n\n<p>A cargo de Lic. Sergio, CABALLERO y bajo la direcci\u00f3n del Dr. Horacio KUNA. Aprobado por resoluci\u00f3n N\u00b0 04432009.<\/p>\n\n\n\n<hr class=\"wp-block-separator\"\/>\n\n\n\n<h2>Tesis de Maestr\u00eda Terminados<\/h2>\n\n\n\n<h3>Detecci\u00f3n de Outliers en Grandes Bases de Datos<\/h3>\n\n\n\n<p>A cargo de Adri\u00e1n, ARMAS y bajo la direcci\u00f3n de Dr. Horacio, KUNA.<\/p>\n\n\n\n<hr class=\"wp-block-separator\"\/>\n\n\n\n<h2>Tesis de Doctorado en Curso<\/h2>\n\n\n\n<h3>Aplicaci\u00f3n de la Miner\u00eda de Datos para la Selecci\u00f3n de Biomateriales en Argentina<\/h3>\n\n\n\n<p>A cargo de la Lic. Nancy, GANZ y bajo la direcci\u00f3n del Dr. Horacio, KUNA..<\/p>\n\n\n\n<hr class=\"wp-block-separator\"\/>\n\n\n\n<h2>Tesis de Maestr\u00eda en Curso<\/h2>\n\n\n\n<h3>Metodolog\u00eda para la Definici\u00f3n de y Ponderaci\u00f3n de Factores de \u00c9xito para Procesos de Gesti\u00f3n de Proyectos Acad\u00e9micos Unipersonales de Pr\u00e1ctica Profesional Supervisada en Carreras de Inform\u00e1tica<\/h3>\n\n\n\n<p>A cargo de Ing. Alice, RAMBO y bajo la direcci\u00f3n del Dr. Horacio, KUNA.<\/p>\n\n\n\n<h3>Propuesta de Procesos de Explotaci\u00f3n de la Informaci\u00f3n para la Detecci\u00f3n de Comportamiento Corrupto en Administraci\u00f3n Publica<\/h3>\n\n\n\n<p>A cargo de Rodrigo, LOPEZ-PABLOS y bajo la direcci\u00f3n del Dr. Horacio, KUNA.<\/p>\n\n\n\n<h3>Gu\u00eda de Buenas Practicas de Auditoria para la Implementaci\u00f3n<\/h3>\n\n\n\n<p>A cargo de Elizabeth, FERN\u00c1NDEZ GALEANO y bajo la direcci\u00f3n del Dr. Horacio, KUNA.<\/p>\n\n\n\n<hr class=\"wp-block-separator\"\/>\n\n\n\n<h2>Tesis de Grado Terminadas<\/h2>\n\n\n\n<h3>Modelo de Redes Neuronales Basados en Aprendizaje Supervisado Aplicado a la Predicci\u00f3n de Inundaciones<\/h3>\n\n\n\n<p>A cargo de Mirna Gabriela CUBA MOLINAS y Andrea Fidela, LEZCANO. Baja la direcci\u00f3n del Dr. Horacio, KUNA.<\/p>\n\n\n\n<h3>Identificaci\u00f3n de Noticias, en P\u00e1ginas Web de Diarios Nacionales, Relacionadas al Lavado de Dinero Utilizando Miner\u00eda de Datos<\/h3>\n\n\n\n<p>A cargo de Alfredo, GAONA y bajo la direcci\u00f3n del Dr. Horacio, KUNA.<\/p>\n\n\n\n<h3>Desarrollo de un Modelo Perceptr\u00f3n Multicapa para la Predicci\u00f3n del Rendimiento Acad\u00e9mico de los Alumnos de la Carrera Licenciatura en Sistemas de Informaci\u00f3n<\/h3>\n\n\n\n<p>A cargo de Eduardo, ACU\u00d1A y bajo la direcci\u00f3n del Dr. Horacio, KUNA.<\/p>\n\n\n\n<h3>T\u00e9cnicas de Miner\u00eda de datos Aplicadas al An\u00e1lisis  de Canasta de Mercado<\/h3>\n\n\n\n<p>A cargo de Marcela Beatriz, BAUKLOH CORONIL y bajo la direcci\u00f3n del Dr. Horacio, KUNA.<\/p>\n\n\n\n<h3>Aprovechamiento de los Recursos de Computo y Almacenamiento de Servidores  Mediante el Uso de M\u00e1quinas Virtuales.<\/h3>\n\n\n\n<hr class=\"wp-block-separator\"\/>\n\n\n\n<p>A cargo de Alfredo, ZACAR\u00cdAS y bajo la direcci\u00f3n del Dr. Horacio, KUNA.<\/p>\n\n\n\n<h3>Aplicaci\u00f3n M\u00f3vil para la Predicci\u00f3n de Arribos On-Line del Transporte P\u00fablico<\/h3>\n\n\n\n<p>A cargo de Nestor, TAPIA y bajo la direcci\u00f3n del Dr. Horacio, KUNA.<\/p>\n\n\n\n<h3>Clusterizaci\u00f3n de Documentos Cient\u00edficos Utilizando Miner\u00eda de Textos<\/h3>\n\n\n\n<p>A cargo de Maros, LOZINA y bajo la direcci\u00f3n del Dr. Horacio, KUNA.<\/p>\n\n\n\n<h3>Generaci\u00f3n de un Procedimiento de B\u00fasqueda de Outliers sobre Campos Alfanum\u00e9ricos en Logs de Auditoria<\/h3>\n\n\n\n<p>A cargo de mart\u00edn, REY y bajo la direcci\u00f3n del Dr. Horacio, KUNA.<\/p>\n\n\n\n<h3>Modelo de Gesti\u00f3n de Servicios TIC en la Facultad de Humanidades y Ciencias Sociales de la U.Na.M.<\/h3>\n\n\n\n<p>A cargo de Nora, MARTINEZ y bajo la direcci\u00f3n del Dr. Horacio, KUNA.<\/p>\n\n\n\n<h3>Infraestructura Tecnol\u00f3gica Virtual para el Centro de C\u00f3mputos de la Universidad Nacional de Itap\u00faa<\/h3>\n\n\n\n<p>A cargo de Juli\u00e1n, C\u00c1CERES y Teddy, LIMOUSIN. Bajo la direcci\u00f3n del Dr. Horacio, KUNA.<\/p>\n\n\n\n<h3>Infraestructura SSI de altas Prestaciones Aplicadas a Bancos de Datos<\/h3>\n\n\n\n<p>A cargo de Hugo, SENDOA y David, KRUGER. Bajo la direcci\u00f3n del Dr. Horacio, KUNA.<\/p>\n\n\n\n<h3>An\u00e1lisis de Riesgo en Proyectos de Software &#8211; Un Nuevo M\u00e9todo Integrando la Metodolog\u00eda SEI y Magerit2<\/h3>\n\n\n\n<p>A cargo de Sergio, CABALLERO y bajo la direcci\u00f3n del Dr. Horacio, KUNA.<\/p>\n\n\n\n<h3>Adaptaci\u00f3n e Implementaci\u00f3n del Modelo de Procesos MoProSoft Una Implementaci\u00f3n del Sistema de Gesti\u00f3n Alumnos SIU-Guaran\u00ed 3.0 en la Escuela de Enfermer\u00eda de la Universidad Nacional de Misiones UNaM<\/h3>\n\n\n\n<p>A cargo de Betina, FERARIS y bajo la direcci\u00f3n del Dr. Horacio, KUNA.<\/p>\n\n\n\n<h3>Dise\u00f1o e Imlementaci\u00f3n de un Controlador Difuso para la Navegaci\u00f3n de Robots M\u00f3viles Utilizando el Algoritmo de Wan&amp;Mendel<\/h3>\n\n\n\n<p>A cargo de Lisandro Javier, SOLONEZEN y bajo la direcci\u00f3n del Dr. Marcelo, MARINELLI.<\/p>\n\n\n\n<h3>Sem\u00e1foro Inteligente Basado en la L\u00f3gica Difusa para el Control de Tr\u00e1fico en Intersecciones de Tres V\u00edas<\/h3>\n\n\n\n<p>A cargo de Fernando Oscar, ACU\u00d1A y bajo la direcci\u00f3n del Dr. Marcelo, MARINELLI.<\/p>\n\n\n\n<h3>Prototipo de Control de Estabilidad de un Veh\u00edculo A\u00e9reo no Tripulado Mediante un Sistema Experto Basado en Reglas<\/h3>\n\n\n\n<p>A cargo de Alejandro Gabriel, GOROSITO y bajo la direcci\u00f3n del Dr. Marcelo, MARINELLI.<\/p>\n\n\n\n<h3>Dise\u00f1o de un Sistema de Posicionamiento en Interiores Mediante Redes Wi-Fi para Dispositivos M\u00f3viles<\/h3>\n\n\n\n<p>A cargo de Renzo Marcelo, PERASSO y bajo la direcci\u00f3n del Dr. Marcelo, MARINELLI.<\/p>\n\n\n\n<h3>Desarrollo de un Sistema de Navegaci\u00f3n y Telemetr\u00eda en Tiempo Real para un Robot M\u00f3vil desde un Smart Phone v\u00eda WiFi (IEEE 802.11)<\/h3>\n\n\n\n<p>A cargo de Miguel Alejandro, CICHANOWSKI y bajo la direcci\u00f3n del Dr. Marcelo, MARINELLI.<\/p>\n\n\n\n<h3>Dise\u00f1o e Implementaci\u00f3n de un Controlador Difuso para la Navegaci\u00f3n de Robots M\u00f3viles Utilizando MATLAB<\/h3>\n\n\n\n<p>A cargo de Cristian, KORNUTA y bajo la direci\u00f3n del Dr. Marcelo, MARINELLI.<\/p>\n\n\n\n<h3>Sistema Experto Basado en el Manual Diagn\u00f3stico y Estad\u00edstico de los Trastornos Mentales (DSM-IV-TR)<\/h3>\n\n\n\n<p>A cargo de Fausto, GARCETE y bajo la direcci\u00f3n del Dr. Marcelo, MARINELLI.<\/p>\n\n\n\n<h3>Desarrollo de una Maqueta de Red WAN Utilizando los Protocolos X.25 FRAME-RELAY, H.D.C. y PPP<\/h3>\n\n\n\n<p>A cargo de Carlos, KORNUTA y bajo la direcci\u00f3n del Dr. Marcelo, MARINELLI.<\/p>\n\n\n\n<h3>Construcci\u00f3n de un Prototipo de Robot M\u00f3vil Aut\u00f3nomo Controlado Mediante un Sistema Experto Basado en Reglas y Evaluaci\u00f3n del Sistema de Navegaci\u00f3n del Robot<\/h3>\n\n\n\n<p>A cargo de Enrique, DE SILVESTRE y bajo la direcci\u00f3n del Dr. Marcelo, MARINELLI.<\/p>\n\n\n\n<hr class=\"wp-block-separator\"\/>\n\n\n\n<h2>Becarios<\/h2>\n\n\n\n<table class=\"wp-block-table\"><tbody><tr><td><strong>Denominaci\u00f3n<\/strong><\/td><td><strong>Becario<\/strong><\/td><td><strong>Director<\/strong><\/td><\/tr><tr><td>Beca CIN<\/td><td>Roque Esteban, MARTINI<\/td><td>Dr. Horacio, KUNA<\/td><\/tr><tr><td>Beca del CEDIT<\/td><td>Mart\u00edn, REY<\/td><td> Dr. Horacio, KUNA <\/td><\/tr><tr><td> Beca del CEDIT <\/td><td>Mart\u00edn, REY<\/td><td> Dr. Horacio, KUNA <\/td><\/tr><tr><td> Beca del CEDIT <\/td><td>Germ\u00e1n, PAUTSCH<\/td><td> Dr. Horacio, KUNA <\/td><\/tr><tr><td> Beca CIN <\/td><td>Facundo, YATCHESEN<\/td><td> Dr. Horacio, KUNA <\/td><\/tr><tr><td>SGCyT UNaM<\/td><td>Fernando, GUERRERO<\/td><td> Dr. Horacio, KUNA <\/td><\/tr><tr><td> SGCyT UNaM <\/td><td>Gustavo, ESCALANTE<\/td><td> Dr. Horacio, KUNA <\/td><\/tr><\/tbody><\/table>\n","protected":false},"excerpt":{"rendered":"<p>Trabajos de Investigaci\u00f3n An\u00e1lisis de Riesgo en Proyectos de Software Adaptados a la Realidad tecnol\u00f3gica y Socio Econ\u00f3mica de la Provincia de Misiones A cargo de Lic. Sergio, CABALLERO y bajo la direcci\u00f3n del Dr. Horacio KUNA. Aprobado por resoluci\u00f3n N\u00b0 04432009. Tesis de Maestr\u00eda Terminados Detecci\u00f3n de Outliers en Grandes Bases de Datos A cargo de Adri\u00e1n, ARMAS y bajo la direcci\u00f3n de Dr. Horacio, KUNA. Tesis de Doctorado en Curso Aplicaci\u00f3n de la Miner\u00eda de Datos para la&hellip;<\/p>\n","protected":false},"author":1,"featured_media":0,"parent":0,"menu_order":0,"comment_status":"closed","ping_status":"closed","template":"","meta":[],"_links":{"self":[{"href":"https:\/\/www.fceqyn.unam.edu.ar\/iidii\/wp-json\/wp\/v2\/pages\/19"}],"collection":[{"href":"https:\/\/www.fceqyn.unam.edu.ar\/iidii\/wp-json\/wp\/v2\/pages"}],"about":[{"href":"https:\/\/www.fceqyn.unam.edu.ar\/iidii\/wp-json\/wp\/v2\/types\/page"}],"author":[{"embeddable":true,"href":"https:\/\/www.fceqyn.unam.edu.ar\/iidii\/wp-json\/wp\/v2\/users\/1"}],"replies":[{"embeddable":true,"href":"https:\/\/www.fceqyn.unam.edu.ar\/iidii\/wp-json\/wp\/v2\/comments?post=19"}],"version-history":[{"count":8,"href":"https:\/\/www.fceqyn.unam.edu.ar\/iidii\/wp-json\/wp\/v2\/pages\/19\/revisions"}],"predecessor-version":[{"id":93,"href":"https:\/\/www.fceqyn.unam.edu.ar\/iidii\/wp-json\/wp\/v2\/pages\/19\/revisions\/93"}],"wp:attachment":[{"href":"https:\/\/www.fceqyn.unam.edu.ar\/iidii\/wp-json\/wp\/v2\/media?parent=19"}],"curies":[{"name":"wp","href":"https:\/\/api.w.org\/{rel}","templated":true}]}}