{"id":12,"date":"2019-04-29T10:23:24","date_gmt":"2019-04-29T13:23:24","guid":{"rendered":"www.fceqyn.unam.edu.ar\/iidii\/?page_id=12"},"modified":"2019-04-30T16:45:36","modified_gmt":"2019-04-30T19:45:36","slug":"posgrado","status":"publish","type":"page","link":"https:\/\/www.fceqyn.unam.edu.ar\/iidii\/posgrado\/","title":{"rendered":"Posgrado"},"content":{"rendered":"\n<h2>Maestr\u00eda en Tecnolog\u00edas de la Informaci\u00f3n<\/h2>\n\n\n\n<p>Desde su creaci\u00f3n el programa de investigaci\u00f3n en computaci\u00f3n ha consolidado un espacio para el desarrollo de la investigaci\u00f3n y formaci\u00f3n de recursos humanos, desarrollado l\u00edneas de investigaci\u00f3n en las \u00e1reas de miner\u00eda de datos, auditoria de sistemas, sistemas de recuperaci\u00f3n de informaci\u00f3n, rob\u00f3tica, l\u00f3gica difusa, entre otras, en este programa han participado m\u00e1s de 50 personas entre docentes, alumnos y egresados, se han formado recursos humanos, se han realizado alrededor de 15 presentaciones en congresos y m\u00e1s de 25 publicaciones en revistas nacionales e internacionales con referato.<\/p>\n","protected":false},"excerpt":{"rendered":"<p>Maestr\u00eda en Tecnolog\u00edas de la Informaci\u00f3n Desde su creaci\u00f3n el programa de investigaci\u00f3n en computaci\u00f3n ha consolidado un espacio para el desarrollo de la investigaci\u00f3n y formaci\u00f3n de recursos humanos, desarrollado l\u00edneas de investigaci\u00f3n en las \u00e1reas de miner\u00eda de datos, auditoria de sistemas, sistemas de recuperaci\u00f3n de informaci\u00f3n, rob\u00f3tica, l\u00f3gica difusa, entre otras, en este programa han participado m\u00e1s de 50 personas entre docentes, alumnos y egresados, se han formado recursos humanos, se han realizado alrededor de 15 presentaciones&hellip;<\/p>\n","protected":false},"author":1,"featured_media":0,"parent":0,"menu_order":0,"comment_status":"closed","ping_status":"closed","template":"","meta":[],"_links":{"self":[{"href":"https:\/\/www.fceqyn.unam.edu.ar\/iidii\/wp-json\/wp\/v2\/pages\/12"}],"collection":[{"href":"https:\/\/www.fceqyn.unam.edu.ar\/iidii\/wp-json\/wp\/v2\/pages"}],"about":[{"href":"https:\/\/www.fceqyn.unam.edu.ar\/iidii\/wp-json\/wp\/v2\/types\/page"}],"author":[{"embeddable":true,"href":"https:\/\/www.fceqyn.unam.edu.ar\/iidii\/wp-json\/wp\/v2\/users\/1"}],"replies":[{"embeddable":true,"href":"https:\/\/www.fceqyn.unam.edu.ar\/iidii\/wp-json\/wp\/v2\/comments?post=12"}],"version-history":[{"count":5,"href":"https:\/\/www.fceqyn.unam.edu.ar\/iidii\/wp-json\/wp\/v2\/pages\/12\/revisions"}],"predecessor-version":[{"id":89,"href":"https:\/\/www.fceqyn.unam.edu.ar\/iidii\/wp-json\/wp\/v2\/pages\/12\/revisions\/89"}],"wp:attachment":[{"href":"https:\/\/www.fceqyn.unam.edu.ar\/iidii\/wp-json\/wp\/v2\/media?parent=12"}],"curies":[{"name":"wp","href":"https:\/\/api.w.org\/{rel}","templated":true}]}}