{"id":1302,"date":"2019-12-16T12:14:03","date_gmt":"2019-12-16T15:14:03","guid":{"rendered":"https:\/\/www.fceqyn.unam.edu.ar\/epsi\/?page_id=1302"},"modified":"2021-10-07T10:31:19","modified_gmt":"2021-10-07T13:31:19","slug":"preinscripciones","status":"publish","type":"page","link":"https:\/\/www.fceqyn.unam.edu.ar\/epsi\/index.php\/preinscripciones\/","title":{"rendered":"Preinscripciones"},"content":{"rendered":"\t\t<div data-elementor-type=\"wp-page\" data-elementor-id=\"1302\" class=\"elementor elementor-1302\" data-elementor-settings=\"[]\">\n\t\t\t\t\t\t<div class=\"elementor-inner\">\n\t\t\t\t\t\t\t<div class=\"elementor-section-wrap\">\n\t\t\t\t\t\t\t<section class=\"elementor-section elementor-top-section elementor-element elementor-element-03e4feb elementor-section-boxed elementor-section-height-default elementor-section-height-default\" data-id=\"03e4feb\" data-element_type=\"section\">\n\t\t\t\t\t\t<div class=\"elementor-container elementor-column-gap-default\">\n\t\t\t\t\t\t\t<div class=\"elementor-row\">\n\t\t\t\t\t<div class=\"elementor-column elementor-col-100 elementor-top-column elementor-element elementor-element-7d6eeaa\" data-id=\"7d6eeaa\" data-element_type=\"column\">\n\t\t\t<div class=\"elementor-column-wrap elementor-element-populated\">\n\t\t\t\t\t\t\t<div class=\"elementor-widget-wrap\">\n\t\t\t\t\t\t<div class=\"elementor-element elementor-element-5f62be4 elementor-widget elementor-widget-text-editor\" data-id=\"5f62be4\" data-element_type=\"widget\" data-widget_type=\"text-editor.default\">\n\t\t\t\t<div class=\"elementor-widget-container\">\n\t\t\t\t\t<div class=\"elementor-text-editor elementor-clearfix\"><p>Para preinscribirse a la Especializaci\u00f3n en Promoci\u00f3n de Salud Integrativa\u00a0debe cumplir con los requisitos presentados a continuaci\u00f3n:<\/p><ol><li><strong> Perfil del Postulante:<\/strong>El aspirante debe poseer t\u00edtulo de grado, expedido por Universidades P\u00fablicas y Privadas reconocidas por el Poder Ejecutivo Nacional, o del extranjero reconocidas por las autoridades competentes de su pa\u00eds y que se ajusten a las normas de este Reglamento y tengan t\u00edtulo de grado m\u00e1ximo equivalente a los de esta Universidad.\u00a0<\/li><li><strong> Fechas de Preinscripci\u00f3n:\u00a0<\/strong>Durante todo el a\u00f1o.<\/li><li><strong> Formulario de Preinscripci\u00f3n:<\/strong>Los aspirantes deben completar el siguiente formulario:<\/li><\/ol><p><a href=\"https:\/\/docs.google.com\/forms\/d\/e\/1FAIpQLSeSZM5jPX0USnhfN-jLM_9TwQ4xImkFDSXNJgU7qqwR34v0tg\/viewform?usp=sf_link\">Formulario\u00a0 a completar<\/a>.<\/p><ol start=\"4\"><li><strong> Confirmaci\u00f3n de la Preinscripci\u00f3n:<\/strong>Una vez que el formulario de solicitud de preinscripci\u00f3n es enviado, el mismo ser\u00e1 evaluado por el Especializaci\u00f3n en Promoci\u00f3n de Salud Integrativa. Finalmente, el Comit\u00e9 Acad\u00e9mico le enviar\u00e1 una notificaci\u00f3n formal a su correo electr\u00f3nico inform\u00e1ndole si ha sido aceptado o no como preinscripto, a fin de que pueda iniciar los tr\u00e1mites necesarios para su\u00a0<a href=\"https:\/\/www.fceqyn.unam.edu.ar\/doctoradoaplicadas\/index.php\/pages\/inscripcion-a-cursos\">Inscripci\u00f3n<\/a>(Una vez recibido dicho correo, tiene un plazo de 3 tres meses para presentar toda la documentaci\u00f3n de inscripci\u00f3n, pasado el plazo deber\u00e1 completar nuevamente el formulario de preinscripci\u00f3n).<\/li><\/ol><\/div>\n\t\t\t\t<\/div>\n\t\t\t\t<\/div>\n\t\t\t\t\t\t<\/div>\n\t\t\t\t\t<\/div>\n\t\t<\/div>\n\t\t\t\t\t\t\t\t<\/div>\n\t\t\t\t\t<\/div>\n\t\t<\/section>\n\t\t\t\t\t\t<\/div>\n\t\t\t\t\t\t<\/div>\n\t\t\t\t\t<\/div>\n\t\t","protected":false},"excerpt":{"rendered":"<p>Para preinscribirse a la Especializaci\u00f3n en Promoci\u00f3n de Salud Integrativa\u00a0debe cumplir con los requisitos presentados a continuaci\u00f3n: Perfil del Postulante:El aspirante debe poseer t\u00edtulo de grado, expedido por Universidades P\u00fablicas y Privadas reconocidas por el Poder Ejecutivo Nacional, o del extranjero reconocidas por las autoridades competentes de su pa\u00eds y&#8230;<\/p>\n<p> <a class=\"continue-reading-link\" href=\"https:\/\/www.fceqyn.unam.edu.ar\/epsi\/index.php\/preinscripciones\/\"><span>Continue reading<\/span><i class=\"crycon-right-dir\"><\/i><\/a> <\/p>\n","protected":false},"author":1,"featured_media":0,"parent":0,"menu_order":0,"comment_status":"closed","ping_status":"closed","template":"","meta":[],"_links":{"self":[{"href":"https:\/\/www.fceqyn.unam.edu.ar\/epsi\/index.php\/wp-json\/wp\/v2\/pages\/1302"}],"collection":[{"href":"https:\/\/www.fceqyn.unam.edu.ar\/epsi\/index.php\/wp-json\/wp\/v2\/pages"}],"about":[{"href":"https:\/\/www.fceqyn.unam.edu.ar\/epsi\/index.php\/wp-json\/wp\/v2\/types\/page"}],"author":[{"embeddable":true,"href":"https:\/\/www.fceqyn.unam.edu.ar\/epsi\/index.php\/wp-json\/wp\/v2\/users\/1"}],"replies":[{"embeddable":true,"href":"https:\/\/www.fceqyn.unam.edu.ar\/epsi\/index.php\/wp-json\/wp\/v2\/comments?post=1302"}],"version-history":[{"count":7,"href":"https:\/\/www.fceqyn.unam.edu.ar\/epsi\/index.php\/wp-json\/wp\/v2\/pages\/1302\/revisions"}],"predecessor-version":[{"id":1357,"href":"https:\/\/www.fceqyn.unam.edu.ar\/epsi\/index.php\/wp-json\/wp\/v2\/pages\/1302\/revisions\/1357"}],"wp:attachment":[{"href":"https:\/\/www.fceqyn.unam.edu.ar\/epsi\/index.php\/wp-json\/wp\/v2\/media?parent=1302"}],"curies":[{"name":"wp","href":"https:\/\/api.w.org\/{rel}","templated":true}]}}