{"id":1263,"date":"2019-12-16T10:56:01","date_gmt":"2019-12-16T13:56:01","guid":{"rendered":"https:\/\/www.fceqyn.unam.edu.ar\/epsi\/?page_id=1263"},"modified":"2019-12-16T12:13:37","modified_gmt":"2019-12-16T15:13:37","slug":"plan-de-estudios","status":"publish","type":"page","link":"https:\/\/www.fceqyn.unam.edu.ar\/epsi\/index.php\/plan-de-estudios\/","title":{"rendered":"Plan de Estudios"},"content":{"rendered":"\t\t<div data-elementor-type=\"wp-page\" data-elementor-id=\"1263\" class=\"elementor elementor-1263\" data-elementor-settings=\"[]\">\n\t\t\t\t\t\t<div class=\"elementor-inner\">\n\t\t\t\t\t\t\t<div class=\"elementor-section-wrap\">\n\t\t\t\t\t\t\t<section class=\"elementor-section elementor-top-section elementor-element elementor-element-4447656 elementor-section-boxed elementor-section-height-default elementor-section-height-default\" data-id=\"4447656\" data-element_type=\"section\">\n\t\t\t\t\t\t<div class=\"elementor-container elementor-column-gap-default\">\n\t\t\t\t\t\t\t<div class=\"elementor-row\">\n\t\t\t\t\t<div class=\"elementor-column elementor-col-100 elementor-top-column elementor-element elementor-element-959e01e\" data-id=\"959e01e\" data-element_type=\"column\">\n\t\t\t<div class=\"elementor-column-wrap elementor-element-populated\">\n\t\t\t\t\t\t\t<div class=\"elementor-widget-wrap\">\n\t\t\t\t\t\t<div class=\"elementor-element elementor-element-8584e8b elementor-widget elementor-widget-heading\" data-id=\"8584e8b\" data-element_type=\"widget\" data-widget_type=\"heading.default\">\n\t\t\t\t<div class=\"elementor-widget-container\">\n\t\t\t<h2 class=\"elementor-heading-title elementor-size-default\">Plan de Estudios<\/h2>\t\t<\/div>\n\t\t\t\t<\/div>\n\t\t\t\t\t\t<\/div>\n\t\t\t\t\t<\/div>\n\t\t<\/div>\n\t\t\t\t\t\t\t\t<\/div>\n\t\t\t\t\t<\/div>\n\t\t<\/section>\n\t\t\t\t<section class=\"elementor-section elementor-top-section elementor-element elementor-element-00d898f elementor-section-boxed elementor-section-height-default elementor-section-height-default\" data-id=\"00d898f\" data-element_type=\"section\">\n\t\t\t\t\t\t<div class=\"elementor-container elementor-column-gap-default\">\n\t\t\t\t\t\t\t<div class=\"elementor-row\">\n\t\t\t\t\t<div class=\"elementor-column elementor-col-100 elementor-top-column elementor-element elementor-element-1d6d7e0\" data-id=\"1d6d7e0\" data-element_type=\"column\">\n\t\t\t<div class=\"elementor-column-wrap elementor-element-populated\">\n\t\t\t\t\t\t\t<div class=\"elementor-widget-wrap\">\n\t\t\t\t\t\t<div class=\"elementor-element elementor-element-9b22f0c elementor-widget elementor-widget-text-editor\" data-id=\"9b22f0c\" data-element_type=\"widget\" data-widget_type=\"text-editor.default\">\n\t\t\t\t<div class=\"elementor-widget-container\">\n\t\t\t\t\t<div class=\"elementor-text-editor elementor-clearfix\"><p>Est\u00e1 organizado con materias de car\u00e1cter obligatorio y un Trabajo Final integrador \u2013TFI-.<\/p><p><strong>1er. Semestre:<\/strong> Salud Integrativa &#8211; Epidemiolog\u00eda y Salud P\u00fablica -Principios pedag\u00f3gicos &#8211; Cuidado del entorno y prevenci\u00f3n de enfermedades vectoriales\u201d<\/p><p><strong>2do. Semestre: <\/strong>Musicoterapia y logoterapia para la salud y la paz-\u00a0 Biodanza y Salud &#8211; Antropolog\u00eda de la salud &#8211; Epistemolog\u00eda de la promoci\u00f3n en salud.<\/p><p><strong>3er. Semestre: <\/strong>Resiliencia, crisis y cambio &#8211; Pensamiento sist\u00e9mico y familiar &#8211; Formulaci\u00f3n, ejecuci\u00f3n y evaluaci\u00f3n de programas de promoci\u00f3n de salud. \u00a0<\/p><p><strong>4to. Semestre: <\/strong>Pr\u00e1cticas saludables del ni\u00f1o y adolescente &#8211; Pr\u00e1cticas saludables del adulto y anciano &#8211;<\/p><\/div>\n\t\t\t\t<\/div>\n\t\t\t\t<\/div>\n\t\t\t\t\t\t<\/div>\n\t\t\t\t\t<\/div>\n\t\t<\/div>\n\t\t\t\t\t\t\t\t<\/div>\n\t\t\t\t\t<\/div>\n\t\t<\/section>\n\t\t\t\t\t\t<\/div>\n\t\t\t\t\t\t<\/div>\n\t\t\t\t\t<\/div>\n\t\t","protected":false},"excerpt":{"rendered":"<p>Plan de Estudios Est\u00e1 organizado con materias de car\u00e1cter obligatorio y un Trabajo Final integrador \u2013TFI-. 1er. Semestre: Salud Integrativa &#8211; Epidemiolog\u00eda y Salud P\u00fablica -Principios pedag\u00f3gicos &#8211; Cuidado del entorno y prevenci\u00f3n de enfermedades vectoriales\u201d 2do. Semestre: Musicoterapia y logoterapia para la salud y la paz-\u00a0 Biodanza y Salud&#8230;<\/p>\n<p> <a class=\"continue-reading-link\" href=\"https:\/\/www.fceqyn.unam.edu.ar\/epsi\/index.php\/plan-de-estudios\/\"><span>Continue reading<\/span><i class=\"crycon-right-dir\"><\/i><\/a> <\/p>\n","protected":false},"author":1,"featured_media":0,"parent":0,"menu_order":0,"comment_status":"closed","ping_status":"closed","template":"","meta":[],"_links":{"self":[{"href":"https:\/\/www.fceqyn.unam.edu.ar\/epsi\/index.php\/wp-json\/wp\/v2\/pages\/1263"}],"collection":[{"href":"https:\/\/www.fceqyn.unam.edu.ar\/epsi\/index.php\/wp-json\/wp\/v2\/pages"}],"about":[{"href":"https:\/\/www.fceqyn.unam.edu.ar\/epsi\/index.php\/wp-json\/wp\/v2\/types\/page"}],"author":[{"embeddable":true,"href":"https:\/\/www.fceqyn.unam.edu.ar\/epsi\/index.php\/wp-json\/wp\/v2\/users\/1"}],"replies":[{"embeddable":true,"href":"https:\/\/www.fceqyn.unam.edu.ar\/epsi\/index.php\/wp-json\/wp\/v2\/comments?post=1263"}],"version-history":[{"count":2,"href":"https:\/\/www.fceqyn.unam.edu.ar\/epsi\/index.php\/wp-json\/wp\/v2\/pages\/1263\/revisions"}],"predecessor-version":[{"id":1301,"href":"https:\/\/www.fceqyn.unam.edu.ar\/epsi\/index.php\/wp-json\/wp\/v2\/pages\/1263\/revisions\/1301"}],"wp:attachment":[{"href":"https:\/\/www.fceqyn.unam.edu.ar\/epsi\/index.php\/wp-json\/wp\/v2\/media?parent=1263"}],"curies":[{"name":"wp","href":"https:\/\/api.w.org\/{rel}","templated":true}]}}