{"id":1261,"date":"2019-12-16T10:55:47","date_gmt":"2019-12-16T13:55:47","guid":{"rendered":"https:\/\/www.fceqyn.unam.edu.ar\/epsi\/?page_id=1261"},"modified":"2019-12-19T17:20:52","modified_gmt":"2019-12-19T20:20:52","slug":"generalidades","status":"publish","type":"page","link":"https:\/\/www.fceqyn.unam.edu.ar\/epsi\/index.php\/generalidades\/","title":{"rendered":"Generalidades"},"content":{"rendered":"\t\t<div data-elementor-type=\"wp-page\" data-elementor-id=\"1261\" class=\"elementor elementor-1261\" data-elementor-settings=\"[]\">\n\t\t\t\t\t\t<div class=\"elementor-inner\">\n\t\t\t\t\t\t\t<div class=\"elementor-section-wrap\">\n\t\t\t\t\t\t\t<section class=\"elementor-section elementor-top-section elementor-element elementor-element-a46eca6 elementor-section-boxed elementor-section-height-default elementor-section-height-default\" data-id=\"a46eca6\" data-element_type=\"section\">\n\t\t\t\t\t\t<div class=\"elementor-container elementor-column-gap-default\">\n\t\t\t\t\t\t\t<div class=\"elementor-row\">\n\t\t\t\t\t<div class=\"elementor-column elementor-col-100 elementor-top-column elementor-element elementor-element-e58f462\" data-id=\"e58f462\" data-element_type=\"column\">\n\t\t\t<div class=\"elementor-column-wrap elementor-element-populated\">\n\t\t\t\t\t\t\t<div class=\"elementor-widget-wrap\">\n\t\t\t\t\t\t<div class=\"elementor-element elementor-element-f64a212 elementor-widget elementor-widget-heading\" data-id=\"f64a212\" data-element_type=\"widget\" data-widget_type=\"heading.default\">\n\t\t\t\t<div class=\"elementor-widget-container\">\n\t\t\t<h2 class=\"elementor-heading-title elementor-size-default\">Generalidades de la Carrera<\/h2>\t\t<\/div>\n\t\t\t\t<\/div>\n\t\t\t\t\t\t<\/div>\n\t\t\t\t\t<\/div>\n\t\t<\/div>\n\t\t\t\t\t\t\t\t<\/div>\n\t\t\t\t\t<\/div>\n\t\t<\/section>\n\t\t\t\t<section class=\"elementor-section elementor-top-section elementor-element elementor-element-fdf2d40 elementor-section-boxed elementor-section-height-default elementor-section-height-default\" data-id=\"fdf2d40\" data-element_type=\"section\">\n\t\t\t\t\t\t<div class=\"elementor-container elementor-column-gap-default\">\n\t\t\t\t\t\t\t<div class=\"elementor-row\">\n\t\t\t\t\t<div class=\"elementor-column elementor-col-100 elementor-top-column elementor-element elementor-element-7154ba8\" data-id=\"7154ba8\" data-element_type=\"column\">\n\t\t\t<div class=\"elementor-column-wrap elementor-element-populated\">\n\t\t\t\t\t\t\t<div class=\"elementor-widget-wrap\">\n\t\t\t\t\t\t<div class=\"elementor-element elementor-element-6c064ba elementor-widget elementor-widget-text-editor\" data-id=\"6c064ba\" data-element_type=\"widget\" data-widget_type=\"text-editor.default\">\n\t\t\t\t<div class=\"elementor-widget-container\">\n\t\t\t\t\t<div class=\"elementor-text-editor elementor-clearfix\"><p><strong>Denominaci\u00f3n de la carrera<\/strong><\/p>\n<p>ESPECIALIZACI\u00d3N EN PROMOCI\u00d3N DE SALUD INTEGRATIVA<\/p>\n<p><strong>T\u00edtulo que otorga la carrera<\/strong><\/p>\n<p>ESPECIALISTA EN PROMOCI\u00d3N DE LA SALUD INTEGRATIVA<\/p>\n<p><strong>Requisitos de admisi\u00f3n<\/strong><\/p>\n<p>T\u00edtulo previo exigido<\/p>\n<p>a- El postulante deber\u00e1 poseer t\u00edtulo universitario de grado expedido por universidades p\u00fablicas o privadas, nacionales o extranjeras. Se priorizar\u00e1 a los postulantes con t\u00edtulo de grado de carreras del \u00e1rea de salud (asignado el 70% de la matr\u00edcula a los profesionales de este campo) y el 30% restante para profesionales con t\u00edtulos de otras carreras.<\/p>\n<p>b- Ajust\u00e1ndose a la Resoluci\u00f3n de Consejo Superior N\u00b0 29\/04, tambi\u00e9n podr\u00e1n ingresar a la Carrera personas con t\u00edtulos de nivel superior no universitario, que por sus m\u00e9ritos intelectuales y cient\u00edficos sean admitidos como aspirantes por el Consejo Directivo, a propuesta del CAE. Las personas que cuenten con t\u00edtulos de nivel superior no universitario deber\u00e1n presentar en su curriculum vitae antecedentes de investigaci\u00f3n, publicaciones, desarrollo y\/o participaci\u00f3n en proyectos en Promoci\u00f3n Salud de relevancia sociosanitaria.<\/p>\n<p><strong>Duraci\u00f3n de la carrera:<\/strong> 20 meses<\/p>\n<p><strong>Carga horaria:<\/strong> 460 horas.<\/p>\n<p><strong>Lugar de dictado<\/strong><br>Escuela de Enfermer\u00eda &#8211; Facultad de Ciencias Exactas, Qu\u00edmicas y Naturales &#8211; Universidad Nacional De Misiones. -Direcci\u00f3n Avenida L\u00f3pez Torres 3415- Posadas, C\u00f3digo Postal: 3.300<\/p>\n<p><b>Costo: <\/b>Consultar por correo electr\u00f3nico a epsi.unam@gmail.com<\/p><\/div>\n\t\t\t\t<\/div>\n\t\t\t\t<\/div>\n\t\t\t\t\t\t<\/div>\n\t\t\t\t\t<\/div>\n\t\t<\/div>\n\t\t\t\t\t\t\t\t<\/div>\n\t\t\t\t\t<\/div>\n\t\t<\/section>\n\t\t\t\t\t\t<\/div>\n\t\t\t\t\t\t<\/div>\n\t\t\t\t\t<\/div>\n\t\t","protected":false},"excerpt":{"rendered":"<p>Generalidades de la Carrera Denominaci\u00f3n de la carrera ESPECIALIZACI\u00d3N EN PROMOCI\u00d3N DE SALUD INTEGRATIVA T\u00edtulo que otorga la carrera ESPECIALISTA EN PROMOCI\u00d3N DE LA SALUD INTEGRATIVA Requisitos de admisi\u00f3n T\u00edtulo previo exigido a- El postulante deber\u00e1 poseer t\u00edtulo universitario de grado expedido por universidades p\u00fablicas o privadas, nacionales o extranjeras&#8230;.<\/p>\n<p> <a class=\"continue-reading-link\" href=\"https:\/\/www.fceqyn.unam.edu.ar\/epsi\/index.php\/generalidades\/\"><span>Continue reading<\/span><i class=\"crycon-right-dir\"><\/i><\/a> <\/p>\n","protected":false},"author":1,"featured_media":0,"parent":0,"menu_order":0,"comment_status":"closed","ping_status":"closed","template":"","meta":[],"_links":{"self":[{"href":"https:\/\/www.fceqyn.unam.edu.ar\/epsi\/index.php\/wp-json\/wp\/v2\/pages\/1261"}],"collection":[{"href":"https:\/\/www.fceqyn.unam.edu.ar\/epsi\/index.php\/wp-json\/wp\/v2\/pages"}],"about":[{"href":"https:\/\/www.fceqyn.unam.edu.ar\/epsi\/index.php\/wp-json\/wp\/v2\/types\/page"}],"author":[{"embeddable":true,"href":"https:\/\/www.fceqyn.unam.edu.ar\/epsi\/index.php\/wp-json\/wp\/v2\/users\/1"}],"replies":[{"embeddable":true,"href":"https:\/\/www.fceqyn.unam.edu.ar\/epsi\/index.php\/wp-json\/wp\/v2\/comments?post=1261"}],"version-history":[{"count":7,"href":"https:\/\/www.fceqyn.unam.edu.ar\/epsi\/index.php\/wp-json\/wp\/v2\/pages\/1261\/revisions"}],"predecessor-version":[{"id":1329,"href":"https:\/\/www.fceqyn.unam.edu.ar\/epsi\/index.php\/wp-json\/wp\/v2\/pages\/1261\/revisions\/1329"}],"wp:attachment":[{"href":"https:\/\/www.fceqyn.unam.edu.ar\/epsi\/index.php\/wp-json\/wp\/v2\/media?parent=1261"}],"curies":[{"name":"wp","href":"https:\/\/api.w.org\/{rel}","templated":true}]}}