{"id":1259,"date":"2019-12-16T10:55:13","date_gmt":"2019-12-16T13:55:13","guid":{"rendered":"https:\/\/www.fceqyn.unam.edu.ar\/epsi\/?page_id=1259"},"modified":"2019-12-19T17:04:11","modified_gmt":"2019-12-19T20:04:11","slug":"normativa","status":"publish","type":"page","link":"https:\/\/www.fceqyn.unam.edu.ar\/epsi\/index.php\/normativa\/","title":{"rendered":"Normativa"},"content":{"rendered":"\t\t<div data-elementor-type=\"wp-page\" data-elementor-id=\"1259\" class=\"elementor elementor-1259\" data-elementor-settings=\"[]\">\n\t\t\t\t\t\t<div class=\"elementor-inner\">\n\t\t\t\t\t\t\t<div class=\"elementor-section-wrap\">\n\t\t\t\t\t\t\t<section class=\"elementor-section elementor-top-section elementor-element elementor-element-3080f4c elementor-section-boxed elementor-section-height-default elementor-section-height-default\" data-id=\"3080f4c\" data-element_type=\"section\">\n\t\t\t\t\t\t<div class=\"elementor-container elementor-column-gap-default\">\n\t\t\t\t\t\t\t<div class=\"elementor-row\">\n\t\t\t\t\t<div class=\"elementor-column elementor-col-100 elementor-top-column elementor-element elementor-element-926e32e\" data-id=\"926e32e\" data-element_type=\"column\">\n\t\t\t<div class=\"elementor-column-wrap elementor-element-populated\">\n\t\t\t\t\t\t\t<div class=\"elementor-widget-wrap\">\n\t\t\t\t\t\t<div class=\"elementor-element elementor-element-ff7ea9a elementor-widget elementor-widget-heading\" data-id=\"ff7ea9a\" data-element_type=\"widget\" data-widget_type=\"heading.default\">\n\t\t\t\t<div class=\"elementor-widget-container\">\n\t\t\t<h2 class=\"elementor-heading-title elementor-size-default\">Normativa<\/h2>\t\t<\/div>\n\t\t\t\t<\/div>\n\t\t\t\t\t\t<\/div>\n\t\t\t\t\t<\/div>\n\t\t<\/div>\n\t\t\t\t\t\t\t\t<\/div>\n\t\t\t\t\t<\/div>\n\t\t<\/section>\n\t\t\t\t<section class=\"elementor-section elementor-top-section elementor-element elementor-element-fd3a2fe elementor-section-boxed elementor-section-height-default elementor-section-height-default\" data-id=\"fd3a2fe\" data-element_type=\"section\">\n\t\t\t\t\t\t<div class=\"elementor-container elementor-column-gap-default\">\n\t\t\t\t\t\t\t<div class=\"elementor-row\">\n\t\t\t\t\t<div class=\"elementor-column elementor-col-100 elementor-top-column elementor-element elementor-element-2d8e53a\" data-id=\"2d8e53a\" data-element_type=\"column\">\n\t\t\t<div class=\"elementor-column-wrap elementor-element-populated\">\n\t\t\t\t\t\t\t<div class=\"elementor-widget-wrap\">\n\t\t\t\t\t\t<div class=\"elementor-element elementor-element-9dbbc01 elementor-widget elementor-widget-text-editor\" data-id=\"9dbbc01\" data-element_type=\"widget\" data-widget_type=\"text-editor.default\">\n\t\t\t\t<div class=\"elementor-widget-container\">\n\t\t\t\t\t<div class=\"elementor-text-editor elementor-clearfix\"><p>La Especializaci\u00f3n en Promoci\u00f3n en Salud Integrativa de la Escuela de Enfermer\u00eda dependiente de la Facultad de Ciencias Exactas Qu\u00edmicas y Naturales de la UNaM se rige por las normas dictadas por: la Comisi\u00f3n Nacional de Evaluaci\u00f3n y Acreditaci\u00f3n Universitaria -CONEAU- y por las normas establecidas en la Ordenanza N\u00b0 052-13 y su modificatoria Ordenanza CS N\u00b0 136\/15 UNaM:\u00a0<\/p><ul><li>Resoluci\u00f3n C.D. N\u00ba 109\/2017 FCEQyN-UNaM- Aprobaci\u00f3n del proyecto de creaci\u00f3n de la carrera Especializaci\u00f3n en Promoci\u00f3n de Salud Integrativa<\/li><li>Resoluci\u00f3n C.D. N\u00ba 252\/2018 FCEQyN-UNaM- Modificaciones del proyecto de creaci\u00f3n de a carrera Especializaci\u00f3n en Promoci\u00f3n de Salud Integrativa<\/li><li>Resoluci\u00f3n C.S. N\u00ba 039\/2017 UNaM- Aprobaci\u00f3n del proyecto de creaci\u00f3n de la carrera Especializaci\u00f3n en Promoci\u00f3n de Salud Integrativa<\/li><li>Resoluci\u00f3n C.S. N\u00ba 083\/2018 UNaM- Modificaciones del proyecto de creaci\u00f3n de la carrera Especializaci\u00f3n en Promoci\u00f3n de Salud Integrativa y Anexo I: Reglamento de la Carrera de Especialista en Promoci\u00f3n de Salud Integrativa.<\/li><li>Reconocimiento oficial provisorio de CONEAU EX-2017-26767488-APN-DAC#CONEAU del 26 de noviembre de 2018, de la carrera nueva de Especializaci\u00f3n en Promoci\u00f3n de Salud Integrativa.<\/li><li><p>Resoluci\u00f3n N\u00ba 3562-19 del Ministerio de Educaci\u00f3n, Cultura, Ciencia y Tecnolog\u00eda aprobada el 7 de noviembre 2019 &#8211; Reconocimiento provisorio de Validez del T\u00edtulo de Posgrado Especialista en Promoci\u00f3n en Salud Integrativa.<\/p><\/li><\/ul><\/div>\n\t\t\t\t<\/div>\n\t\t\t\t<\/div>\n\t\t\t\t\t\t<\/div>\n\t\t\t\t\t<\/div>\n\t\t<\/div>\n\t\t\t\t\t\t\t\t<\/div>\n\t\t\t\t\t<\/div>\n\t\t<\/section>\n\t\t\t\t\t\t<\/div>\n\t\t\t\t\t\t<\/div>\n\t\t\t\t\t<\/div>\n\t\t","protected":false},"excerpt":{"rendered":"<p>Normativa La Especializaci\u00f3n en Promoci\u00f3n en Salud Integrativa de la Escuela de Enfermer\u00eda dependiente de la Facultad de Ciencias Exactas Qu\u00edmicas y Naturales de la UNaM se rige por las normas dictadas por: la Comisi\u00f3n Nacional de Evaluaci\u00f3n y Acreditaci\u00f3n Universitaria -CONEAU- y por las normas establecidas en la Ordenanza&#8230;<\/p>\n<p> <a class=\"continue-reading-link\" href=\"https:\/\/www.fceqyn.unam.edu.ar\/epsi\/index.php\/normativa\/\"><span>Continue reading<\/span><i class=\"crycon-right-dir\"><\/i><\/a> <\/p>\n","protected":false},"author":1,"featured_media":0,"parent":0,"menu_order":0,"comment_status":"closed","ping_status":"closed","template":"","meta":[],"_links":{"self":[{"href":"https:\/\/www.fceqyn.unam.edu.ar\/epsi\/index.php\/wp-json\/wp\/v2\/pages\/1259"}],"collection":[{"href":"https:\/\/www.fceqyn.unam.edu.ar\/epsi\/index.php\/wp-json\/wp\/v2\/pages"}],"about":[{"href":"https:\/\/www.fceqyn.unam.edu.ar\/epsi\/index.php\/wp-json\/wp\/v2\/types\/page"}],"author":[{"embeddable":true,"href":"https:\/\/www.fceqyn.unam.edu.ar\/epsi\/index.php\/wp-json\/wp\/v2\/users\/1"}],"replies":[{"embeddable":true,"href":"https:\/\/www.fceqyn.unam.edu.ar\/epsi\/index.php\/wp-json\/wp\/v2\/comments?post=1259"}],"version-history":[{"count":6,"href":"https:\/\/www.fceqyn.unam.edu.ar\/epsi\/index.php\/wp-json\/wp\/v2\/pages\/1259\/revisions"}],"predecessor-version":[{"id":1323,"href":"https:\/\/www.fceqyn.unam.edu.ar\/epsi\/index.php\/wp-json\/wp\/v2\/pages\/1259\/revisions\/1323"}],"wp:attachment":[{"href":"https:\/\/www.fceqyn.unam.edu.ar\/epsi\/index.php\/wp-json\/wp\/v2\/media?parent=1259"}],"curies":[{"name":"wp","href":"https:\/\/api.w.org\/{rel}","templated":true}]}}