{"id":1200,"date":"2016-02-12T07:54:41","date_gmt":"2016-02-12T10:54:41","guid":{"rendered":"http:\/\/demos.famethemes.com\/onepress-oneify\/?page_id=4"},"modified":"2019-12-19T20:00:01","modified_gmt":"2019-12-19T23:00:01","slug":"inicio","status":"publish","type":"page","link":"https:\/\/www.fceqyn.unam.edu.ar\/epsi\/","title":{"rendered":"Inicio"},"content":{"rendered":"\t\t<div data-elementor-type=\"wp-page\" data-elementor-id=\"1200\" class=\"elementor elementor-1200\" data-elementor-settings=\"[]\">\n\t\t\t\t\t\t<div class=\"elementor-inner\">\n\t\t\t\t\t\t\t<div class=\"elementor-section-wrap\">\n\t\t\t\t\t\t\t<section class=\"elementor-section elementor-top-section elementor-element elementor-element-78da2c4 elementor-section-full_width elementor-section-stretched elementor-section-height-default elementor-section-height-default\" data-id=\"78da2c4\" data-element_type=\"section\" data-settings=\"{&quot;stretch_section&quot;:&quot;section-stretched&quot;}\">\n\t\t\t\t\t\t<div class=\"elementor-container elementor-column-gap-no\">\n\t\t\t\t\t\t\t<div class=\"elementor-row\">\n\t\t\t\t\t<div class=\"elementor-column elementor-col-100 elementor-top-column elementor-element elementor-element-58f2317\" data-id=\"58f2317\" data-element_type=\"column\">\n\t\t\t<div class=\"elementor-column-wrap elementor-element-populated\">\n\t\t\t\t\t\t\t<div class=\"elementor-widget-wrap\">\n\t\t\t\t\t\t<div class=\"elementor-element elementor-element-e90d338 elementor-widget elementor-widget-heading\" data-id=\"e90d338\" data-element_type=\"widget\" data-widget_type=\"heading.default\">\n\t\t\t\t<div class=\"elementor-widget-container\">\n\t\t\t<h1 class=\"elementor-heading-title elementor-size-xl\">Carrera de Posgrado <br>     Especializaci\u00f3n en Promoci\u00f3n de Salud Integrativa<\/h1>\t\t<\/div>\n\t\t\t\t<\/div>\n\t\t\t\t\t\t<\/div>\n\t\t\t\t\t<\/div>\n\t\t<\/div>\n\t\t\t\t\t\t\t\t<\/div>\n\t\t\t\t\t<\/div>\n\t\t<\/section>\n\t\t\t\t<section class=\"elementor-section elementor-top-section elementor-element elementor-element-43e8be39 elementor-section-content-middle elementor-section-boxed elementor-section-height-default elementor-section-height-default\" data-id=\"43e8be39\" data-element_type=\"section\">\n\t\t\t\t\t\t\t<div class=\"elementor-background-overlay\"><\/div>\n\t\t\t\t\t\t\t<div class=\"elementor-container elementor-column-gap-no\">\n\t\t\t\t\t\t\t<div class=\"elementor-row\">\n\t\t\t\t\t<div class=\"elementor-column elementor-col-100 elementor-top-column elementor-element elementor-element-1fd8caed\" data-id=\"1fd8caed\" data-element_type=\"column\">\n\t\t\t<div class=\"elementor-column-wrap elementor-element-populated\">\n\t\t\t\t\t\t\t<div class=\"elementor-widget-wrap\">\n\t\t\t\t\t\t<div class=\"elementor-element elementor-element-65bb7a83 elementor-view-default elementor-position-top elementor-vertical-align-top elementor-widget elementor-widget-icon-box\" data-id=\"65bb7a83\" data-element_type=\"widget\" data-widget_type=\"icon-box.default\">\n\t\t\t\t<div class=\"elementor-widget-container\">\n\t\t\t\t\t<div class=\"elementor-icon-box-wrapper\">\n\t\t\t\t\t\t<div class=\"elementor-icon-box-icon\">\n\t\t\t\t<span class=\"elementor-icon elementor-animation-\" >\n\t\t\t\t<i aria-hidden=\"true\" class=\"fas fa-star\"><\/i>\t\t\t\t<\/span>\n\t\t\t<\/div>\n\t\t\t\t\t\t<div class=\"elementor-icon-box-content\">\n\t\t\t\t<h4 class=\"elementor-icon-box-title\">\n\t\t\t\t\t<span ><\/span>\n\t\t\t\t<\/h4>\n\t\t\t\t\t\t\t<\/div>\n\t\t<\/div>\n\t\t\t\t<\/div>\n\t\t\t\t<\/div>\n\t\t\t\t<div class=\"elementor-element elementor-element-305d3c07 elementor-widget elementor-widget-text-editor\" data-id=\"305d3c07\" data-element_type=\"widget\" data-widget_type=\"text-editor.default\">\n\t\t\t\t<div class=\"elementor-widget-container\">\n\t\t\t\t\t<div class=\"elementor-text-editor elementor-clearfix\"><p style=\"text-align: left;\">La carrera de Especializaci\u00f3n en Promoci\u00f3n en Salud Integrativa fue aprobada en el a\u00f1o 2017 por Resoluci\u00f3n N\u00ba 109-2017 del Consejo Directivo de la FCEQyN y por Resoluci\u00f3n N\u00ba 039-2017 del Consejo Superior de la Universidad Nacional de Misiones.<\/p><p style=\"text-align: left;\">La CONEAU ha otorgado el reconocimiento oficial provisorio del t\u00edtulo a la Especializaci\u00f3n en Promoci\u00f3n en Salud Integrativa de la Facultad de Ciencias Exactas, Qu\u00edmicas y Naturales. Escuela de Enfermer\u00eda\u2013 UNaM, proyecto de carrera CUDAP: FCEQyN_NOTA-S01:3147\/18 mediante Resoluci\u00f3n N\u00ba 3562-19 del Ministerio de Educaci\u00f3n, Cultura, Ciencia y Tecnolog\u00eda del dictamen del d\u00eda 7 de Noviembre de 2019 .<\/p><p style=\"text-align: left;\">La Carrera de Posgrado denominada \u201cEspecializaci\u00f3n en Promoci\u00f3n Salud Integrativa\u201d es una propuesta pedag\u00f3gica innovadora en la Argentina, que formar\u00e1 parte de la oferta acad\u00e9mica de la Escuela de Enfermer\u00eda de la FCEQyN. Esta formaci\u00f3n articula saberes cient\u00edficos y saberes de las experiencias de la vida para abordar la salud comunitaria, sustentada epistemol\u00f3gicamente en diversos enfoques y teor\u00edas que atraviesan no s\u00f3lo la dimensi\u00f3n intelectual sino tambi\u00e9n la dimensi\u00f3n afectiva y vivencial.<\/p><\/div>\n\t\t\t\t<\/div>\n\t\t\t\t<\/div>\n\t\t\t\t\t\t<\/div>\n\t\t\t\t\t<\/div>\n\t\t<\/div>\n\t\t\t\t\t\t\t\t<\/div>\n\t\t\t\t\t<\/div>\n\t\t<\/section>\n\t\t\t\t<section class=\"elementor-section elementor-top-section elementor-element elementor-element-768534e8 elementor-section-content-middle elementor-section-stretched elementor-section-boxed elementor-section-height-default elementor-section-height-default\" data-id=\"768534e8\" data-element_type=\"section\" data-settings=\"{&quot;stretch_section&quot;:&quot;section-stretched&quot;,&quot;background_background&quot;:&quot;classic&quot;}\">\n\t\t\t\t\t\t<div class=\"elementor-container elementor-column-gap-no\">\n\t\t\t\t\t\t\t<div class=\"elementor-row\">\n\t\t\t\t\t<div class=\"elementor-column elementor-col-100 elementor-top-column elementor-element elementor-element-75d2c597\" data-id=\"75d2c597\" data-element_type=\"column\">\n\t\t\t<div class=\"elementor-column-wrap elementor-element-populated\">\n\t\t\t\t\t\t\t<div class=\"elementor-widget-wrap\">\n\t\t\t\t\t\t<div class=\"elementor-element elementor-element-123a2fda elementor-widget elementor-widget-heading\" data-id=\"123a2fda\" data-element_type=\"widget\" data-widget_type=\"heading.default\">\n\t\t\t\t<div class=\"elementor-widget-container\">\n\t\t\t<h6 class=\"elementor-heading-title elementor-size-default\">Contacto<\/h6>\t\t<\/div>\n\t\t\t\t<\/div>\n\t\t\t\t<div class=\"elementor-element elementor-element-2212080 elementor-widget elementor-widget-menu-anchor\" data-id=\"2212080\" data-element_type=\"widget\" data-widget_type=\"menu-anchor.default\">\n\t\t\t\t<div class=\"elementor-widget-container\">\n\t\t\t\t\t<div id=\"contacto\" class=\"elementor-menu-anchor\"><\/div>\n\t\t\t\t<\/div>\n\t\t\t\t<\/div>\n\t\t\t\t<div class=\"elementor-element elementor-element-2d8a0f83 elementor-widget elementor-widget-heading\" data-id=\"2d8a0f83\" data-element_type=\"widget\" data-widget_type=\"heading.default\">\n\t\t\t\t<div class=\"elementor-widget-container\">\n\t\t\t<h6 class=\"elementor-heading-title elementor-size-default\">epsi.unam@gmail.com<\/h6>\t\t<\/div>\n\t\t\t\t<\/div>\n\t\t\t\t<div class=\"elementor-element elementor-element-b90a68f elementor-widget elementor-widget-heading\" data-id=\"b90a68f\" data-element_type=\"widget\" data-widget_type=\"heading.default\">\n\t\t\t\t<div class=\"elementor-widget-container\">\n\t\t\t<h3 class=\"elementor-heading-title elementor-size-default\">Avda. L\u00f3pez Torres 3415, NKSI3300, N3300QHK Posadas, Misiones<\/h3>\t\t<\/div>\n\t\t\t\t<\/div>\n\t\t\t\t<div class=\"elementor-element elementor-element-7e5771d7 elementor-widget__width-inherit elementor-widget elementor-widget-google_maps\" data-id=\"7e5771d7\" data-element_type=\"widget\" data-widget_type=\"google_maps.default\">\n\t\t\t\t<div class=\"elementor-widget-container\">\n\t\t\t<div class=\"elementor-custom-embed\"><iframe frameborder=\"0\" scrolling=\"no\" marginheight=\"0\" marginwidth=\"0\" src=\"https:\/\/maps.google.com\/maps?q=Escuela%20de%20Enfermer%C3%ADa&amp;t=m&amp;z=18&amp;output=embed&amp;iwloc=near\" title=\"Escuela de Enfermer\u00eda\" aria-label=\"Escuela de Enfermer\u00eda\"><\/iframe><\/div>\t\t<\/div>\n\t\t\t\t<\/div>\n\t\t\t\t<div class=\"elementor-element elementor-element-69bd6596 elementor-shape-rounded elementor-grid-0 e-grid-align-center elementor-widget elementor-widget-social-icons\" data-id=\"69bd6596\" data-element_type=\"widget\" data-widget_type=\"social-icons.default\">\n\t\t\t\t<div class=\"elementor-widget-container\">\n\t\t\t\t\t<div class=\"elementor-social-icons-wrapper elementor-grid\">\n\t\t\t\t\t\t\t<div class=\"elementor-grid-item\">\n\t\t\t\t\t<a class=\"elementor-icon elementor-social-icon elementor-social-icon-facebook elementor-animation-grow elementor-repeater-item-4a9477d\" target=\"_blank\">\n\t\t\t\t\t\t<span class=\"elementor-screen-only\">Facebook<\/span>\n\t\t\t\t\t\t<i class=\"fab fa-facebook\"><\/i>\t\t\t\t\t<\/a>\n\t\t\t\t<\/div>\n\t\t\t\t\t<\/div>\n\t\t\t\t<\/div>\n\t\t\t\t<\/div>\n\t\t\t\t\t\t<\/div>\n\t\t\t\t\t<\/div>\n\t\t<\/div>\n\t\t\t\t\t\t\t\t<\/div>\n\t\t\t\t\t<\/div>\n\t\t<\/section>\n\t\t\t\t\t\t<\/div>\n\t\t\t\t\t\t<\/div>\n\t\t\t\t\t<\/div>\n\t\t","protected":false},"excerpt":{"rendered":"<p>Carrera de Posgrado Especializaci\u00f3n en Promoci\u00f3n de Salud Integrativa La carrera de Especializaci\u00f3n en Promoci\u00f3n en Salud Integrativa fue aprobada en el a\u00f1o 2017 por Resoluci\u00f3n N\u00ba 109-2017 del Consejo Directivo de la FCEQyN y por Resoluci\u00f3n N\u00ba 039-2017 del Consejo Superior de la Universidad Nacional de Misiones. La CONEAU&#8230;<\/p>\n<p> <a class=\"continue-reading-link\" href=\"https:\/\/www.fceqyn.unam.edu.ar\/epsi\/\"><span>Continue reading<\/span><i class=\"crycon-right-dir\"><\/i><\/a> <\/p>\n","protected":false},"author":1,"featured_media":0,"parent":0,"menu_order":0,"comment_status":"closed","ping_status":"closed","template":"","meta":[],"_links":{"self":[{"href":"https:\/\/www.fceqyn.unam.edu.ar\/epsi\/index.php\/wp-json\/wp\/v2\/pages\/1200"}],"collection":[{"href":"https:\/\/www.fceqyn.unam.edu.ar\/epsi\/index.php\/wp-json\/wp\/v2\/pages"}],"about":[{"href":"https:\/\/www.fceqyn.unam.edu.ar\/epsi\/index.php\/wp-json\/wp\/v2\/types\/page"}],"author":[{"embeddable":true,"href":"https:\/\/www.fceqyn.unam.edu.ar\/epsi\/index.php\/wp-json\/wp\/v2\/users\/1"}],"replies":[{"embeddable":true,"href":"https:\/\/www.fceqyn.unam.edu.ar\/epsi\/index.php\/wp-json\/wp\/v2\/comments?post=1200"}],"version-history":[{"count":24,"href":"https:\/\/www.fceqyn.unam.edu.ar\/epsi\/index.php\/wp-json\/wp\/v2\/pages\/1200\/revisions"}],"predecessor-version":[{"id":1336,"href":"https:\/\/www.fceqyn.unam.edu.ar\/epsi\/index.php\/wp-json\/wp\/v2\/pages\/1200\/revisions\/1336"}],"wp:attachment":[{"href":"https:\/\/www.fceqyn.unam.edu.ar\/epsi\/index.php\/wp-json\/wp\/v2\/media?parent=1200"}],"curies":[{"name":"wp","href":"https:\/\/api.w.org\/{rel}","templated":true}]}}