{"id":4832,"date":"2021-04-05T13:33:54","date_gmt":"2021-04-05T13:33:54","guid":{"rendered":"https:\/\/www.fceqyn.unam.edu.ar\/encuentropm\/?page_id=4832"},"modified":"2021-04-05T13:49:55","modified_gmt":"2021-04-05T13:49:55","slug":"foros-virtuales","status":"publish","type":"page","link":"https:\/\/www.fceqyn.unam.edu.ar\/encuentropm\/?page_id=4832","title":{"rendered":"Foros Virtuales"},"content":{"rendered":"\n<p><strong>\u00danicamente para Profesores<\/strong><\/p>\n\n\n\n<div style=\"height:40px\" aria-hidden=\"true\" class=\"wp-block-spacer\"><\/div>\n\n\n\n<p>En este espacio se encuentra el resumen de los trabajos que ser\u00e1n trabajados en la modalidad de Foro Virtual.<\/p>\n\n\n\n<p>Pr\u00f3ximamente estar\u00e1 disponible el curso \u00abForos Virtuales\u00bb en el Aula Virtual Moodle de la FCEQyN, donde los profesores participantes podr\u00e1n acceder a los foros particulares de cada trabajo presentado.<\/p>\n\n\n\n<p>Como en todo foro, se podr\u00e1n formular preguntas, comentar y aportar a la discusi\u00f3n del tema en cuesti\u00f3n, de manera asincr\u00f3nica. Los autores de trabajos tendr\u00e1n la posibilidad de realizar la devoluci\u00f3n a las preguntas y comentar sobre sus respuestas en el encuentro sincr\u00f3nico previsto en el cronograma del Encuentro.<\/p>\n\n\n\n<div style=\"height:40px\" aria-hidden=\"true\" class=\"wp-block-spacer\"><\/div>\n\n\n\n<p><strong>LISTADO DE FOROS<\/strong><\/p>\n\n\n\n<div style=\"height:40px\" aria-hidden=\"true\" class=\"wp-block-spacer\"><\/div>\n\n\n\n<p>FORO 1: ESTUDIO EPISTEMOL\u00d3GICO Y DID\u00c1CTICO DE LA DERIVADA, A TRAV\u00c9S DEL AN\u00c1LISIS DE LIBROS DE TEXTOS M\u00c1S USADOS POR EL SISTEMA EDUCATIVO ARGENTINO. Esquivel, Miriam Haid\u00e9.<\/p>\n\n\n\n<div class=\"wp-block-buttons\">\n<div class=\"wp-block-button\"><a class=\"wp-block-button__link has-background\" href=\"\/encuentropm\/wp-content\/uploads\/foros\/FV1_Esquivel.pdf\" style=\"background-color:#6ebb25\" target=\"_blank\" rel=\"noreferrer noopener\">Descargar<\/a><\/div>\n<\/div>\n\n\n\n<div style=\"height:50px\" aria-hidden=\"true\" class=\"wp-block-spacer\"><\/div>\n\n\n\n<p>FORO 2: COMPETENCIAS MATEM\u00c1TICAS PARA RESOLUCI\u00d3N DE PROBLEMAS DE ECOLOG\u00cdA EVOLUTIVAS REFERIDAS AL TEMA POBLACIONES. Lagra\u00f1a, Claudia Dolores<\/p>\n\n\n\n<div class=\"wp-block-buttons\">\n<div class=\"wp-block-button\"><a class=\"wp-block-button__link has-background\" href=\"\/encuentropm\/wp-content\/uploads\/foros\/FV2_Lagra\u00f1a.pdf\" style=\"background-color:#6ebb25\" target=\"_blank\" rel=\"noreferrer noopener\">Descargar<\/a><\/div>\n<\/div>\n\n\n\n<div style=\"height:50px\" aria-hidden=\"true\" class=\"wp-block-spacer\"><\/div>\n\n\n\n<p>FORO 3: UN DISPOSITIVO DE VALORACI\u00d3N DE IDONEIDAD DID\u00c1CTICA DE PROCESOS DE ESTUDIO MASIVOS BASADO EN CUESTIONARIOS. Malet, Omar; Giacomone, Bel\u00e9n; Repetto, Ana Mar\u00eda.<\/p>\n\n\n\n<div class=\"wp-block-buttons\">\n<div class=\"wp-block-button\"><a class=\"wp-block-button__link has-background\" href=\"\/encuentropm\/wp-content\/uploads\/foros\/FV3_Malet,Giacomone,Repetto.pdf\" style=\"background-color:#6ebb25\" target=\"_blank\" rel=\"noreferrer noopener\">Descargar<\/a><\/div>\n<\/div>\n\n\n\n<div style=\"height:50px\" aria-hidden=\"true\" class=\"wp-block-spacer\"><\/div>\n\n\n\n<p>FORO 4: UNA PROPUESTA DID\u00c1CTICA DE INTRODUCCI\u00d3N AL \u00c1LGEBRAA TRAV\u00c9S DE LA NOCI\u00d3N DE FUNCI\u00d3NY SUSDISTINTASREPRESENTACIONES. Muller, Paola Yanina.<\/p>\n\n\n\n<div class=\"wp-block-buttons\">\n<div class=\"wp-block-button\"><a class=\"wp-block-button__link has-background\" href=\"\/encuentropm\/wp-content\/uploads\/foros\/FV4_Muller.pdf\" style=\"background-color:#6ebb25\" target=\"_blank\" rel=\"noreferrer noopener\">Descargar<\/a><\/div>\n<\/div>\n\n\n\n<div style=\"height:50px\" aria-hidden=\"true\" class=\"wp-block-spacer\"><\/div>\n\n\n\n<p>FORO 5: LA RELACI\u00d3N ENTRE PER\u00cdMETRO Y \u00c1REA DE FIGURAS PLANAS: AN\u00c1LISIS DE LAS IMPLICANCIASDE SUTRATAMIENTOCONLAHERRAMIENTAGEOGEBRA. Ramirez, Gisela Lilian.<\/p>\n\n\n\n<div class=\"wp-block-buttons\">\n<div class=\"wp-block-button\"><a class=\"wp-block-button__link has-background\" href=\"\/encuentropm\/wp-content\/uploads\/foros\/FV5_Ramirez.pdf\" style=\"background-color:#6ebb25\" target=\"_blank\" rel=\"noreferrer noopener\">Descargar<\/a><\/div>\n<\/div>\n\n\n\n<div style=\"height:50px\" aria-hidden=\"true\" class=\"wp-block-spacer\"><\/div>\n\n\n\n<p>FORO 6: AN\u00c1LISIS ONTOSEMI\u00d3TICO DE LOS SIGNIFICADOS DEL CONCEPTO DE DIFERENCIAL. Ver\u00f3n, Manuel Alejandro; Giacomone, Bel\u00e9n.<\/p>\n\n\n\n<div class=\"wp-block-buttons\">\n<div class=\"wp-block-button\"><a class=\"wp-block-button__link has-background\" href=\"\/encuentropm\/wp-content\/uploads\/foros\/FV6_Veron.pdf\" style=\"background-color:#6ebb25\" target=\"_blank\" rel=\"noreferrer noopener\">Descargar<\/a><\/div>\n<\/div>\n\n\n\n<div style=\"height:50px\" aria-hidden=\"true\" class=\"wp-block-spacer\"><\/div>\n\n\n\n<p><\/p>\n","protected":false},"excerpt":{"rendered":"<p>\u00danicamente para Profesores En este espacio se encuentra el resumen de los trabajos que ser\u00e1n trabajados en la modalidad de\u2026<\/p>\n<p> <a class=\"continue-reading-link\" href=\"https:\/\/www.fceqyn.unam.edu.ar\/encuentropm\/?page_id=4832\"><span>Leer M\u00e1s<\/span><i class=\"crycon-right-dir\"><\/i><\/a> <\/p>\n","protected":false},"author":1,"featured_media":0,"parent":0,"menu_order":0,"comment_status":"closed","ping_status":"closed","template":"templates\/template-onecolumn.php","meta":[],"_links":{"self":[{"href":"https:\/\/www.fceqyn.unam.edu.ar\/encuentropm\/index.php?rest_route=\/wp\/v2\/pages\/4832"}],"collection":[{"href":"https:\/\/www.fceqyn.unam.edu.ar\/encuentropm\/index.php?rest_route=\/wp\/v2\/pages"}],"about":[{"href":"https:\/\/www.fceqyn.unam.edu.ar\/encuentropm\/index.php?rest_route=\/wp\/v2\/types\/page"}],"author":[{"embeddable":true,"href":"https:\/\/www.fceqyn.unam.edu.ar\/encuentropm\/index.php?rest_route=\/wp\/v2\/users\/1"}],"replies":[{"embeddable":true,"href":"https:\/\/www.fceqyn.unam.edu.ar\/encuentropm\/index.php?rest_route=%2Fwp%2Fv2%2Fcomments&post=4832"}],"version-history":[{"count":6,"href":"https:\/\/www.fceqyn.unam.edu.ar\/encuentropm\/index.php?rest_route=\/wp\/v2\/pages\/4832\/revisions"}],"predecessor-version":[{"id":4838,"href":"https:\/\/www.fceqyn.unam.edu.ar\/encuentropm\/index.php?rest_route=\/wp\/v2\/pages\/4832\/revisions\/4838"}],"wp:attachment":[{"href":"https:\/\/www.fceqyn.unam.edu.ar\/encuentropm\/index.php?rest_route=%2Fwp%2Fv2%2Fmedia&parent=4832"}],"curies":[{"name":"wp","href":"https:\/\/api.w.org\/{rel}","templated":true}]}}