{"id":4644,"date":"2021-03-05T22:01:44","date_gmt":"2021-03-05T22:01:44","guid":{"rendered":"https:\/\/www.fceqyn.unam.edu.ar\/encuentropm\/?page_id=4644"},"modified":"2021-03-19T19:25:33","modified_gmt":"2021-03-19T19:25:33","slug":"normas-de-presentacion","status":"publish","type":"page","link":"https:\/\/www.fceqyn.unam.edu.ar\/encuentropm\/?page_id=4644","title":{"rendered":"Normas de Presentaci\u00f3n"},"content":{"rendered":"\n<h2><span style=\"color:#6ebb25\" class=\"has-inline-color\">Inscripci\u00f3n<\/span><\/h2>\n\n\n\n<p>Completar el formulario digital de inscripci\u00f3n. Fecha: Desde el 8 de marzo.<\/p>\n\n\n\n<div style=\"height:30px\" aria-hidden=\"true\" class=\"wp-block-spacer\"><\/div>\n\n\n\n<h2><span style=\"color:#6ebb25\" class=\"has-inline-color\">Fechas de env\u00edos de trabajos (ponencias, grupos de discusi\u00f3n, conversatorios o foros)<\/span><\/h2>\n\n\n\n<p>Desde el 8 de marzo hasta el 25 de marzo de 2021.<\/p>\n\n\n\n<div style=\"height:30px\" aria-hidden=\"true\" class=\"wp-block-spacer\"><\/div>\n\n\n\n<h2><span style=\"color:#6ebb25\" class=\"has-inline-color\">Env\u00edo de propuestas de trabajos<\/span><\/h2>\n\n\n\n<p>A trav\u00e9s de correo electr\u00f3nico: <a href=\"mailto:encuentroestydocdm2021@gmail.com\">encuentroestydocdm2021@gmail.com<\/a>.<\/p>\n\n\n\n<p>Por medio de la p\u00e1gina web del encuentro: en breve se dar\u00e1 a conocer el link.<\/p>\n\n\n\n<div style=\"height:30px\" aria-hidden=\"true\" class=\"wp-block-spacer\"><\/div>\n\n\n\n<h2><span style=\"color:#6ebb25\" class=\"has-inline-color\">Particularidades de la presentaci\u00f3n de trabajos<\/span><\/h2>\n\n\n\n<div style=\"height:10px\" aria-hidden=\"true\" class=\"wp-block-spacer\"><\/div>\n\n\n\n<div class=\"wp-block-group\"><div class=\"wp-block-group__inner-container\">\n<div class=\"wp-block-columns\">\n<div class=\"wp-block-column\">\n<p style=\"font-size:18px\"><strong>PONENCIAS DE ESTUDIANTES:<\/strong> Consisten en la presentaci\u00f3n de sus propias experiencias de la Pr\u00e1ctica docente sobre las tem\u00e1ticas del encuentro. (Tambi\u00e9n pueden participar de las mismas los graduados de profesorados de Matem\u00e1tica con no m\u00e1s de cuatro a\u00f1os en la profesi\u00f3n).<\/p>\n\n\n\n<p><strong>GRUPO DE DISCUSI\u00d3N:<\/strong> pueden presentar trabajos los profesores de Did\u00e1ctica de la Matem\u00e1tica, y\/o Pr\u00e1ctica Profesional. Se constituyen espacios de reflexi\u00f3n sobre aspectos seleccionados a tal fin.<\/p>\n<\/div>\n\n\n\n<div class=\"wp-block-column\">\n<p style=\"font-size:18px\"><strong>Extensi\u00f3n:<\/strong> no deber\u00e1n exceder las 8 (ocho) p\u00e1ginas en formato A4, con la siguiente estructura:<\/p>\n\n\n\n<ul class=\"listamod\"><li>Primera p\u00e1gina: T\u00edtulo, Autor (o autores), Instituci\u00f3n (o instituciones), Correo Electr\u00f3nico, Tipo de trabajo: (Ponencia, Grupo de Discusi\u00f3n, etc.), Tema elegido y Resumen (hasta 250 palabras). Palabras Clave (como m\u00e1ximo, cinco).<\/li><li>Segunda p\u00e1gina en adelante: desarrollo del contenido del trabajo incluyendo la bibliograf\u00eda de referencia en la ultima pagina.<\/li><li>Formatos de fuentes (tipo de letra), m\u00e1rgenes, gr\u00e1ficas o ilustraciones y bibliograf\u00eda: tomar como referencia el Modelo 1.<\/li><\/ul>\n<\/div>\n<\/div>\n\n\n\n<p>Los archivos deben guardarse y cargarse en formato Word (docx). Los nombres de archivo deben indicar el tipo de trabajo (Ponencia (P) o Grupo de discusi\u00f3n (GD)) y el apellido de los autores. Por ejemplo, una propuesta para Ponencia de autores P\u00e9rez y Ram\u00edrez debe tener el nombre de archivo: P_P\u00e9rez y Ramirez.docx.<\/p>\n\n\n\n<div style=\"height:30px\" aria-hidden=\"true\" class=\"wp-block-spacer\"><\/div>\n\n\n\n<hr class=\"wp-block-separator has-text-color has-background has-black-background-color has-black-color is-style-dots fondo\"\/>\n\n\n\n<div style=\"height:30px\" aria-hidden=\"true\" class=\"wp-block-spacer\"><\/div>\n<\/div><\/div>\n\n\n\n<div class=\"wp-block-group\"><div class=\"wp-block-group__inner-container\">\n<div class=\"wp-block-columns\">\n<div class=\"wp-block-column\">\n<p style=\"font-size:18px\"><strong>CONVERSATORIOS (O \u2018CHAT SHOW\u2019):<\/strong> bajo el lema \u201cCreando juntos estrategias para ense\u00f1ar matem\u00e1tica en la virtualidad\u201d, las presentaciones de docentes de los Profesorados en Matem\u00e1tica que participan, tendr\u00e1n como prop\u00f3sito compartir sus experiencias \u00e1ulicas relacionadas con la ense\u00f1anza de la matem\u00e1tica con modalidad virtual. Cada conversatorio tendr\u00e1 no m\u00e1s de 5 participantes, con un tiempo m\u00e1ximo de 20 minutos cada uno, tiempo durante el cual los participantes en general podr\u00e1n intervenir con consultas, etc., una vez concluidas las presentaciones de los mismos, para finalizar con una s\u00edntesis a cargo del coordinador del conversatorio.<\/p>\n<\/div>\n\n\n\n<div class=\"wp-block-column\">\n<p style=\"font-size:18px\"><strong>Extensi\u00f3n:<\/strong> no deber\u00e1n exceder 1 (una) p\u00e1gina en formato A4, con la siguiente estructura:<\/p>\n\n\n\n<ul><li>T\u00edtulo, Autor (o autores), Instituci\u00f3n (o instituciones), Correo Electr\u00f3nico, Tipo de trabajo: Conversatorio y Resumen. Palabras Clave (como m\u00e1ximo, cinco).<\/li><li>Formatos de fuentes (tipo de letra), m\u00e1rgenes, gr\u00e1ficas o ilustraciones: tomar como referencia el Modelo 2.<\/li><\/ul>\n<\/div>\n<\/div>\n<\/div><\/div>\n\n\n\n<div style=\"height:30px\" aria-hidden=\"true\" class=\"wp-block-spacer\"><\/div>\n\n\n\n<hr class=\"wp-block-separator has-text-color has-background has-black-background-color has-black-color is-style-dots fondo\"\/>\n\n\n\n<div style=\"height:30px\" aria-hidden=\"true\" class=\"wp-block-spacer\"><\/div>\n\n\n\n<div class=\"wp-block-group\"><div class=\"wp-block-group__inner-container\">\n<div class=\"wp-block-columns\">\n<div class=\"wp-block-column\">\n<p style=\"font-size:18px\"><strong>FOROS VIRTUALES:<\/strong> ser\u00e1n espacios en los que se podr\u00e1n presentar los resultados de trabajos de tesis sobre temas relacionados con la Ense\u00f1anza de la Matem\u00e1tica que hayan defendido recientemente profesores de Matem\u00e1tica y\/o graduados de Profesorados de Matem\u00e1tica. Se deber\u00e1 poner el \u00e9nfasis en la reflexi\u00f3n sobre las diferentes perspectivas y marcos te\u00f3ricos de la investigaci\u00f3n en Did\u00e1ctica de la Matem\u00e1tica que las sustentaron y los aportes a la ense\u00f1anza.<\/p>\n<\/div>\n\n\n\n<div class=\"wp-block-column\">\n<p style=\"font-size:18px\">El resumen de cada trabajo ser\u00e1 publicado en el foro con anticipaci\u00f3n para que los participantes puedan formular las preguntas o pedidos de aclaraci\u00f3n, de manera asincr\u00f3nica. El d\u00eda y hora asignados, en forma sincr\u00f3nica, luego de una breve contextualizaci\u00f3n sobre su contribuci\u00f3n, los autores podr\u00e1n realizar la devoluci\u00f3n a las preguntas y comentar sobre las respuestas, fruto del intercambio anticipado en el foro. Cada autor contar\u00e1 con un tiempo de no m\u00e1s de 15 minutos.<\/p>\n\n\n\n<p><strong>Extensi\u00f3n:<\/strong> no deber\u00e1n exceder 1 (una) p\u00e1gina en formato A4, con la siguiente estructura (ver Modelo 2):<\/p>\n\n\n\n<ul><li>T\u00edtulo, Autor (o autores), Instituci\u00f3n (o instituciones), Correo Electr\u00f3nico, Tipo de trabajo: Foro Virtual, y Resumen (sin l\u00edmite de cantidad de palabras). Palabras Clave (como m\u00e1ximo, cinco).<\/li><li>Formatos de fuentes (tipo de letra), m\u00e1rgenes, gr\u00e1ficas o ilustraciones: tomar como referencia el Modelo 2.<\/li><\/ul>\n<\/div>\n<\/div>\n<\/div><\/div>\n\n\n\n<p>Los archivos deben guardarse y cargarse en formato Word (docx). Los nombres de archivo deben indicar el tipo de trabajo (Conversatorio (C) o Foro virtual (FV)) y el apellido de los autores. Por ejemplo, una propuesta para Conversatorio del autor Gonz\u00e1lez debe tener el nombre de archivo: C_Gonz\u00e1lez.docx.<\/p>\n\n\n\n<div style=\"height:50px\" aria-hidden=\"true\" class=\"wp-block-spacer\"><\/div>\n\n\n\n<hr class=\"wp-block-separator has-text-color has-background has-black-background-color has-black-color is-style-dots fondo\"\/>\n\n\n\n<div style=\"height:50px\" aria-hidden=\"true\" class=\"wp-block-spacer\"><\/div>\n\n\n\n<div class=\"wp-block-buttons\">\n<div class=\"wp-block-button\"><a class=\"wp-block-button__link\"><\/a><\/div>\n<\/div>\n\n\n\n<div class=\"wp-block-group alignwide\"><div class=\"wp-block-group__inner-container\">\n<div class=\"wp-block-columns alignwide\">\n<div class=\"wp-block-column\">\n<p class=\"has-text-align-center\">Descargar Normas de Presentaci\u00f3n en formato PDF<\/p>\n\n\n\n<div class=\"wp-block-buttons\">\n<div class=\"wp-block-button is-style-outline\"><a class=\"wp-block-button__link has-luminous-vivid-orange-color has-text-color\" href=\"\/encuentropm\/wp-content\/uploads\/Normas_Presentacion.pdf\" style=\"border-radius:50px\" rel=\"\">Descargar<\/a><\/div>\n<\/div>\n<\/div>\n\n\n\n<div class=\"wp-block-column\">\n<p class=\"has-text-align-center\">Descargar Modelo 1 de Presentaci\u00f3n en formato docx<\/p>\n\n\n\n<div class=\"wp-block-buttons\">\n<div class=\"wp-block-button is-style-outline\"><a class=\"wp-block-button__link has-luminous-vivid-orange-color has-text-color\" href=\"\/encuentropm\/wp-content\/uploads\/Modelo_1.docx\" style=\"border-radius:50px\" rel=\"\">Descargar<\/a><\/div>\n<\/div>\n<\/div>\n\n\n\n<div class=\"wp-block-column\">\n<p class=\"has-text-align-center\">Descargar Modelo 2 de Presentaci\u00f3n en formato docx<\/p>\n\n\n\n<div class=\"wp-block-buttons\">\n<div class=\"wp-block-button is-style-outline\"><a class=\"wp-block-button__link has-luminous-vivid-orange-color has-text-color\" href=\"\/encuentropm\/wp-content\/uploads\/Modelo_2.docx\" style=\"border-radius:50px\" rel=\"\">Descargar<\/a><\/div>\n<\/div>\n<\/div>\n<\/div>\n<\/div><\/div>\n\n\n\n<p><\/p>\n","protected":false},"excerpt":{"rendered":"<p>Inscripci\u00f3n Completar el formulario digital de inscripci\u00f3n. Fecha: Desde el 8 de marzo. Fechas de env\u00edos de trabajos (ponencias, grupos\u2026<\/p>\n<p> <a class=\"continue-reading-link\" href=\"https:\/\/www.fceqyn.unam.edu.ar\/encuentropm\/?page_id=4644\"><span>Leer M\u00e1s<\/span><i class=\"crycon-right-dir\"><\/i><\/a> <\/p>\n","protected":false},"author":1,"featured_media":0,"parent":0,"menu_order":0,"comment_status":"closed","ping_status":"closed","template":"templates\/template-onecolumn.php","meta":[],"_links":{"self":[{"href":"https:\/\/www.fceqyn.unam.edu.ar\/encuentropm\/index.php?rest_route=\/wp\/v2\/pages\/4644"}],"collection":[{"href":"https:\/\/www.fceqyn.unam.edu.ar\/encuentropm\/index.php?rest_route=\/wp\/v2\/pages"}],"about":[{"href":"https:\/\/www.fceqyn.unam.edu.ar\/encuentropm\/index.php?rest_route=\/wp\/v2\/types\/page"}],"author":[{"embeddable":true,"href":"https:\/\/www.fceqyn.unam.edu.ar\/encuentropm\/index.php?rest_route=\/wp\/v2\/users\/1"}],"replies":[{"embeddable":true,"href":"https:\/\/www.fceqyn.unam.edu.ar\/encuentropm\/index.php?rest_route=%2Fwp%2Fv2%2Fcomments&post=4644"}],"version-history":[{"count":56,"href":"https:\/\/www.fceqyn.unam.edu.ar\/encuentropm\/index.php?rest_route=\/wp\/v2\/pages\/4644\/revisions"}],"predecessor-version":[{"id":4800,"href":"https:\/\/www.fceqyn.unam.edu.ar\/encuentropm\/index.php?rest_route=\/wp\/v2\/pages\/4644\/revisions\/4800"}],"wp:attachment":[{"href":"https:\/\/www.fceqyn.unam.edu.ar\/encuentropm\/index.php?rest_route=%2Fwp%2Fv2%2Fmedia&parent=4644"}],"curies":[{"name":"wp","href":"https:\/\/api.w.org\/{rel}","templated":true}]}}