{"id":4628,"date":"2021-03-05T15:37:43","date_gmt":"2021-03-05T15:37:43","guid":{"rendered":"https:\/\/www.fceqyn.unam.edu.ar\/encuentropm\/?page_id=4628"},"modified":"2021-03-10T17:43:44","modified_gmt":"2021-03-10T17:43:44","slug":"temas","status":"publish","type":"page","link":"https:\/\/www.fceqyn.unam.edu.ar\/encuentropm\/?page_id=4628","title":{"rendered":"Temas"},"content":{"rendered":"\n<ul><li>An\u00e1lisis did\u00e1ctico de propuestas de ense\u00f1anza.<\/li><li>An\u00e1lisis de los contenidos matem\u00e1ticos desde un punto de vista did\u00e1ctico.<\/li><li>Elaboraci\u00f3n de situaciones de aprendizaje para un contenido espec\u00edfico.<\/li><li>La intervenci\u00f3n docente de los practicantes en las situaciones de pr\u00e1ctica.<\/li><li>La confrontaci\u00f3n de procedimientos y razonamiento de los alumnos de la Escuela Secundaria.<\/li><li>La institucionalizaci\u00f3n de los conocimientos.<\/li><li>La evaluaci\u00f3n de los conocimientos matem\u00e1ticos.<\/li><li>La formaci\u00f3n did\u00e1ctica de los futuros profesores de Matem\u00e1tica.<\/li><li>Elaboraci\u00f3n de situaciones de aprendizaje para la formaci\u00f3n did\u00e1ctica de los futuros docentes.<\/li><li>Pr\u00e1cticas innovadoras en el marco de la ense\u00f1anza de la matem\u00e1tica con modalidad virtual.<\/li><\/ul>\n","protected":false},"excerpt":{"rendered":"<p>An\u00e1lisis did\u00e1ctico de propuestas de ense\u00f1anza. An\u00e1lisis de los contenidos matem\u00e1ticos desde un punto de vista did\u00e1ctico. Elaboraci\u00f3n de situaciones\u2026<\/p>\n<p> <a class=\"continue-reading-link\" href=\"https:\/\/www.fceqyn.unam.edu.ar\/encuentropm\/?page_id=4628\"><span>Leer M\u00e1s<\/span><i class=\"crycon-right-dir\"><\/i><\/a> <\/p>\n","protected":false},"author":1,"featured_media":0,"parent":0,"menu_order":0,"comment_status":"closed","ping_status":"closed","template":"templates\/template-onecolumn.php","meta":[],"_links":{"self":[{"href":"https:\/\/www.fceqyn.unam.edu.ar\/encuentropm\/index.php?rest_route=\/wp\/v2\/pages\/4628"}],"collection":[{"href":"https:\/\/www.fceqyn.unam.edu.ar\/encuentropm\/index.php?rest_route=\/wp\/v2\/pages"}],"about":[{"href":"https:\/\/www.fceqyn.unam.edu.ar\/encuentropm\/index.php?rest_route=\/wp\/v2\/types\/page"}],"author":[{"embeddable":true,"href":"https:\/\/www.fceqyn.unam.edu.ar\/encuentropm\/index.php?rest_route=\/wp\/v2\/users\/1"}],"replies":[{"embeddable":true,"href":"https:\/\/www.fceqyn.unam.edu.ar\/encuentropm\/index.php?rest_route=%2Fwp%2Fv2%2Fcomments&post=4628"}],"version-history":[{"count":5,"href":"https:\/\/www.fceqyn.unam.edu.ar\/encuentropm\/index.php?rest_route=\/wp\/v2\/pages\/4628\/revisions"}],"predecessor-version":[{"id":4714,"href":"https:\/\/www.fceqyn.unam.edu.ar\/encuentropm\/index.php?rest_route=\/wp\/v2\/pages\/4628\/revisions\/4714"}],"wp:attachment":[{"href":"https:\/\/www.fceqyn.unam.edu.ar\/encuentropm\/index.php?rest_route=%2Fwp%2Fv2%2Fmedia&parent=4628"}],"curies":[{"name":"wp","href":"https:\/\/api.w.org\/{rel}","templated":true}]}}