{"id":4624,"date":"2021-03-05T15:37:21","date_gmt":"2021-03-05T15:37:21","guid":{"rendered":"https:\/\/www.fceqyn.unam.edu.ar\/encuentropm\/?page_id=4624"},"modified":"2021-03-10T16:04:28","modified_gmt":"2021-03-10T16:04:28","slug":"destinatarios","status":"publish","type":"page","link":"https:\/\/www.fceqyn.unam.edu.ar\/encuentropm\/?page_id=4624","title":{"rendered":"Destinatarios"},"content":{"rendered":"\n<p style=\"font-size:24px\">El evento est\u00e1 dirigido a:<\/p>\n\n\n\n<ul><li>Estudiantes de los Profesorados de Matem\u00e1tica de Instituciones Universitarias y Terciarias de Formaci\u00f3n Docente, de las Provincias del NEA<\/li><li>Docentes que llevan a cabo la ense\u00f1anza de la Did\u00e1ctica de la Matem\u00e1tica y Pr\u00e1ctica Profesional en el \u00e1rea de la Matem\u00e1tica<\/li><li>Docentes de profesorados en Matem\u00e1tica interesados por desarrollos e investigaciones en la ense\u00f1anza de la matem\u00e1tica y la ense\u00f1anza de la disciplina en una modalidad virtual<\/li><li>Egresados recientes de los Profesorados de Matem\u00e1tica (con no m\u00e1s de 4 a\u00f1os en la profesi\u00f3n<\/li><\/ul>\n","protected":false},"excerpt":{"rendered":"<p>El evento est\u00e1 dirigido a: Estudiantes de los Profesorados de Matem\u00e1tica de Instituciones Universitarias y Terciarias de Formaci\u00f3n Docente, de\u2026<\/p>\n<p> <a class=\"continue-reading-link\" href=\"https:\/\/www.fceqyn.unam.edu.ar\/encuentropm\/?page_id=4624\"><span>Leer M\u00e1s<\/span><i class=\"crycon-right-dir\"><\/i><\/a> <\/p>\n","protected":false},"author":1,"featured_media":0,"parent":0,"menu_order":0,"comment_status":"closed","ping_status":"closed","template":"templates\/template-onecolumn.php","meta":[],"_links":{"self":[{"href":"https:\/\/www.fceqyn.unam.edu.ar\/encuentropm\/index.php?rest_route=\/wp\/v2\/pages\/4624"}],"collection":[{"href":"https:\/\/www.fceqyn.unam.edu.ar\/encuentropm\/index.php?rest_route=\/wp\/v2\/pages"}],"about":[{"href":"https:\/\/www.fceqyn.unam.edu.ar\/encuentropm\/index.php?rest_route=\/wp\/v2\/types\/page"}],"author":[{"embeddable":true,"href":"https:\/\/www.fceqyn.unam.edu.ar\/encuentropm\/index.php?rest_route=\/wp\/v2\/users\/1"}],"replies":[{"embeddable":true,"href":"https:\/\/www.fceqyn.unam.edu.ar\/encuentropm\/index.php?rest_route=%2Fwp%2Fv2%2Fcomments&post=4624"}],"version-history":[{"count":8,"href":"https:\/\/www.fceqyn.unam.edu.ar\/encuentropm\/index.php?rest_route=\/wp\/v2\/pages\/4624\/revisions"}],"predecessor-version":[{"id":4689,"href":"https:\/\/www.fceqyn.unam.edu.ar\/encuentropm\/index.php?rest_route=\/wp\/v2\/pages\/4624\/revisions\/4689"}],"wp:attachment":[{"href":"https:\/\/www.fceqyn.unam.edu.ar\/encuentropm\/index.php?rest_route=%2Fwp%2Fv2%2Fmedia&parent=4624"}],"curies":[{"name":"wp","href":"https:\/\/api.w.org\/{rel}","templated":true}]}}