{"id":4622,"date":"2021-03-05T15:37:01","date_gmt":"2021-03-05T15:37:01","guid":{"rendered":"https:\/\/www.fceqyn.unam.edu.ar\/encuentropm\/?page_id=4622"},"modified":"2021-03-10T17:38:06","modified_gmt":"2021-03-10T17:38:06","slug":"objetivos","status":"publish","type":"page","link":"https:\/\/www.fceqyn.unam.edu.ar\/encuentropm\/?page_id=4622","title":{"rendered":"Objetivos"},"content":{"rendered":"\n<ul><li><strong>INTERCAMBIAR<\/strong> experiencias entre estudiantes y docentes de Profesorados de Matem\u00e1tica en relaci\u00f3n a las Pr\u00e1cticas de Ense\u00f1anza y Residencias.<\/li><li><strong>DISCUTIR<\/strong> distintos aspectos de la Problem\u00e1tica espec\u00edfica del dise\u00f1o y realizaci\u00f3n de las Pr\u00e1cticas.<\/li><li><strong>DAR A CONOCER<\/strong> las propuestas que han elaborado y realizado los estudiantes para sus Pr\u00e1cticas de Ense\u00f1anza.<\/li><li><strong>COMPARTIR<\/strong> experiencias para la construcci\u00f3n de un espacio de discusi\u00f3n y reflexi\u00f3n sobre la problem\u00e1tica de la Pr\u00e1ctica Profesional y de la Did\u00e1ctica de la Matem\u00e1tica.<\/li><li><strong>INTERCAMBIAR<\/strong> experiencias entre docentes de Profesorados de Matem\u00e1tica sobre la ense\u00f1anza de la matem\u00e1tica en la modalidad virtual.<\/li><li><strong>OFRECER<\/strong> un espacio para que docentes de los profesorados puedan compartir sus trabajos de tesis en ense\u00f1anza de la Matem\u00e1tica.<\/li><\/ul>\n\n\n\n<p> <\/p>\n","protected":false},"excerpt":{"rendered":"<p>INTERCAMBIAR experiencias entre estudiantes y docentes de Profesorados de Matem\u00e1tica en relaci\u00f3n a las Pr\u00e1cticas de Ense\u00f1anza y Residencias. DISCUTIR\u2026<\/p>\n<p> <a class=\"continue-reading-link\" href=\"https:\/\/www.fceqyn.unam.edu.ar\/encuentropm\/?page_id=4622\"><span>Leer M\u00e1s<\/span><i class=\"crycon-right-dir\"><\/i><\/a> <\/p>\n","protected":false},"author":1,"featured_media":0,"parent":0,"menu_order":0,"comment_status":"closed","ping_status":"closed","template":"templates\/template-onecolumn.php","meta":[],"_links":{"self":[{"href":"https:\/\/www.fceqyn.unam.edu.ar\/encuentropm\/index.php?rest_route=\/wp\/v2\/pages\/4622"}],"collection":[{"href":"https:\/\/www.fceqyn.unam.edu.ar\/encuentropm\/index.php?rest_route=\/wp\/v2\/pages"}],"about":[{"href":"https:\/\/www.fceqyn.unam.edu.ar\/encuentropm\/index.php?rest_route=\/wp\/v2\/types\/page"}],"author":[{"embeddable":true,"href":"https:\/\/www.fceqyn.unam.edu.ar\/encuentropm\/index.php?rest_route=\/wp\/v2\/users\/1"}],"replies":[{"embeddable":true,"href":"https:\/\/www.fceqyn.unam.edu.ar\/encuentropm\/index.php?rest_route=%2Fwp%2Fv2%2Fcomments&post=4622"}],"version-history":[{"count":6,"href":"https:\/\/www.fceqyn.unam.edu.ar\/encuentropm\/index.php?rest_route=\/wp\/v2\/pages\/4622\/revisions"}],"predecessor-version":[{"id":4712,"href":"https:\/\/www.fceqyn.unam.edu.ar\/encuentropm\/index.php?rest_route=\/wp\/v2\/pages\/4622\/revisions\/4712"}],"wp:attachment":[{"href":"https:\/\/www.fceqyn.unam.edu.ar\/encuentropm\/index.php?rest_route=%2Fwp%2Fv2%2Fmedia&parent=4622"}],"curies":[{"name":"wp","href":"https:\/\/api.w.org\/{rel}","templated":true}]}}