{"id":4619,"date":"2021-03-05T15:36:31","date_gmt":"2021-03-05T15:36:31","guid":{"rendered":"https:\/\/www.fceqyn.unam.edu.ar\/encuentropm\/?page_id=4619"},"modified":"2021-03-10T17:34:14","modified_gmt":"2021-03-10T17:34:14","slug":"resena-historica","status":"publish","type":"page","link":"https:\/\/www.fceqyn.unam.edu.ar\/encuentropm\/?page_id=4619","title":{"rendered":"Rese\u00f1a Hist\u00f3rica"},"content":{"rendered":"\n<p>Los Encuentros se gestaron en la Universidad Nacional del Nordeste, m\u00e1s precisamente en la Facultad de Ciencias Exactas, a partir de la iniciativa de la Prof. Irma E. Saiz, y un grupo de alumnos de la asignatura Did\u00e1ctica de la Matem\u00e1tica y Pasant\u00eda del <strong>a\u00f1o 2003<\/strong>. En ese a\u00f1o se realiz\u00f3 el <strong>Primer Encuentro de Estudiantes para Estudiantes de Profesorados de Matem\u00e1tica<\/strong> con el lema \u201cAprender a Ense\u00f1ar Matem\u00e1tica\u201d, organizado por la Carrera del Profesorado de Matem\u00e1tica, Departamento de Matem\u00e1tica y Alumnos del Profesorado de Matem\u00e1tica, siendo la Sede: la Facultad de Ciencias Exactas y Naturales, y Agrimensura (U.N.NE.), y el comit\u00e9 Acad\u00e9mico integrado por la Mag\u00edster Irma Saiz y la Mag\u00edster Nelci Noem\u00ed Acu\u00f1a y la Especialista Silvia Caron\u00eda.<\/p>\n\n\n\n<div style=\"height:10px\" aria-hidden=\"true\" class=\"wp-block-spacer\"><\/div>\n\n\n\n<p>En el <strong>a\u00f1o 2004<\/strong> se llev\u00f3 a cabo el <strong>Segundo Encuentro de Estudiantes para Estudiantes de Profesorados de Matem\u00e1tica <\/strong>y el<strong> Primer Encuentro Regional de Profesores de Pr\u00e1ctica Profesional y Did\u00e1ctica de los Profesorados en Matem\u00e1tica<\/strong>, organizado por la Carrera del Profesorado de Matem\u00e1tica, Departamento de Formaci\u00f3n Docente y Educaci\u00f3n Cient\u00edfica, Departamento de Matem\u00e1tica y Alumnos del Profesorado de Matem\u00e1tica, de la F.C.E.Q.y N., U.Na.M., en la ciudad de Posadas, provincia de Misiones. A\u00f1os m\u00e1s tarde, en el<strong> 2009<\/strong>, en esta misma sede se desarroll\u00f3 el <strong>VII Encuentro de Estudiantes y el VI Encuentro Regional de Profesores.<\/strong><\/p>\n\n\n\n<div style=\"height:10px\" aria-hidden=\"true\" class=\"wp-block-spacer\"><\/div>\n\n\n\n<p>En los <strong>a\u00f1os 2005 y 2010<\/strong> se dieron lugar: el <strong>III Encuentro de Estudiantes y II Encuentro Regional de Profesores, el VIII Encuentro de Estudiantes y el VII Encuentro Regional de Profesores<\/strong>, respectivamente, organizados por el Instituto de Formaci\u00f3n Docente de Bella Vista, Profesorado de 3er Ciclo de la EGB y Ed. Polimodal en Matem\u00e1tica y los Departamentos de: Capacitaci\u00f3n y Extensi\u00f3n, Investigaci\u00f3n y Desarrollo y Formaci\u00f3n de Grado, siendo la Sede el Instituto de Formaci\u00f3n Docente de Bella Vista, provincia de Corrientes.<\/p>\n\n\n\n<div style=\"height:10px\" aria-hidden=\"true\" class=\"wp-block-spacer\"><\/div>\n\n\n\n<p>En la ciudad de Formosa, siendo sede la U.Na.F., el <strong>a\u00f1o 2006<\/strong> se realiz\u00f3 el <strong>IV Encuentro de Estudiantes y el III Encuentro Regional de Profesores<\/strong>, organizado por la Carrera del Profesorado de Matem\u00e1tica, Departamento de Matem\u00e1tica y Alumnos del Profesorado de Matem\u00e1tica, y nuevamente en el <strong>a\u00f1o 2012, <\/strong>las ediciones<strong> X Encuentro de Estudiantes y el IX Encuentro Regional de Profesores.<\/strong><\/p>\n\n\n\n<div style=\"height:10px\" aria-hidden=\"true\" class=\"wp-block-spacer\"><\/div>\n\n\n\n<p>El <strong>V Encuentro de Estudiantes y el IV Encuentro Regional de Profesores<\/strong>, <strong>a\u00f1o 2007<\/strong> y el <strong>XI Encuentro de Estudiantes y el X Encuentro Regional de Profesores, a\u00f1o 2018<\/strong>, fueron organizados por la Licenciatura en Did\u00e1ctica de la Matem\u00e1tica y el Departamento de Humanidades, siendo la Sede la F.A.C.E.N.A., U.N.N.E., en la ciudad de Corrientes.<\/p>\n\n\n\n<div style=\"height:10px\" aria-hidden=\"true\" class=\"wp-block-spacer\"><\/div>\n\n\n\n<p>La organizaci\u00f3n en el <strong>a\u00f1o 2008 <\/strong>del <strong>VI Encuentro de Estudiantes <\/strong>y el<strong> V Encuentro Regional de Profesores<\/strong>, estuvo a cargo de la Carrera y Alumnos del Profesorado de Matem\u00e1tica, del Instituto de Nivel Terciario San Fernando, en la ciudad de Resistencia, provincia del Chaco.<\/p>\n\n\n\n<div style=\"height:10px\" aria-hidden=\"true\" class=\"wp-block-spacer\"><\/div>\n\n\n\n<p>En cuanto al <strong>IX Encuentro de Estudiantes y el VIII Encuentro Regional de Profesores<\/strong> en <strong>a\u00f1o 2011<\/strong> tuvo como Sede, por primera vez, al Instituto Superior Goya, de Goya provincia de Corrientes.<\/p>\n\n\n\n<div style=\"height:11px\" aria-hidden=\"true\" class=\"wp-block-spacer\"><\/div>\n\n\n\n<p>En el <strong>a\u00f1o 2019<\/strong>, le correspondi\u00f3 la organizaci\u00f3n del <strong>XII Encuentro de Estudiantes para Estudiantes de Profesorados de Matem\u00e1tica <\/strong>y el<strong> XI Encuentro Regional de Profesores de Pr\u00e1ctica Profesional y Did\u00e1ctica de los Profesorados en Matem\u00e1tica<\/strong>, al Instituto de Formaci\u00f3n Docente de Bella Vista, provincia de Corrientes.<\/p>\n\n\n\n<div style=\"height:10px\" aria-hidden=\"true\" class=\"wp-block-spacer\"><\/div>\n\n\n\n<p>La continuidad en el tiempo del evento da cuenta de las bases s\u00f3lidas que lo sustentan y de la necesidad de mantener estos espacios de intercambio y reflexi\u00f3n permanentes, donde estudiantes y profesores, tengan la posibilidad de acercarse a nuevos aportes surgidos de los resultados de las investigaciones en la Did\u00e1ctica de la Matem\u00e1tica y\/o innovaciones tecnol\u00f3gicas, producto de la evoluci\u00f3n de la tecnolog\u00eda puestas al servicio de la educaci\u00f3n.<\/p>\n","protected":false},"excerpt":{"rendered":"<p>Los Encuentros se gestaron en la Universidad Nacional del Nordeste, m\u00e1s precisamente en la Facultad de Ciencias Exactas, a partir\u2026<\/p>\n<p> <a class=\"continue-reading-link\" href=\"https:\/\/www.fceqyn.unam.edu.ar\/encuentropm\/?page_id=4619\"><span>Leer M\u00e1s<\/span><i class=\"crycon-right-dir\"><\/i><\/a> <\/p>\n","protected":false},"author":1,"featured_media":0,"parent":0,"menu_order":0,"comment_status":"closed","ping_status":"closed","template":"templates\/template-onecolumn.php","meta":[],"_links":{"self":[{"href":"https:\/\/www.fceqyn.unam.edu.ar\/encuentropm\/index.php?rest_route=\/wp\/v2\/pages\/4619"}],"collection":[{"href":"https:\/\/www.fceqyn.unam.edu.ar\/encuentropm\/index.php?rest_route=\/wp\/v2\/pages"}],"about":[{"href":"https:\/\/www.fceqyn.unam.edu.ar\/encuentropm\/index.php?rest_route=\/wp\/v2\/types\/page"}],"author":[{"embeddable":true,"href":"https:\/\/www.fceqyn.unam.edu.ar\/encuentropm\/index.php?rest_route=\/wp\/v2\/users\/1"}],"replies":[{"embeddable":true,"href":"https:\/\/www.fceqyn.unam.edu.ar\/encuentropm\/index.php?rest_route=%2Fwp%2Fv2%2Fcomments&post=4619"}],"version-history":[{"count":7,"href":"https:\/\/www.fceqyn.unam.edu.ar\/encuentropm\/index.php?rest_route=\/wp\/v2\/pages\/4619\/revisions"}],"predecessor-version":[{"id":4710,"href":"https:\/\/www.fceqyn.unam.edu.ar\/encuentropm\/index.php?rest_route=\/wp\/v2\/pages\/4619\/revisions\/4710"}],"wp:attachment":[{"href":"https:\/\/www.fceqyn.unam.edu.ar\/encuentropm\/index.php?rest_route=%2Fwp%2Fv2%2Fmedia&parent=4619"}],"curies":[{"name":"wp","href":"https:\/\/api.w.org\/{rel}","templated":true}]}}