{"id":4617,"date":"2021-03-05T15:36:22","date_gmt":"2021-03-05T15:36:22","guid":{"rendered":"https:\/\/www.fceqyn.unam.edu.ar\/encuentropm\/?page_id=4617"},"modified":"2021-03-10T16:08:11","modified_gmt":"2021-03-10T16:08:11","slug":"fundamentacion","status":"publish","type":"page","link":"https:\/\/www.fceqyn.unam.edu.ar\/encuentropm\/?page_id=4617","title":{"rendered":"Fundamentaci\u00f3n"},"content":{"rendered":"\n<p class=\"has-medium-font-size\">Se sabe que la pr\u00e1ctica profesional constituye un momento trascendental en la formaci\u00f3n de los alumnos futuros docentes, se reconoce tambi\u00e9n como un momento sumamente complejo por la serie de problemas que se presentan a la hora de preparar, organizar y llevar a cabo las mismas.&nbsp; Es por ello que es esencial encontrar un espacio para compartir experiencias entre alumnos de distintos profesorados de matem\u00e1tica que tambi\u00e9n estuvieran transcurriendo ese momento tan importante en la formaci\u00f3n de un profesor, para su futuro desenvolvimiento en las instituciones educativas.<\/p>\n\n\n\n<div style=\"height:15px\" aria-hidden=\"true\" class=\"wp-block-spacer\"><\/div>\n\n\n\n<p class=\"has-medium-font-size\">Adem\u00e1s, se hace necesario e imprescindible la construcci\u00f3n de \u00e1mbitos de reflexi\u00f3n entre los docentes de la pr\u00e1ctica y did\u00e1ctica de los profesorados de matem\u00e1tica, la generaci\u00f3n de espacios de discusi\u00f3n acerca de la formaci\u00f3n en did\u00e1ctica, la formaci\u00f3n en contenidos matem\u00e1ticos, la pr\u00e1ctica docente como fuente de reflexi\u00f3n sobre la formaci\u00f3n, la problem\u00e1tica de la pr\u00e1ctica, el rol del profesor de la pr\u00e1ctica, entre otras cuestiones.<\/p>\n\n\n\n<div style=\"height:15px\" aria-hidden=\"true\" class=\"wp-block-spacer\"><\/div>\n\n\n\n<p class=\"has-medium-font-size\">Por otra parte, la situaci\u00f3n actual de distanciamiento social, preventivo y obligatorio, medidas adoptadas por el gobierno de la naci\u00f3n a ra\u00edz de la pandemia por Covid 19, ha hecho que las actividades acad\u00e9micas tengan modalidad virtual. Esto con lleva una serie de adaptaciones tanto de estudiantes como de docentes, los primeros en sus modos de aprendizajes y los segundos en sus pr\u00e1cticas de ense\u00f1anza. Significan as\u00ed un doble desaf\u00edo como instituci\u00f3n y como docentes: la continuidad educativa a pesar del contexto, y el nuevo rol del sistema a una modalidad de educaci\u00f3n virtual (de emergencia). Por este motivo, es oportuno compartir tambi\u00e9n las experiencias de esta situaci\u00f3n, que fortalecer\u00e1n tanto a docentes como a futuros docentes en matem\u00e1tica.<\/p>\n","protected":false},"excerpt":{"rendered":"<p>Se sabe que la pr\u00e1ctica profesional constituye un momento trascendental en la formaci\u00f3n de los alumnos futuros docentes, se reconoce\u2026<\/p>\n<p> <a class=\"continue-reading-link\" href=\"https:\/\/www.fceqyn.unam.edu.ar\/encuentropm\/?page_id=4617\"><span>Leer M\u00e1s<\/span><i class=\"crycon-right-dir\"><\/i><\/a> <\/p>\n","protected":false},"author":1,"featured_media":0,"parent":0,"menu_order":0,"comment_status":"closed","ping_status":"closed","template":"templates\/template-onecolumn.php","meta":[],"_links":{"self":[{"href":"https:\/\/www.fceqyn.unam.edu.ar\/encuentropm\/index.php?rest_route=\/wp\/v2\/pages\/4617"}],"collection":[{"href":"https:\/\/www.fceqyn.unam.edu.ar\/encuentropm\/index.php?rest_route=\/wp\/v2\/pages"}],"about":[{"href":"https:\/\/www.fceqyn.unam.edu.ar\/encuentropm\/index.php?rest_route=\/wp\/v2\/types\/page"}],"author":[{"embeddable":true,"href":"https:\/\/www.fceqyn.unam.edu.ar\/encuentropm\/index.php?rest_route=\/wp\/v2\/users\/1"}],"replies":[{"embeddable":true,"href":"https:\/\/www.fceqyn.unam.edu.ar\/encuentropm\/index.php?rest_route=%2Fwp%2Fv2%2Fcomments&post=4617"}],"version-history":[{"count":10,"href":"https:\/\/www.fceqyn.unam.edu.ar\/encuentropm\/index.php?rest_route=\/wp\/v2\/pages\/4617\/revisions"}],"predecessor-version":[{"id":4696,"href":"https:\/\/www.fceqyn.unam.edu.ar\/encuentropm\/index.php?rest_route=\/wp\/v2\/pages\/4617\/revisions\/4696"}],"wp:attachment":[{"href":"https:\/\/www.fceqyn.unam.edu.ar\/encuentropm\/index.php?rest_route=%2Fwp%2Fv2%2Fmedia&parent=4617"}],"curies":[{"name":"wp","href":"https:\/\/api.w.org\/{rel}","templated":true}]}}