{"id":4595,"date":"2021-03-05T13:23:30","date_gmt":"2021-03-05T13:23:30","guid":{"rendered":"https:\/\/www.fceqyn.unam.edu.ar\/encuentropm\/?page_id=4595"},"modified":"2021-03-19T20:29:20","modified_gmt":"2021-03-19T20:29:20","slug":"encuentro","status":"publish","type":"page","link":"https:\/\/www.fceqyn.unam.edu.ar\/encuentropm\/","title":{"rendered":"Encuentro de Estudiantes y Profesores de Matem\u00e1tica"},"content":{"rendered":"\n<figure class=\"wp-block-image size-medium is-resized\"><img loading=\"lazy\" src=\"https:\/\/www.fceqyn.unam.edu.ar\/encuentropm\/wp-content\/uploads\/2021\/03\/logo-300x152.png\" alt=\"\" class=\"wp-image-4640\" width=\"304\" height=\"154\" srcset=\"https:\/\/www.fceqyn.unam.edu.ar\/encuentropm\/wp-content\/uploads\/2021\/03\/logo-300x152.png 300w, https:\/\/www.fceqyn.unam.edu.ar\/encuentropm\/wp-content\/uploads\/2021\/03\/logo-768x389.png 768w, https:\/\/www.fceqyn.unam.edu.ar\/encuentropm\/wp-content\/uploads\/2021\/03\/logo-125x63.png 125w, https:\/\/www.fceqyn.unam.edu.ar\/encuentropm\/wp-content\/uploads\/2021\/03\/logo-150x76.png 150w, https:\/\/www.fceqyn.unam.edu.ar\/encuentropm\/wp-content\/uploads\/2021\/03\/logo.png 1025w\" sizes=\"(max-width: 304px) 100vw, 304px\" \/><\/figure>\n\n\n\n<h2 class=\"has-text-align-center\"><strong>\u201cAprender Matem\u00e1tica y Aprender a ense\u00f1ar Matem\u00e1tica\u201d<\/strong><\/h2>\n\n\n\n<h5 class=\"has-text-align-center subtitulo\" style=\"font-size:22px\"><strong>Posadas, del 8 al 10 de abril\/2021, modalidad Virtual<\/strong><\/h5>\n\n\n\n<div style=\"height:28px\" aria-hidden=\"true\" class=\"wp-block-spacer\"><\/div>\n\n\n\n<p class=\"has-medium-font-size\">Se sabe que la pr\u00e1ctica profesional constituye un momento trascendental en la formaci\u00f3n de los alumnos futuros docentes, se reconoce tambi\u00e9n como un momento sumamente complejo por la serie de problemas que se presentan a la hora de preparar, organizar y llevar a cabo las mismas.&nbsp; Es por ello que es esencial encontrar un espacio para compartir experiencias entre alumnos de distintos profesorados de matem\u00e1tica que tambi\u00e9n estuvieran transcurriendo ese momento tan importante en la formaci\u00f3n de un profesor, para su futuro desenvolvimiento en las instituciones educativas.<\/p>\n\n\n\n<div style=\"height:10px\" aria-hidden=\"true\" class=\"wp-block-spacer\"><\/div>\n\n\n\n<p class=\"has-medium-font-size\">Adem\u00e1s, se hace necesario e imprescindible la construcci\u00f3n de \u00e1mbitos de reflexi\u00f3n entre los docentes de la pr\u00e1ctica y did\u00e1ctica de los profesorados de matem\u00e1tica, la generaci\u00f3n de espacios de discusi\u00f3n acerca de la formaci\u00f3n en did\u00e1ctica, la formaci\u00f3n en contenidos matem\u00e1ticos, la pr\u00e1ctica docente como fuente de reflexi\u00f3n sobre la formaci\u00f3n, la problem\u00e1tica de la pr\u00e1ctica, el rol del profesor de la pr\u00e1ctica, entre otras cuestiones.<\/p>\n\n\n\n<div style=\"height:20px\" aria-hidden=\"true\" class=\"wp-block-spacer\"><\/div>\n\n\n\n<p class=\"has-medium-font-size\">La continuidad en el tiempo del evento da cuenta de las bases s\u00f3lidas que lo sustentan y de la necesidad de mantener estos espacios de intercambio y reflexi\u00f3n permanentes, donde estudiantes y profesores, tengan la posibilidad de acercarse a nuevos aportes surgidos de los resultados de las investigaciones en la Did\u00e1ctica de la Matem\u00e1tica y\/o innovaciones tecnol\u00f3gicas, producto de la evoluci\u00f3n de la tecnolog\u00eda puestas al servicio de la educaci\u00f3n.<\/p>\n","protected":false},"excerpt":{"rendered":"<p>\u201cAprender Matem\u00e1tica y Aprender a ense\u00f1ar Matem\u00e1tica\u201d Posadas, del 8 al 10 de abril\/2021, modalidad Virtual Se sabe que la\u2026<\/p>\n<p> <a class=\"continue-reading-link\" href=\"https:\/\/www.fceqyn.unam.edu.ar\/encuentropm\/\"><span>Leer M\u00e1s<\/span><i class=\"crycon-right-dir\"><\/i><\/a> <\/p>\n","protected":false},"author":1,"featured_media":0,"parent":0,"menu_order":0,"comment_status":"closed","ping_status":"closed","template":"templates\/template-onecolumn.php","meta":[],"_links":{"self":[{"href":"https:\/\/www.fceqyn.unam.edu.ar\/encuentropm\/index.php?rest_route=\/wp\/v2\/pages\/4595"}],"collection":[{"href":"https:\/\/www.fceqyn.unam.edu.ar\/encuentropm\/index.php?rest_route=\/wp\/v2\/pages"}],"about":[{"href":"https:\/\/www.fceqyn.unam.edu.ar\/encuentropm\/index.php?rest_route=\/wp\/v2\/types\/page"}],"author":[{"embeddable":true,"href":"https:\/\/www.fceqyn.unam.edu.ar\/encuentropm\/index.php?rest_route=\/wp\/v2\/users\/1"}],"replies":[{"embeddable":true,"href":"https:\/\/www.fceqyn.unam.edu.ar\/encuentropm\/index.php?rest_route=%2Fwp%2Fv2%2Fcomments&post=4595"}],"version-history":[{"count":37,"href":"https:\/\/www.fceqyn.unam.edu.ar\/encuentropm\/index.php?rest_route=\/wp\/v2\/pages\/4595\/revisions"}],"predecessor-version":[{"id":4818,"href":"https:\/\/www.fceqyn.unam.edu.ar\/encuentropm\/index.php?rest_route=\/wp\/v2\/pages\/4595\/revisions\/4818"}],"wp:attachment":[{"href":"https:\/\/www.fceqyn.unam.edu.ar\/encuentropm\/index.php?rest_route=%2Fwp%2Fv2%2Fmedia&parent=4595"}],"curies":[{"name":"wp","href":"https:\/\/api.w.org\/{rel}","templated":true}]}}