{"id":4650,"date":"2020-10-14T16:22:41","date_gmt":"2020-10-14T16:22:41","guid":{"rendered":"https:\/\/www.fceqyn.unam.edu.ar\/eie\/?page_id=4650"},"modified":"2024-09-12T22:18:08","modified_gmt":"2024-09-12T22:18:08","slug":"pre-inscripciones","status":"publish","type":"page","link":"https:\/\/www.fceqyn.unam.edu.ar\/eie\/?page_id=4650","title":{"rendered":"Pre-Inscripciones"},"content":{"rendered":"<p>Hasta el 30\/09\/24 estar\u00e1 abierta la preinscripci\u00f3n a la tercera cohorte de la Especializaci\u00f3n en Investigaci\u00f3n Educativa.<\/p>\n<div>Link de Preinscripci\u00f3n:\u00a0<a href=\"https:\/\/forms.gle\/15stwk4KKLYgQxfa6\">https:\/\/forms.gle\/15stwk4KKLYgQxfa6<\/a><\/div>\n<p>Para solicitar informaci\u00f3n:\u00a0 einvestigacioneducativa@fceqyn.unam.edu.ar<\/p>\n","protected":false},"excerpt":{"rendered":"<p>Hasta el 30\/09\/24 estar\u00e1 abierta la preinscripci\u00f3n a la tercera cohorte de la Especializaci\u00f3n en Investigaci\u00f3n Educativa. Link de Preinscripci\u00f3n:\u00a0https:\/\/forms.gle\/15stwk4KKLYgQxfa6\u2026<\/p>\n<p> <a class=\"continue-reading-link\" href=\"https:\/\/www.fceqyn.unam.edu.ar\/eie\/?page_id=4650\"><span>Leer M\u00e1s<\/span><i class=\"crycon-right-dir\"><\/i><\/a> <\/p>\n","protected":false},"author":1,"featured_media":0,"parent":0,"menu_order":0,"comment_status":"closed","ping_status":"closed","template":"templates\/template-twocolumns-left.php","meta":[],"_links":{"self":[{"href":"https:\/\/www.fceqyn.unam.edu.ar\/eie\/index.php?rest_route=\/wp\/v2\/pages\/4650"}],"collection":[{"href":"https:\/\/www.fceqyn.unam.edu.ar\/eie\/index.php?rest_route=\/wp\/v2\/pages"}],"about":[{"href":"https:\/\/www.fceqyn.unam.edu.ar\/eie\/index.php?rest_route=\/wp\/v2\/types\/page"}],"author":[{"embeddable":true,"href":"https:\/\/www.fceqyn.unam.edu.ar\/eie\/index.php?rest_route=\/wp\/v2\/users\/1"}],"replies":[{"embeddable":true,"href":"https:\/\/www.fceqyn.unam.edu.ar\/eie\/index.php?rest_route=%2Fwp%2Fv2%2Fcomments&post=4650"}],"version-history":[{"count":4,"href":"https:\/\/www.fceqyn.unam.edu.ar\/eie\/index.php?rest_route=\/wp\/v2\/pages\/4650\/revisions"}],"predecessor-version":[{"id":4713,"href":"https:\/\/www.fceqyn.unam.edu.ar\/eie\/index.php?rest_route=\/wp\/v2\/pages\/4650\/revisions\/4713"}],"wp:attachment":[{"href":"https:\/\/www.fceqyn.unam.edu.ar\/eie\/index.php?rest_route=%2Fwp%2Fv2%2Fmedia&parent=4650"}],"curies":[{"name":"wp","href":"https:\/\/api.w.org\/{rel}","templated":true}]}}