{"id":4644,"date":"2020-10-14T16:17:48","date_gmt":"2020-10-14T16:17:48","guid":{"rendered":"https:\/\/www.fceqyn.unam.edu.ar\/eie\/?page_id=4644"},"modified":"2020-10-14T17:13:17","modified_gmt":"2020-10-14T17:13:17","slug":"plan-de-estudios","status":"publish","type":"page","link":"https:\/\/www.fceqyn.unam.edu.ar\/eie\/?page_id=4644","title":{"rendered":"Plan de Estudios"},"content":{"rendered":"<p>La Carrera tendr\u00e1 un car\u00e1cter te\u00f3rico pr\u00e1ctico permanente.<\/p>\n<p>Su duraci\u00f3n, hasta la presentaci\u00f3n del Trabajo Final Integrador, ser\u00e1 de 24 meses.<\/p>\n<p>Tendr\u00e1 un total de 480 hs., distribuidas de la siguiente manera:<\/p>\n<ul>\n<li>Tres (3) <strong>Cursos Te\u00f3rico Pr\u00e1cticos de formaci\u00f3n b\u00e1sica<\/strong>, de 60 hs cada uno,<\/li>\n<li>Un (1) <strong>Seminario obligatorio<\/strong>, de formaci\u00f3n complementaria, de 60 hs de duraci\u00f3n. \u00c9ste ser\u00e1 elegido por cada participante, seg\u00fan sus necesidades o intereses, entre el conjunto de opciones que disponga la Carrera.<\/li>\n<li>Dos (2) <strong>Talleres de producci\u00f3n de investigaci\u00f3n<\/strong> de 70 hs cada uno.<\/li>\n<li>Cien (100) horas adicionales, para la presentaci\u00f3n del <strong>Trabajo Final<\/strong> <strong>Integrador <\/strong>consistente en la investigaci\u00f3n requerida para la aprobaci\u00f3n y culminaci\u00f3n de la Carrera.<\/li>\n<\/ul>\n<p>Teniendo en cuenta el car\u00e1cter de Especialista en Investigaci\u00f3n Educativa que se entregar\u00e1 como t\u00edtulo, el Trabajo Final Integrador consistir\u00e1 en una investigaci\u00f3n que llevar\u00e1 a cabo cada participante. La misma ser\u00e1 construida durante todo el proceso de la Carrera de manera cooperativa, en el transcurso de los Talleres previstos curricularmente. Cada participante, en funci\u00f3n del tema elegido, podr\u00e1 contar con un director para la orientaci\u00f3n espec\u00edfica.<\/p>\n<p>Concluido el Taller I: Construcci\u00f3n Te\u00f3rico Metodol\u00f3gica del Problema de Investigaci\u00f3n, el estudiante presentar\u00e1 a la direcci\u00f3n de la Carrera el Proyecto de Trabajo Final Integrador con aval del Director. Ser\u00e1 considerado por el Comit\u00e9 Acad\u00e9mico, que lo aprobar\u00e1 o sugerir\u00e1 modificaciones. Si fueran sugeridas modificaciones en el proyecto, el aspirante deber\u00e1 realizarlas y elevar una nueva propuesta.<\/p>\n","protected":false},"excerpt":{"rendered":"<p>La Carrera tendr\u00e1 un car\u00e1cter te\u00f3rico pr\u00e1ctico permanente. Su duraci\u00f3n, hasta la presentaci\u00f3n del Trabajo Final Integrador, ser\u00e1 de 24\u2026<\/p>\n<p> <a class=\"continue-reading-link\" href=\"https:\/\/www.fceqyn.unam.edu.ar\/eie\/?page_id=4644\"><span>Leer M\u00e1s<\/span><i class=\"crycon-right-dir\"><\/i><\/a> <\/p>\n","protected":false},"author":1,"featured_media":0,"parent":0,"menu_order":0,"comment_status":"closed","ping_status":"closed","template":"templates\/template-twocolumns-left.php","meta":[],"_links":{"self":[{"href":"https:\/\/www.fceqyn.unam.edu.ar\/eie\/index.php?rest_route=\/wp\/v2\/pages\/4644"}],"collection":[{"href":"https:\/\/www.fceqyn.unam.edu.ar\/eie\/index.php?rest_route=\/wp\/v2\/pages"}],"about":[{"href":"https:\/\/www.fceqyn.unam.edu.ar\/eie\/index.php?rest_route=\/wp\/v2\/types\/page"}],"author":[{"embeddable":true,"href":"https:\/\/www.fceqyn.unam.edu.ar\/eie\/index.php?rest_route=\/wp\/v2\/users\/1"}],"replies":[{"embeddable":true,"href":"https:\/\/www.fceqyn.unam.edu.ar\/eie\/index.php?rest_route=%2Fwp%2Fv2%2Fcomments&post=4644"}],"version-history":[{"count":1,"href":"https:\/\/www.fceqyn.unam.edu.ar\/eie\/index.php?rest_route=\/wp\/v2\/pages\/4644\/revisions"}],"predecessor-version":[{"id":4645,"href":"https:\/\/www.fceqyn.unam.edu.ar\/eie\/index.php?rest_route=\/wp\/v2\/pages\/4644\/revisions\/4645"}],"wp:attachment":[{"href":"https:\/\/www.fceqyn.unam.edu.ar\/eie\/index.php?rest_route=%2Fwp%2Fv2%2Fmedia&parent=4644"}],"curies":[{"name":"wp","href":"https:\/\/api.w.org\/{rel}","templated":true}]}}