{"id":4633,"date":"2020-10-14T16:12:30","date_gmt":"2020-10-14T16:12:30","guid":{"rendered":"https:\/\/www.fceqyn.unam.edu.ar\/eie\/?page_id=4633"},"modified":"2020-10-14T17:13:09","modified_gmt":"2020-10-14T17:13:09","slug":"perfil-del-graduado","status":"publish","type":"page","link":"https:\/\/www.fceqyn.unam.edu.ar\/eie\/?page_id=4633","title":{"rendered":"Perfil del Graduado"},"content":{"rendered":"<p>Las actividades de formaci\u00f3n propuestas en \u00e9sta especialidad apuntan al desarrollo y construcci\u00f3n de las siguientes competencias:<\/p>\n<ul>\n<li>Analizar l\u00edneas te\u00f3ricas y debates contempor\u00e1neos procedentes del campo de la investigaci\u00f3n educativa para fundamentar y formular propuestas alternativas de acci\u00f3n en contextos escolares<\/li>\n<li>Generar procesos que les posibiliten construir y desarrollar proyectos de investigaci\u00f3n educativa utilizando los paradigmas pertinentes.<\/li>\n<li>Concebir, poner en pr\u00e1ctica y adoptar procesos de investigaci\u00f3n educativa en todos los niveles y modalidades del sistema educativo, referidas a su \u00e1mbito de desempe\u00f1o.<\/li>\n<li>Integrar conocimientos y enfrentarse a la complejidad del contexto educativo desde una perspectiva \u00e9tica y social.<\/li>\n<li>Producir dispositivos metodol\u00f3gicos para la generaci\u00f3n de datos y de recursos te\u00f3ricos que permitan el desarrollo de conocimientos educativos en contextos emp\u00edricos anal\u00edticamente trabajados.<\/li>\n<\/ul>\n","protected":false},"excerpt":{"rendered":"<p>Las actividades de formaci\u00f3n propuestas en \u00e9sta especialidad apuntan al desarrollo y construcci\u00f3n de las siguientes competencias: Analizar l\u00edneas te\u00f3ricas\u2026<\/p>\n<p> <a class=\"continue-reading-link\" href=\"https:\/\/www.fceqyn.unam.edu.ar\/eie\/?page_id=4633\"><span>Leer M\u00e1s<\/span><i class=\"crycon-right-dir\"><\/i><\/a> <\/p>\n","protected":false},"author":1,"featured_media":0,"parent":0,"menu_order":0,"comment_status":"closed","ping_status":"closed","template":"templates\/template-twocolumns-left.php","meta":[],"_links":{"self":[{"href":"https:\/\/www.fceqyn.unam.edu.ar\/eie\/index.php?rest_route=\/wp\/v2\/pages\/4633"}],"collection":[{"href":"https:\/\/www.fceqyn.unam.edu.ar\/eie\/index.php?rest_route=\/wp\/v2\/pages"}],"about":[{"href":"https:\/\/www.fceqyn.unam.edu.ar\/eie\/index.php?rest_route=\/wp\/v2\/types\/page"}],"author":[{"embeddable":true,"href":"https:\/\/www.fceqyn.unam.edu.ar\/eie\/index.php?rest_route=\/wp\/v2\/users\/1"}],"replies":[{"embeddable":true,"href":"https:\/\/www.fceqyn.unam.edu.ar\/eie\/index.php?rest_route=%2Fwp%2Fv2%2Fcomments&post=4633"}],"version-history":[{"count":1,"href":"https:\/\/www.fceqyn.unam.edu.ar\/eie\/index.php?rest_route=\/wp\/v2\/pages\/4633\/revisions"}],"predecessor-version":[{"id":4634,"href":"https:\/\/www.fceqyn.unam.edu.ar\/eie\/index.php?rest_route=\/wp\/v2\/pages\/4633\/revisions\/4634"}],"wp:attachment":[{"href":"https:\/\/www.fceqyn.unam.edu.ar\/eie\/index.php?rest_route=%2Fwp%2Fv2%2Fmedia&parent=4633"}],"curies":[{"name":"wp","href":"https:\/\/api.w.org\/{rel}","templated":true}]}}