{"id":4627,"date":"2020-10-13T23:08:35","date_gmt":"2020-10-13T23:08:35","guid":{"rendered":"https:\/\/www.fceqyn.unam.edu.ar\/eie\/?page_id=4627"},"modified":"2020-10-14T17:45:55","modified_gmt":"2020-10-14T17:45:55","slug":"objetivos","status":"publish","type":"page","link":"https:\/\/www.fceqyn.unam.edu.ar\/eie\/?page_id=4627","title":{"rendered":"Objetivos"},"content":{"rendered":"<ul>\n<li>Contribuir a desarrollar una cultura de la investigaci\u00f3n como escenario b\u00e1sico y cotidiano en Educaci\u00f3n, propiciando el desarrollo de la investigaci\u00f3n, la innovaci\u00f3n en la docencia y la proyecci\u00f3n social, dentro de un esp\u00edritu de justicia, solidaridad humana y compromiso.<\/li>\n<li>Aportar a la formaci\u00f3n permanente de profesionales docentes, de todos los niveles y modalidades del sistema educativo, en condiciones de planificar, desarrollar y evaluar Proyectos de Investigaci\u00f3n en y para la Educaci\u00f3n, con fuerte compromiso \u00e9tico, pol\u00edtico y social.<\/li>\n<li>Promover un enfoque multidisciplinario de abordaje de las tem\u00e1ticas del campo educativo, que permita la integraci\u00f3n de los procesos de evaluaci\u00f3n y planificaci\u00f3n educativa.<\/li>\n<li>Potenciar las competencias y actitudes de la indagaci\u00f3n reflexiva y auto-reflexiva: interpretaci\u00f3n, an\u00e1lisis, producci\u00f3n ling\u00fc\u00edstica, pensamiento cr\u00edtico-valorativo, entusiasmo, perseverancia.<\/li>\n<\/ul>\n","protected":false},"excerpt":{"rendered":"<p>Contribuir a desarrollar una cultura de la investigaci\u00f3n como escenario b\u00e1sico y cotidiano en Educaci\u00f3n, propiciando el desarrollo de la\u2026<\/p>\n<p> <a class=\"continue-reading-link\" href=\"https:\/\/www.fceqyn.unam.edu.ar\/eie\/?page_id=4627\"><span>Leer M\u00e1s<\/span><i class=\"crycon-right-dir\"><\/i><\/a> <\/p>\n","protected":false},"author":1,"featured_media":0,"parent":0,"menu_order":0,"comment_status":"closed","ping_status":"closed","template":"templates\/template-twocolumns-left.php","meta":[],"_links":{"self":[{"href":"https:\/\/www.fceqyn.unam.edu.ar\/eie\/index.php?rest_route=\/wp\/v2\/pages\/4627"}],"collection":[{"href":"https:\/\/www.fceqyn.unam.edu.ar\/eie\/index.php?rest_route=\/wp\/v2\/pages"}],"about":[{"href":"https:\/\/www.fceqyn.unam.edu.ar\/eie\/index.php?rest_route=\/wp\/v2\/types\/page"}],"author":[{"embeddable":true,"href":"https:\/\/www.fceqyn.unam.edu.ar\/eie\/index.php?rest_route=\/wp\/v2\/users\/1"}],"replies":[{"embeddable":true,"href":"https:\/\/www.fceqyn.unam.edu.ar\/eie\/index.php?rest_route=%2Fwp%2Fv2%2Fcomments&post=4627"}],"version-history":[{"count":3,"href":"https:\/\/www.fceqyn.unam.edu.ar\/eie\/index.php?rest_route=\/wp\/v2\/pages\/4627\/revisions"}],"predecessor-version":[{"id":4660,"href":"https:\/\/www.fceqyn.unam.edu.ar\/eie\/index.php?rest_route=\/wp\/v2\/pages\/4627\/revisions\/4660"}],"wp:attachment":[{"href":"https:\/\/www.fceqyn.unam.edu.ar\/eie\/index.php?rest_route=%2Fwp%2Fv2%2Fmedia&parent=4627"}],"curies":[{"name":"wp","href":"https:\/\/api.w.org\/{rel}","templated":true}]}}