{"id":4614,"date":"2020-10-13T23:04:58","date_gmt":"2020-10-13T23:04:58","guid":{"rendered":"https:\/\/www.fceqyn.unam.edu.ar\/eie\/?page_id=4614"},"modified":"2023-03-23T19:42:23","modified_gmt":"2023-03-23T19:42:23","slug":"autoridades","status":"publish","type":"page","link":"https:\/\/www.fceqyn.unam.edu.ar\/eie\/?page_id=4614","title":{"rendered":"Autoridades"},"content":{"rendered":"<p>El cuerpo acad\u00e9mico est\u00e1 conformado por el Director de la Carrera, el Comit\u00e9 Acad\u00e9mico, los coordinadores regionales, el Cuerpo Docente y los Directores de Trabajo Final.<\/p>\n<h4><strong>DIRECTOR DE LA CARRERA:<\/strong><\/h4>\n<p>Dra. Oudin, Alicia M\u00f3nica<\/p>\n<h4><strong>COMITE ACADEMICO<\/strong><\/h4>\n<h5><u>DOCENTES INTERNOS<\/u><\/h5>\n<h5><strong>Titulares<\/strong><\/h5>\n<p>Zoppi, Ana Mar\u00eda<br \/>\nCaron\u00eda, Francisca del Socorro Silvia<br \/>\nBenitez, Margarita<br \/>\nAquino, Ivonne<\/p>\n<h5><strong>Suplentes<\/strong><\/h5>\n<p>Zarza, Jos\u00e9 ALberto<br \/>\nPastori, Mar\u00eda Cristina<br \/>\nDuarte, Carla Ver\u00f3nica<\/p>\n<h5><u>DOCENTES EXTERNOS<\/u><\/h5>\n<h5><strong>Titular<\/strong><\/h5>\n<p>Artieda, Teresa Laura<\/p>\n<h5><strong>Suplente<\/strong><\/h5>\n<p>Alcal\u00e1, Mar\u00eda Teresa<\/p>\n<h4>COORDINADOR<\/h4>\n<p>La Carrera contar\u00e1 con el apoyo administrativo de un coordinador docente que ser\u00e1 designado por el Comit\u00e9 Acad\u00e9mico.<br \/>\n<strong>Coordinadora:<\/strong> Mgter. Lagra\u00f1a, Claudia Dolores.<br \/>\n<strong>Responsable Administrativo:<\/strong> TGU. Yul\u00e1n, Cecilia Andrea.<br \/>\n<strong>Responsable Inform\u00e1tico:<\/strong> ASC. Mounier, M\u00f3nica Rosana.<br \/>\n<strong>Colaboradores:<\/strong> Lic. Narvaez, V\u00edctor Ram\u00f3n &#8211; Lic. Novo, Luciana M.<\/p>\n","protected":false},"excerpt":{"rendered":"<p>El cuerpo acad\u00e9mico est\u00e1 conformado por el Director de la Carrera, el Comit\u00e9 Acad\u00e9mico, los coordinadores regionales, el Cuerpo Docente\u2026<\/p>\n<p> <a class=\"continue-reading-link\" href=\"https:\/\/www.fceqyn.unam.edu.ar\/eie\/?page_id=4614\"><span>Leer M\u00e1s<\/span><i class=\"crycon-right-dir\"><\/i><\/a> <\/p>\n","protected":false},"author":1,"featured_media":0,"parent":0,"menu_order":0,"comment_status":"closed","ping_status":"closed","template":"templates\/template-twocolumns-left.php","meta":[],"_links":{"self":[{"href":"https:\/\/www.fceqyn.unam.edu.ar\/eie\/index.php?rest_route=\/wp\/v2\/pages\/4614"}],"collection":[{"href":"https:\/\/www.fceqyn.unam.edu.ar\/eie\/index.php?rest_route=\/wp\/v2\/pages"}],"about":[{"href":"https:\/\/www.fceqyn.unam.edu.ar\/eie\/index.php?rest_route=\/wp\/v2\/types\/page"}],"author":[{"embeddable":true,"href":"https:\/\/www.fceqyn.unam.edu.ar\/eie\/index.php?rest_route=\/wp\/v2\/users\/1"}],"replies":[{"embeddable":true,"href":"https:\/\/www.fceqyn.unam.edu.ar\/eie\/index.php?rest_route=%2Fwp%2Fv2%2Fcomments&post=4614"}],"version-history":[{"count":10,"href":"https:\/\/www.fceqyn.unam.edu.ar\/eie\/index.php?rest_route=\/wp\/v2\/pages\/4614\/revisions"}],"predecessor-version":[{"id":4671,"href":"https:\/\/www.fceqyn.unam.edu.ar\/eie\/index.php?rest_route=\/wp\/v2\/pages\/4614\/revisions\/4671"}],"wp:attachment":[{"href":"https:\/\/www.fceqyn.unam.edu.ar\/eie\/index.php?rest_route=%2Fwp%2Fv2%2Fmedia&parent=4614"}],"curies":[{"name":"wp","href":"https:\/\/api.w.org\/{rel}","templated":true}]}}