{"id":4599,"date":"2020-10-09T20:35:38","date_gmt":"2020-10-09T20:35:38","guid":{"rendered":"https:\/\/www.fceqyn.unam.edu.ar\/eie\/?page_id=4599"},"modified":"2020-10-13T18:22:58","modified_gmt":"2020-10-13T18:22:58","slug":"asd","status":"publish","type":"page","link":"https:\/\/www.fceqyn.unam.edu.ar\/eie\/","title":{"rendered":"Especializaci\u00f3n en Investigaci\u00f3n Educativa"},"content":{"rendered":"<p>Ense\u00f1anza e investigaci\u00f3n se han considerado, muchas veces, pr\u00e1cticas u oficios diferentes y hasta contrapuestos. Los enfoques y herramientas que cotidianamente son usados por los docentes para interpretar e intervenir en los procesos educativos, no son siempre conscientes. La pr\u00e1ctica de la Investigaci\u00f3n Educativa ofrece la posibilidad de desarrollar nuevos enfoques e instrumentos que redefinan esos abordajes.<\/p>\n<p>Es desde esta perspectiva cr\u00edtica que se intenta generar un espacio superador y simult\u00e1neamente articulador de tales tensiones, desde la iniciaci\u00f3n en la Investigaci\u00f3n Educativa al interior mismo del proceso de trabajo docente, en tanto se desarrollar\u00e1n pr\u00e1cticas materializadas en tareas y actividades en los espacios educativos locales y regionales, en el marco de un profundo e in\u00e9dito replanteamiento del ejercicio docente, de las nuevas tareas de la ense\u00f1anza y de las implicaciones que estas revisiones tienen en el campo de la formaci\u00f3n y el perfeccionamiento profesional permanente. Se trata de promover la tarea de investigaci\u00f3n centrada en los problemas de las pr\u00e1cticas cotidianas de los docentes en sus contextos laborales, proponiendo un modo de abordar el hecho educativo en toda su complejidad, con el fin de generar teor\u00edas para la transformaci\u00f3n de la pr\u00e1ctica. Una investigaci\u00f3n educativa que no pretenda transformar la pr\u00e1ctica no tendr\u00e1 sentido.<\/p>\n<p>Esta Carrera busca dar cumplimiento a lo prescripto en la Ley de Educaci\u00f3n Nacional N\u00b0 26.206 que, en su art. 73, inc. c establece: \u201cincentivar la investigaci\u00f3n y la innovaci\u00f3n educativas vinculadas a la tarea de ense\u00f1anza, experimentaci\u00f3n y sistematizaci\u00f3n de propuestas que aporten a la reflexi\u00f3n sobre la pr\u00e1ctica y a la renovaci\u00f3n de las pr\u00e1cticas escolares\u201d.<\/p>\n","protected":false},"excerpt":{"rendered":"<p>Ense\u00f1anza e investigaci\u00f3n se han considerado, muchas veces, pr\u00e1cticas u oficios diferentes y hasta contrapuestos. Los enfoques y herramientas que\u2026<\/p>\n<p> <a class=\"continue-reading-link\" href=\"https:\/\/www.fceqyn.unam.edu.ar\/eie\/\"><span>Leer M\u00e1s<\/span><i class=\"crycon-right-dir\"><\/i><\/a> <\/p>\n","protected":false},"author":1,"featured_media":0,"parent":0,"menu_order":0,"comment_status":"closed","ping_status":"closed","template":"templates\/template-twocolumns-left.php","meta":[],"_links":{"self":[{"href":"https:\/\/www.fceqyn.unam.edu.ar\/eie\/index.php?rest_route=\/wp\/v2\/pages\/4599"}],"collection":[{"href":"https:\/\/www.fceqyn.unam.edu.ar\/eie\/index.php?rest_route=\/wp\/v2\/pages"}],"about":[{"href":"https:\/\/www.fceqyn.unam.edu.ar\/eie\/index.php?rest_route=\/wp\/v2\/types\/page"}],"author":[{"embeddable":true,"href":"https:\/\/www.fceqyn.unam.edu.ar\/eie\/index.php?rest_route=\/wp\/v2\/users\/1"}],"replies":[{"embeddable":true,"href":"https:\/\/www.fceqyn.unam.edu.ar\/eie\/index.php?rest_route=%2Fwp%2Fv2%2Fcomments&post=4599"}],"version-history":[{"count":3,"href":"https:\/\/www.fceqyn.unam.edu.ar\/eie\/index.php?rest_route=\/wp\/v2\/pages\/4599\/revisions"}],"predecessor-version":[{"id":4604,"href":"https:\/\/www.fceqyn.unam.edu.ar\/eie\/index.php?rest_route=\/wp\/v2\/pages\/4599\/revisions\/4604"}],"wp:attachment":[{"href":"https:\/\/www.fceqyn.unam.edu.ar\/eie\/index.php?rest_route=%2Fwp%2Fv2%2Fmedia&parent=4599"}],"curies":[{"name":"wp","href":"https:\/\/api.w.org\/{rel}","templated":true}]}}